{"id":57602,"date":"2023-11-15T17:19:09","date_gmt":"2025-01-14T09:11:16","guid":{"rendered":"https:\/\/www.icy.nl\/product\/infrared-controller\/"},"modified":"2025-01-14T10:11:16","modified_gmt":"2025-01-14T09:11:16","slug":"infrared-controller","status":"publish","type":"product","link":"https:\/\/www.icy.nl\/fr\/produit\/infrared-controller\/","title":{"rendered":"InfraRed Controller"},"content":{"rendered":"<p><strong>Contr\u00f4lez votre unit\u00e9 split avec un thermostat \u00e0 minuterie ICY<\/strong><\/p>\n<p>De plus en plus de logements sont \u00e9quip\u00e9s de pompes \u00e0 chaleur air\/air avec unit\u00e9s split dans les diff\u00e9rentes pi\u00e8ces. Nous observons \u00e9galement cette tendance dans les maisons de vacances.<br \/>\nUne pompe \u00e0 chaleur peut fournir \u00e0 la fois du chauffage et du refroidissement et, en raison de la transition \u00e9nerg\u00e9tique, c&rsquo;est une bonne alternative au chauffage conventionnel avec chauffage central et au refroidissement avec climatisation. Les unit\u00e9s split sont souvent command\u00e9es au moyen d&rsquo;une t\u00e9l\u00e9commande infrarouge. Cependant, dans les maisons de vacances, l&rsquo;utilisation de t\u00e9l\u00e9commandes s\u00e9par\u00e9es n&rsquo;est pas pratique, car elles se perdent et fonctionnent sur piles. Pour cette raison, mais surtout pour permettre le contr\u00f4le \u00e0 distance des unit\u00e9s split dans ces maisons, ICY a d\u00e9velopp\u00e9 le contr\u00f4leur infrarouge ICY5313IRC. Cela a permis d&rsquo;envoyer un \u00ab accueil chaleureux \u00bb ou un \u00ab accueil frais \u00bb \u00e0 une maison, afin que les invit\u00e9s arrivent dans une maison avec un climat agr\u00e9able. De plus, les unit\u00e9s split sont mises en veille lorsqu&rsquo;il n&rsquo;y a pas de r\u00e9servation pour le bien. Les unit\u00e9s s\u00e9par\u00e9es peuvent \u00eatre r\u00e9gl\u00e9es par vos invit\u00e9s \u00e0 l&rsquo;aide de notre thermostat programmable ICY \u00e0 \u00e9conomie d&rsquo;\u00e9nergie. Le contr\u00f4leur infrarouge est configurable pour n&rsquo;importe quelle marque et type de climatiseur\/pompe \u00e0 chaleur et fonctionne sur 230 V. <\/p>\n","protected":false},"excerpt":{"rendered":"<ul>\n<li>Refroidissement et chauffage<\/li>\n<li>Communication par infrarouge<\/li>\n<li>Configurable pour n&rsquo;importe quelle marque et type<\/li>\n<li>climatisation\/pompe \u00e0 chaleur avec IR<\/li>\n<li>Peut \u00eatre contr\u00f4l\u00e9 \u00e0 partir de nos syst\u00e8mes de gestion sans fil<\/li>\n<li>Alimentation 230 V \u2013 pas de piles<\/li>\n<\/ul>\n","protected":false},"author":2946,"featured_media":52118,"template":"","meta":{"advgb_blocks_editor_width":"","advgb_blocks_columns_visual_guide":"","_genesis_hide_title":false,"_genesis_hide_breadcrumbs":false,"_genesis_hide_singular_image":false,"_genesis_hide_footer_widgets":false,"_genesis_custom_body_class":"","_genesis_custom_post_class":"","_genesis_layout":""},"product_brand":[],"product_cat":[76,77],"product_tag":[],"class_list":{"0":"post-57602","1":"product","2":"type-product","3":"status-publish","4":"has-post-thumbnail","6":"product_cat-accommodation-management-fr","7":"product_cat-campsite-management-fr","8":"entry","10":"first","11":"instock","12":"taxable","13":"shipping-taxable","14":"product-type-simple"},"yoast_head":"<!-- This site is optimized with the Yoast SEO plugin v27.3 - https:\/\/yoast.com\/product\/yoast-seo-wordpress\/ -->\n<title>InfraRed Controller - ICY<\/title>\n<meta name=\"robots\" content=\"index, follow, max-snippet:-1, max-image-preview:large, max-video-preview:-1\" \/>\n<link rel=\"canonical\" href=\"https:\/\/www.icy.nl\/fr\/produit\/infrared-controller\/\" \/>\n<meta property=\"og:locale\" content=\"fr_FR\" \/>\n<meta property=\"og:type\" content=\"article\" \/>\n<meta property=\"og:title\" content=\"InfraRed Controller - ICY\" \/>\n<meta property=\"og:description\" content=\"Refroidissement et chauffage  Communication par infrarouge  Configurable pour n&#039;importe quelle marque et type  climatisation\/pompe \u00e0 chaleur avec IR  Peut \u00eatre contr\u00f4l\u00e9 \u00e0 partir de nos syst\u00e8mes de gestion sans fil  Alimentation 230 V \u2013 pas de piles\" \/>\n<meta property=\"og:url\" content=\"https:\/\/www.icy.nl\/fr\/produit\/infrared-controller\/\" \/>\n<meta property=\"og:site_name\" content=\"ICY\" \/>\n<meta property=\"og:image\" content=\"https:\/\/www.icy.nl\/wp-content\/uploads\/2023\/11\/ICY5313IRC.jpg\" \/>\n\t<meta property=\"og:image:width\" content=\"800\" \/>\n\t<meta property=\"og:image:height\" content=\"799\" \/>\n\t<meta property=\"og:image:type\" content=\"image\/jpeg\" \/>\n<meta name=\"twitter:card\" content=\"summary_large_image\" \/>\n<meta name=\"twitter:label1\" content=\"Dur\u00e9e de lecture estim\u00e9e\" \/>\n\t<meta name=\"twitter:data1\" content=\"1 minute\" \/>\n<script type=\"application\/ld+json\" class=\"yoast-schema-graph\">{\"@context\":\"https:\\\/\\\/schema.org\",\"@graph\":[{\"@type\":\"WebPage\",\"@id\":\"https:\\\/\\\/www.icy.nl\\\/fr\\\/produit\\\/infrared-controller\\\/\",\"url\":\"https:\\\/\\\/www.icy.nl\\\/fr\\\/produit\\\/infrared-controller\\\/\",\"name\":\"InfraRed Controller - ICY\",\"isPartOf\":{\"@id\":\"https:\\\/\\\/www.icy.nl\\\/fr\\\/#website\"},\"primaryImageOfPage\":{\"@id\":\"https:\\\/\\\/www.icy.nl\\\/fr\\\/produit\\\/infrared-controller\\\/#primaryimage\"},\"image\":{\"@id\":\"https:\\\/\\\/www.icy.nl\\\/fr\\\/produit\\\/infrared-controller\\\/#primaryimage\"},\"thumbnailUrl\":\"https:\\\/\\\/www.icy.nl\\\/wp-content\\\/uploads\\\/2023\\\/11\\\/ICY5313IRC.jpg\",\"datePublished\":\"2025-01-14T09:11:16+00:00\",\"breadcrumb\":{\"@id\":\"https:\\\/\\\/www.icy.nl\\\/fr\\\/produit\\\/infrared-controller\\\/#breadcrumb\"},\"inLanguage\":\"fr-FR\",\"potentialAction\":[{\"@type\":\"ReadAction\",\"target\":[\"https:\\\/\\\/www.icy.nl\\\/fr\\\/produit\\\/infrared-controller\\\/\"]}]},{\"@type\":\"ImageObject\",\"inLanguage\":\"fr-FR\",\"@id\":\"https:\\\/\\\/www.icy.nl\\\/fr\\\/produit\\\/infrared-controller\\\/#primaryimage\",\"url\":\"https:\\\/\\\/www.icy.nl\\\/wp-content\\\/uploads\\\/2023\\\/11\\\/ICY5313IRC.jpg\",\"contentUrl\":\"https:\\\/\\\/www.icy.nl\\\/wp-content\\\/uploads\\\/2023\\\/11\\\/ICY5313IRC.jpg\",\"width\":800,\"height\":799},{\"@type\":\"BreadcrumbList\",\"@id\":\"https:\\\/\\\/www.icy.nl\\\/fr\\\/produit\\\/infrared-controller\\\/#breadcrumb\",\"itemListElement\":[{\"@type\":\"ListItem\",\"position\":1,\"name\":\"Home\",\"item\":\"https:\\\/\\\/www.icy.nl\\\/fr\\\/\"},{\"@type\":\"ListItem\",\"position\":2,\"name\":\"Produits\",\"item\":\"https:\\\/\\\/www.icy.nl\\\/fr\\\/produits\\\/\"},{\"@type\":\"ListItem\",\"position\":3,\"name\":\"InfraRed Controller\"}]},{\"@type\":\"WebSite\",\"@id\":\"https:\\\/\\\/www.icy.nl\\\/fr\\\/#website\",\"url\":\"https:\\\/\\\/www.icy.nl\\\/fr\\\/\",\"name\":\"ICY\",\"description\":\"Smartmotica solutions\",\"publisher\":{\"@id\":\"https:\\\/\\\/www.icy.nl\\\/fr\\\/#organization\"},\"potentialAction\":[{\"@type\":\"SearchAction\",\"target\":{\"@type\":\"EntryPoint\",\"urlTemplate\":\"https:\\\/\\\/www.icy.nl\\\/fr\\\/?s={search_term_string}\"},\"query-input\":{\"@type\":\"PropertyValueSpecification\",\"valueRequired\":true,\"valueName\":\"search_term_string\"}}],\"inLanguage\":\"fr-FR\"},{\"@type\":\"Organization\",\"@id\":\"https:\\\/\\\/www.icy.nl\\\/fr\\\/#organization\",\"name\":\"I.C.Y. B.V.\",\"url\":\"https:\\\/\\\/www.icy.nl\\\/fr\\\/\",\"logo\":{\"@type\":\"ImageObject\",\"inLanguage\":\"fr-FR\",\"@id\":\"https:\\\/\\\/www.icy.nl\\\/fr\\\/#\\\/schema\\\/logo\\\/image\\\/\",\"url\":\"https:\\\/\\\/www.icy.nl\\\/wp-content\\\/uploads\\\/2016\\\/11\\\/logo-icy.jpg\",\"contentUrl\":\"https:\\\/\\\/www.icy.nl\\\/wp-content\\\/uploads\\\/2016\\\/11\\\/logo-icy.jpg\",\"width\":400,\"height\":101,\"caption\":\"I.C.Y. B.V.\"},\"image\":{\"@id\":\"https:\\\/\\\/www.icy.nl\\\/fr\\\/#\\\/schema\\\/logo\\\/image\\\/\"}}]}<\/script>\n<!-- \/ Yoast SEO plugin. -->","yoast_head_json":{"title":"InfraRed Controller - ICY","robots":{"index":"index","follow":"follow","max-snippet":"max-snippet:-1","max-image-preview":"max-image-preview:large","max-video-preview":"max-video-preview:-1"},"canonical":"https:\/\/www.icy.nl\/fr\/produit\/infrared-controller\/","og_locale":"fr_FR","og_type":"article","og_title":"InfraRed Controller - ICY","og_description":"Refroidissement et chauffage  Communication par infrarouge  Configurable pour n'importe quelle marque et type  climatisation\/pompe \u00e0 chaleur avec IR  Peut \u00eatre contr\u00f4l\u00e9 \u00e0 partir de nos syst\u00e8mes de gestion sans fil  Alimentation 230 V \u2013 pas de piles","og_url":"https:\/\/www.icy.nl\/fr\/produit\/infrared-controller\/","og_site_name":"ICY","og_image":[{"width":800,"height":799,"url":"https:\/\/www.icy.nl\/wp-content\/uploads\/2023\/11\/ICY5313IRC.jpg","type":"image\/jpeg"}],"twitter_card":"summary_large_image","twitter_misc":{"Dur\u00e9e de lecture estim\u00e9e":"1 minute"},"schema":{"@context":"https:\/\/schema.org","@graph":[{"@type":"WebPage","@id":"https:\/\/www.icy.nl\/fr\/produit\/infrared-controller\/","url":"https:\/\/www.icy.nl\/fr\/produit\/infrared-controller\/","name":"InfraRed Controller - ICY","isPartOf":{"@id":"https:\/\/www.icy.nl\/fr\/#website"},"primaryImageOfPage":{"@id":"https:\/\/www.icy.nl\/fr\/produit\/infrared-controller\/#primaryimage"},"image":{"@id":"https:\/\/www.icy.nl\/fr\/produit\/infrared-controller\/#primaryimage"},"thumbnailUrl":"https:\/\/www.icy.nl\/wp-content\/uploads\/2023\/11\/ICY5313IRC.jpg","datePublished":"2025-01-14T09:11:16+00:00","breadcrumb":{"@id":"https:\/\/www.icy.nl\/fr\/produit\/infrared-controller\/#breadcrumb"},"inLanguage":"fr-FR","potentialAction":[{"@type":"ReadAction","target":["https:\/\/www.icy.nl\/fr\/produit\/infrared-controller\/"]}]},{"@type":"ImageObject","inLanguage":"fr-FR","@id":"https:\/\/www.icy.nl\/fr\/produit\/infrared-controller\/#primaryimage","url":"https:\/\/www.icy.nl\/wp-content\/uploads\/2023\/11\/ICY5313IRC.jpg","contentUrl":"https:\/\/www.icy.nl\/wp-content\/uploads\/2023\/11\/ICY5313IRC.jpg","width":800,"height":799},{"@type":"BreadcrumbList","@id":"https:\/\/www.icy.nl\/fr\/produit\/infrared-controller\/#breadcrumb","itemListElement":[{"@type":"ListItem","position":1,"name":"Home","item":"https:\/\/www.icy.nl\/fr\/"},{"@type":"ListItem","position":2,"name":"Produits","item":"https:\/\/www.icy.nl\/fr\/produits\/"},{"@type":"ListItem","position":3,"name":"InfraRed Controller"}]},{"@type":"WebSite","@id":"https:\/\/www.icy.nl\/fr\/#website","url":"https:\/\/www.icy.nl\/fr\/","name":"ICY","description":"Smartmotica solutions","publisher":{"@id":"https:\/\/www.icy.nl\/fr\/#organization"},"potentialAction":[{"@type":"SearchAction","target":{"@type":"EntryPoint","urlTemplate":"https:\/\/www.icy.nl\/fr\/?s={search_term_string}"},"query-input":{"@type":"PropertyValueSpecification","valueRequired":true,"valueName":"search_term_string"}}],"inLanguage":"fr-FR"},{"@type":"Organization","@id":"https:\/\/www.icy.nl\/fr\/#organization","name":"I.C.Y. B.V.","url":"https:\/\/www.icy.nl\/fr\/","logo":{"@type":"ImageObject","inLanguage":"fr-FR","@id":"https:\/\/www.icy.nl\/fr\/#\/schema\/logo\/image\/","url":"https:\/\/www.icy.nl\/wp-content\/uploads\/2016\/11\/logo-icy.jpg","contentUrl":"https:\/\/www.icy.nl\/wp-content\/uploads\/2016\/11\/logo-icy.jpg","width":400,"height":101,"caption":"I.C.Y. B.V."},"image":{"@id":"https:\/\/www.icy.nl\/fr\/#\/schema\/logo\/image\/"}}]}},"featured_img":"https:\/\/www.icy.nl\/wp-content\/uploads\/2023\/11\/ICY5313IRC.jpg","coauthors":[],"author_meta":{"author_link":"https:\/\/www.icy.nl\/fr\/author\/daniel\/","display_name":"Daniel van de Kamp"},"relative_dates":{"created":"Publi\u00e9 2 ans il y a","modified":"Mis \u00e0 jour 1 an il y a"},"absolute_dates":{"created":"Publi\u00e9 le 15 novembre 2023","modified":"Mise \u00e0 jour le 14 janvier 2025"},"absolute_dates_time":{"created":"Publi\u00e9 le 15 novembre 2023 17h19","modified":"Mise \u00e0 jour le 14 janvier 2025 10h11"},"featured_img_caption":"","tax_additional":{"product_brand":{"linked":[],"unlinked":[],"slug":"product_brand","name":"Marques"},"product_type":{"linked":["<a href=\"https:\/\/www.icy.nl\/fr\/?taxonomy=product_type&#038;term=simple\" class=\"advgb-post-tax-term\">simple<\/a>"],"unlinked":["<span class=\"advgb-post-tax-term\">simple<\/span>"],"slug":"product_type","name":"Type de produit"},"product_visibility":{"linked":[],"unlinked":[],"slug":"product_visibility","name":"Visibilit\u00e9 du produit"},"product_cat":{"linked":["<a href=\"https:\/\/www.icy.nl\/fr\/product-categorie\/accommodation-management-fr\/\" class=\"advgb-post-tax-term\">Accommodation Management<\/a>","<a href=\"https:\/\/www.icy.nl\/fr\/product-categorie\/campsite-management-fr\/\" class=\"advgb-post-tax-term\">Campsite Management<\/a>"],"unlinked":["<span class=\"advgb-post-tax-term\">Accommodation Management<\/span>","<span class=\"advgb-post-tax-term\">Campsite Management<\/span>"],"slug":"product_cat","name":"Cat\u00e9gories de produits"},"product_tag":{"linked":[],"unlinked":[],"slug":"product_tag","name":"\u00c9tiquettes produit"},"product_shipping_class":{"linked":[],"unlinked":[],"slug":"product_shipping_class","name":"Classe d\u2019exp\u00e9dition du produit"},"pos_product_visibility":{"linked":[],"unlinked":[],"slug":"pos_product_visibility","name":"Visibilit\u00e9 du produit sur le point de vente"},"translation_priority":{"linked":["<a href=\"https:\/\/www.icy.nl\/fr\/?taxonomy=translation_priority&#038;term=facultatif\" class=\"advgb-post-tax-term\">Facultatif<\/a>"],"unlinked":["<span class=\"advgb-post-tax-term\">Facultatif<\/span>"],"slug":"translation_priority","name":"Priorit\u00e9s de traduction"}},"series_order":"","_links":{"self":[{"href":"https:\/\/www.icy.nl\/fr\/wp-json\/wp\/v2\/product\/57602","targetHints":{"allow":["GET"]}}],"collection":[{"href":"https:\/\/www.icy.nl\/fr\/wp-json\/wp\/v2\/product"}],"about":[{"href":"https:\/\/www.icy.nl\/fr\/wp-json\/wp\/v2\/types\/product"}],"wp:featuredmedia":[{"embeddable":true,"href":"https:\/\/www.icy.nl\/fr\/wp-json\/wp\/v2\/media\/52118"}],"wp:attachment":[{"href":"https:\/\/www.icy.nl\/fr\/wp-json\/wp\/v2\/media?parent=57602"}],"wp:term":[{"taxonomy":"product_brand","embeddable":true,"href":"https:\/\/www.icy.nl\/fr\/wp-json\/wp\/v2\/product_brand?post=57602"},{"taxonomy":"product_cat","embeddable":true,"href":"https:\/\/www.icy.nl\/fr\/wp-json\/wp\/v2\/product_cat?post=57602"},{"taxonomy":"product_tag","embeddable":true,"href":"https:\/\/www.icy.nl\/fr\/wp-json\/wp\/v2\/product_tag?post=57602"}],"curies":[{"name":"wp","href":"https:\/\/api.w.org\/{rel}","templated":true}]}}