{"id":57605,"date":"2023-05-04T11:54:25","date_gmt":"2025-01-14T09:15:41","guid":{"rendered":"https:\/\/www.icy.nl\/product\/icy-pulse-reading-module-din\/"},"modified":"2025-01-14T10:15:41","modified_gmt":"2025-01-14T09:15:41","slug":"icy-pulse-reading-module-din","status":"publish","type":"product","link":"https:\/\/www.icy.nl\/fr\/produit\/icy-pulse-reading-module-din\/","title":{"rendered":"ICY Pulse Reading Module (DIN)"},"content":{"rendered":"","protected":false},"excerpt":{"rendered":"<p>L&rsquo;ICY5247PRM mesure l&rsquo;\u00e9nergie consomm\u00e9e. De plus, le PRM dispose d&rsquo;une sortie S1 qui peut \u00eatre activ\u00e9e et d\u00e9sactiv\u00e9e. Il s&rsquo;agit d&rsquo;un contact potentiellement libre. Cela permet de piloter des relais externes, mais aussi de commuter directement du 230 V. Une combinaison de ces deux fonctions permet de mettre en place des cr\u00e9dits pr\u00e9pay\u00e9s via nos syst\u00e8mes de gestion. Lorsque le cr\u00e9dit pr\u00e9pay\u00e9 est \u00e9puis\u00e9, la sortie S1 s&rsquo;\u00e9teint.<br \/>\nLe PRM envoie des alarmes lorsque :   <\/p>\n<ul>\n<li>La tension sur le PRM chute ;<\/li>\n<li>Le cr\u00e9dit pr\u00e9pay\u00e9 est presque \u00e9puis\u00e9 (\u00e0 titre d\u2019avertissement) ;<\/li>\n<li>Le cr\u00e9dit pr\u00e9pay\u00e9 a \u00e9t\u00e9 enti\u00e8rement utilis\u00e9 ;<\/li>\n<li>La puissance de pointe a \u00e9t\u00e9 d\u00e9pass\u00e9e.<\/li>\n<\/ul>\n","protected":false},"author":2946,"featured_media":50958,"template":"","meta":{"advgb_blocks_editor_width":"","advgb_blocks_columns_visual_guide":"","_genesis_hide_title":false,"_genesis_hide_breadcrumbs":false,"_genesis_hide_singular_image":false,"_genesis_hide_footer_widgets":false,"_genesis_custom_body_class":"","_genesis_custom_post_class":"","_genesis_layout":""},"product_brand":[],"product_cat":[77,164],"product_tag":[],"class_list":{"0":"post-57605","1":"product","2":"type-product","3":"status-publish","4":"has-post-thumbnail","6":"product_cat-campsite-management-fr","7":"product_cat-marina-management-fr","8":"entry","10":"first","11":"instock","12":"taxable","13":"shipping-taxable","14":"product-type-simple"},"yoast_head":"<!-- This site is optimized with the Yoast SEO plugin v27.4 - https:\/\/yoast.com\/product\/yoast-seo-wordpress\/ -->\n<title>ICY Pulse Reading Module (DIN) - ICY<\/title>\n<meta name=\"robots\" content=\"index, follow, max-snippet:-1, max-image-preview:large, max-video-preview:-1\" \/>\n<link rel=\"canonical\" href=\"https:\/\/www.icy.nl\/fr\/produit\/icy-pulse-reading-module-din\/\" \/>\n<meta property=\"og:locale\" content=\"fr_FR\" \/>\n<meta property=\"og:type\" content=\"article\" \/>\n<meta property=\"og:title\" content=\"ICY Pulse Reading Module (DIN) - ICY\" \/>\n<meta property=\"og:description\" content=\"L&#039;ICY5247PRM mesure l&#039;\u00e9nergie consomm\u00e9e. De plus, le PRM dispose d&#039;une sortie S1 qui peut \u00eatre activ\u00e9e et d\u00e9sactiv\u00e9e. Il s&#039;agit d&#039;un contact potentiellement libre. Cela permet de piloter des relais externes, mais aussi de commuter directement du 230 V. Une combinaison de ces deux fonctions permet de mettre en place des cr\u00e9dits pr\u00e9pay\u00e9s via nos syst\u00e8mes de gestion. Lorsque le cr\u00e9dit pr\u00e9pay\u00e9 est \u00e9puis\u00e9, la sortie S1 s&#039;\u00e9teint. Le PRM envoie des alarmes lorsque :     La tension sur le PRM chute ;  Le cr\u00e9dit pr\u00e9pay\u00e9 est presque \u00e9puis\u00e9 (\u00e0 titre d\u2019avertissement) ;  Le cr\u00e9dit pr\u00e9pay\u00e9 a \u00e9t\u00e9 enti\u00e8rement utilis\u00e9 ;  La puissance de pointe a \u00e9t\u00e9 d\u00e9pass\u00e9e.\" \/>\n<meta property=\"og:url\" content=\"https:\/\/www.icy.nl\/fr\/produit\/icy-pulse-reading-module-din\/\" \/>\n<meta property=\"og:site_name\" content=\"ICY\" \/>\n<meta property=\"og:image\" content=\"https:\/\/www.icy.nl\/wp-content\/uploads\/2023\/05\/5247PRM.jpg\" \/>\n\t<meta property=\"og:image:width\" content=\"1000\" \/>\n\t<meta property=\"og:image:height\" content=\"1000\" \/>\n\t<meta property=\"og:image:type\" content=\"image\/jpeg\" \/>\n<meta name=\"twitter:card\" content=\"summary_large_image\" \/>\n<script type=\"application\/ld+json\" class=\"yoast-schema-graph\">{\"@context\":\"https:\\\/\\\/schema.org\",\"@graph\":[{\"@type\":\"WebPage\",\"@id\":\"https:\\\/\\\/www.icy.nl\\\/fr\\\/produit\\\/icy-pulse-reading-module-din\\\/\",\"url\":\"https:\\\/\\\/www.icy.nl\\\/fr\\\/produit\\\/icy-pulse-reading-module-din\\\/\",\"name\":\"ICY Pulse Reading Module (DIN) - ICY\",\"isPartOf\":{\"@id\":\"https:\\\/\\\/www.icy.nl\\\/fr\\\/#website\"},\"primaryImageOfPage\":{\"@id\":\"https:\\\/\\\/www.icy.nl\\\/fr\\\/produit\\\/icy-pulse-reading-module-din\\\/#primaryimage\"},\"image\":{\"@id\":\"https:\\\/\\\/www.icy.nl\\\/fr\\\/produit\\\/icy-pulse-reading-module-din\\\/#primaryimage\"},\"thumbnailUrl\":\"https:\\\/\\\/www.icy.nl\\\/wp-content\\\/uploads\\\/2023\\\/05\\\/5247PRM.jpg\",\"datePublished\":\"2025-01-14T09:15:41+00:00\",\"breadcrumb\":{\"@id\":\"https:\\\/\\\/www.icy.nl\\\/fr\\\/produit\\\/icy-pulse-reading-module-din\\\/#breadcrumb\"},\"inLanguage\":\"fr-FR\",\"potentialAction\":[{\"@type\":\"ReadAction\",\"target\":[\"https:\\\/\\\/www.icy.nl\\\/fr\\\/produit\\\/icy-pulse-reading-module-din\\\/\"]}]},{\"@type\":\"ImageObject\",\"inLanguage\":\"fr-FR\",\"@id\":\"https:\\\/\\\/www.icy.nl\\\/fr\\\/produit\\\/icy-pulse-reading-module-din\\\/#primaryimage\",\"url\":\"https:\\\/\\\/www.icy.nl\\\/wp-content\\\/uploads\\\/2023\\\/05\\\/5247PRM.jpg\",\"contentUrl\":\"https:\\\/\\\/www.icy.nl\\\/wp-content\\\/uploads\\\/2023\\\/05\\\/5247PRM.jpg\",\"width\":1000,\"height\":1000},{\"@type\":\"BreadcrumbList\",\"@id\":\"https:\\\/\\\/www.icy.nl\\\/fr\\\/produit\\\/icy-pulse-reading-module-din\\\/#breadcrumb\",\"itemListElement\":[{\"@type\":\"ListItem\",\"position\":1,\"name\":\"Home\",\"item\":\"https:\\\/\\\/www.icy.nl\\\/fr\\\/\"},{\"@type\":\"ListItem\",\"position\":2,\"name\":\"Produits\",\"item\":\"https:\\\/\\\/www.icy.nl\\\/fr\\\/produits\\\/\"},{\"@type\":\"ListItem\",\"position\":3,\"name\":\"ICY Pulse Reading Module (DIN)\"}]},{\"@type\":\"WebSite\",\"@id\":\"https:\\\/\\\/www.icy.nl\\\/fr\\\/#website\",\"url\":\"https:\\\/\\\/www.icy.nl\\\/fr\\\/\",\"name\":\"ICY\",\"description\":\"Smartmotica solutions\",\"publisher\":{\"@id\":\"https:\\\/\\\/www.icy.nl\\\/fr\\\/#organization\"},\"potentialAction\":[{\"@type\":\"SearchAction\",\"target\":{\"@type\":\"EntryPoint\",\"urlTemplate\":\"https:\\\/\\\/www.icy.nl\\\/fr\\\/?s={search_term_string}\"},\"query-input\":{\"@type\":\"PropertyValueSpecification\",\"valueRequired\":true,\"valueName\":\"search_term_string\"}}],\"inLanguage\":\"fr-FR\"},{\"@type\":\"Organization\",\"@id\":\"https:\\\/\\\/www.icy.nl\\\/fr\\\/#organization\",\"name\":\"I.C.Y. B.V.\",\"url\":\"https:\\\/\\\/www.icy.nl\\\/fr\\\/\",\"logo\":{\"@type\":\"ImageObject\",\"inLanguage\":\"fr-FR\",\"@id\":\"https:\\\/\\\/www.icy.nl\\\/fr\\\/#\\\/schema\\\/logo\\\/image\\\/\",\"url\":\"https:\\\/\\\/www.icy.nl\\\/wp-content\\\/uploads\\\/2016\\\/11\\\/logo-icy.jpg\",\"contentUrl\":\"https:\\\/\\\/www.icy.nl\\\/wp-content\\\/uploads\\\/2016\\\/11\\\/logo-icy.jpg\",\"width\":400,\"height\":101,\"caption\":\"I.C.Y. B.V.\"},\"image\":{\"@id\":\"https:\\\/\\\/www.icy.nl\\\/fr\\\/#\\\/schema\\\/logo\\\/image\\\/\"}}]}<\/script>\n<!-- \/ Yoast SEO plugin. -->","yoast_head_json":{"title":"ICY Pulse Reading Module (DIN) - ICY","robots":{"index":"index","follow":"follow","max-snippet":"max-snippet:-1","max-image-preview":"max-image-preview:large","max-video-preview":"max-video-preview:-1"},"canonical":"https:\/\/www.icy.nl\/fr\/produit\/icy-pulse-reading-module-din\/","og_locale":"fr_FR","og_type":"article","og_title":"ICY Pulse Reading Module (DIN) - ICY","og_description":"L'ICY5247PRM mesure l'\u00e9nergie consomm\u00e9e. De plus, le PRM dispose d'une sortie S1 qui peut \u00eatre activ\u00e9e et d\u00e9sactiv\u00e9e. Il s'agit d'un contact potentiellement libre. Cela permet de piloter des relais externes, mais aussi de commuter directement du 230 V. Une combinaison de ces deux fonctions permet de mettre en place des cr\u00e9dits pr\u00e9pay\u00e9s via nos syst\u00e8mes de gestion. Lorsque le cr\u00e9dit pr\u00e9pay\u00e9 est \u00e9puis\u00e9, la sortie S1 s'\u00e9teint. Le PRM envoie des alarmes lorsque :     La tension sur le PRM chute ;  Le cr\u00e9dit pr\u00e9pay\u00e9 est presque \u00e9puis\u00e9 (\u00e0 titre d\u2019avertissement) ;  Le cr\u00e9dit pr\u00e9pay\u00e9 a \u00e9t\u00e9 enti\u00e8rement utilis\u00e9 ;  La puissance de pointe a \u00e9t\u00e9 d\u00e9pass\u00e9e.","og_url":"https:\/\/www.icy.nl\/fr\/produit\/icy-pulse-reading-module-din\/","og_site_name":"ICY","og_image":[{"width":1000,"height":1000,"url":"https:\/\/www.icy.nl\/wp-content\/uploads\/2023\/05\/5247PRM.jpg","type":"image\/jpeg"}],"twitter_card":"summary_large_image","schema":{"@context":"https:\/\/schema.org","@graph":[{"@type":"WebPage","@id":"https:\/\/www.icy.nl\/fr\/produit\/icy-pulse-reading-module-din\/","url":"https:\/\/www.icy.nl\/fr\/produit\/icy-pulse-reading-module-din\/","name":"ICY Pulse Reading Module (DIN) - ICY","isPartOf":{"@id":"https:\/\/www.icy.nl\/fr\/#website"},"primaryImageOfPage":{"@id":"https:\/\/www.icy.nl\/fr\/produit\/icy-pulse-reading-module-din\/#primaryimage"},"image":{"@id":"https:\/\/www.icy.nl\/fr\/produit\/icy-pulse-reading-module-din\/#primaryimage"},"thumbnailUrl":"https:\/\/www.icy.nl\/wp-content\/uploads\/2023\/05\/5247PRM.jpg","datePublished":"2025-01-14T09:15:41+00:00","breadcrumb":{"@id":"https:\/\/www.icy.nl\/fr\/produit\/icy-pulse-reading-module-din\/#breadcrumb"},"inLanguage":"fr-FR","potentialAction":[{"@type":"ReadAction","target":["https:\/\/www.icy.nl\/fr\/produit\/icy-pulse-reading-module-din\/"]}]},{"@type":"ImageObject","inLanguage":"fr-FR","@id":"https:\/\/www.icy.nl\/fr\/produit\/icy-pulse-reading-module-din\/#primaryimage","url":"https:\/\/www.icy.nl\/wp-content\/uploads\/2023\/05\/5247PRM.jpg","contentUrl":"https:\/\/www.icy.nl\/wp-content\/uploads\/2023\/05\/5247PRM.jpg","width":1000,"height":1000},{"@type":"BreadcrumbList","@id":"https:\/\/www.icy.nl\/fr\/produit\/icy-pulse-reading-module-din\/#breadcrumb","itemListElement":[{"@type":"ListItem","position":1,"name":"Home","item":"https:\/\/www.icy.nl\/fr\/"},{"@type":"ListItem","position":2,"name":"Produits","item":"https:\/\/www.icy.nl\/fr\/produits\/"},{"@type":"ListItem","position":3,"name":"ICY Pulse Reading Module (DIN)"}]},{"@type":"WebSite","@id":"https:\/\/www.icy.nl\/fr\/#website","url":"https:\/\/www.icy.nl\/fr\/","name":"ICY","description":"Smartmotica solutions","publisher":{"@id":"https:\/\/www.icy.nl\/fr\/#organization"},"potentialAction":[{"@type":"SearchAction","target":{"@type":"EntryPoint","urlTemplate":"https:\/\/www.icy.nl\/fr\/?s={search_term_string}"},"query-input":{"@type":"PropertyValueSpecification","valueRequired":true,"valueName":"search_term_string"}}],"inLanguage":"fr-FR"},{"@type":"Organization","@id":"https:\/\/www.icy.nl\/fr\/#organization","name":"I.C.Y. B.V.","url":"https:\/\/www.icy.nl\/fr\/","logo":{"@type":"ImageObject","inLanguage":"fr-FR","@id":"https:\/\/www.icy.nl\/fr\/#\/schema\/logo\/image\/","url":"https:\/\/www.icy.nl\/wp-content\/uploads\/2016\/11\/logo-icy.jpg","contentUrl":"https:\/\/www.icy.nl\/wp-content\/uploads\/2016\/11\/logo-icy.jpg","width":400,"height":101,"caption":"I.C.Y. B.V."},"image":{"@id":"https:\/\/www.icy.nl\/fr\/#\/schema\/logo\/image\/"}}]}},"featured_img":"https:\/\/www.icy.nl\/wp-content\/uploads\/2023\/05\/5247PRM.jpg","coauthors":[],"author_meta":{"author_link":"https:\/\/www.icy.nl\/fr\/author\/daniel\/","display_name":"Daniel van de Kamp"},"relative_dates":{"created":"Publi\u00e9 3 ans il y a","modified":"Mis \u00e0 jour 1 an il y a"},"absolute_dates":{"created":"Publi\u00e9 le 4 mai 2023","modified":"Mise \u00e0 jour le 14 janvier 2025"},"absolute_dates_time":{"created":"Publi\u00e9 le 4 mai 2023 11h54","modified":"Mise \u00e0 jour le 14 janvier 2025 10h15"},"featured_img_caption":"","tax_additional":{"product_brand":{"linked":[],"unlinked":[],"slug":"product_brand","name":"Marques"},"product_type":{"linked":["<a href=\"https:\/\/www.icy.nl\/fr\/?taxonomy=product_type&#038;term=simple\" class=\"advgb-post-tax-term\">simple<\/a>"],"unlinked":["<span class=\"advgb-post-tax-term\">simple<\/span>"],"slug":"product_type","name":"Type de produit"},"product_visibility":{"linked":[],"unlinked":[],"slug":"product_visibility","name":"Visibilit\u00e9 du produit"},"product_cat":{"linked":["<a href=\"https:\/\/www.icy.nl\/fr\/product-categorie\/campsite-management-fr\/\" class=\"advgb-post-tax-term\">Campsite Management<\/a>","<a href=\"https:\/\/www.icy.nl\/fr\/product-categorie\/marina-management-fr\/\" class=\"advgb-post-tax-term\">Marina Management<\/a>"],"unlinked":["<span class=\"advgb-post-tax-term\">Campsite Management<\/span>","<span class=\"advgb-post-tax-term\">Marina Management<\/span>"],"slug":"product_cat","name":"Cat\u00e9gories de produits"},"product_tag":{"linked":[],"unlinked":[],"slug":"product_tag","name":"\u00c9tiquettes produit"},"product_shipping_class":{"linked":[],"unlinked":[],"slug":"product_shipping_class","name":"Classe d\u2019exp\u00e9dition du produit"},"pos_product_visibility":{"linked":[],"unlinked":[],"slug":"pos_product_visibility","name":"Visibilit\u00e9 du produit sur le point de vente"},"translation_priority":{"linked":["<a href=\"https:\/\/www.icy.nl\/fr\/?taxonomy=translation_priority&#038;term=hoge-prioriteit-fr\" class=\"advgb-post-tax-term\">hoge prioriteit<\/a>"],"unlinked":["<span class=\"advgb-post-tax-term\">hoge prioriteit<\/span>"],"slug":"translation_priority","name":"Priorit\u00e9s de traduction"}},"series_order":"","_links":{"self":[{"href":"https:\/\/www.icy.nl\/fr\/wp-json\/wp\/v2\/product\/57605","targetHints":{"allow":["GET"]}}],"collection":[{"href":"https:\/\/www.icy.nl\/fr\/wp-json\/wp\/v2\/product"}],"about":[{"href":"https:\/\/www.icy.nl\/fr\/wp-json\/wp\/v2\/types\/product"}],"wp:featuredmedia":[{"embeddable":true,"href":"https:\/\/www.icy.nl\/fr\/wp-json\/wp\/v2\/media\/50958"}],"wp:attachment":[{"href":"https:\/\/www.icy.nl\/fr\/wp-json\/wp\/v2\/media?parent=57605"}],"wp:term":[{"taxonomy":"product_brand","embeddable":true,"href":"https:\/\/www.icy.nl\/fr\/wp-json\/wp\/v2\/product_brand?post=57605"},{"taxonomy":"product_cat","embeddable":true,"href":"https:\/\/www.icy.nl\/fr\/wp-json\/wp\/v2\/product_cat?post=57605"},{"taxonomy":"product_tag","embeddable":true,"href":"https:\/\/www.icy.nl\/fr\/wp-json\/wp\/v2\/product_tag?post=57605"}],"curies":[{"name":"wp","href":"https:\/\/api.w.org\/{rel}","templated":true}]}}