{"id":57611,"date":"2020-09-29T07:34:43","date_gmt":"2025-01-14T09:29:39","guid":{"rendered":"https:\/\/www.icy.nl\/product\/module-de-camping-car-avec-ensemble-de-disjoncteurs-differentiels\/"},"modified":"2025-01-14T10:29:39","modified_gmt":"2025-01-14T09:29:39","slug":"module-de-camping-car-avec-ensemble-de-disjoncteurs-differentiels","status":"publish","type":"product","link":"https:\/\/www.icy.nl\/fr\/produit\/module-de-camping-car-avec-ensemble-de-disjoncteurs-differentiels\/","title":{"rendered":"Module de camping-car avec ensemble de disjoncteurs diff\u00e9rentiels"},"content":{"rendered":"","protected":false},"excerpt":{"rendered":"<p>Module de camping-car ICY5035CA avec disjoncteur diff\u00e9rentiel (DIN) 16A &#8211; ensemble Le module de camping-car peut \u00eatre r\u00e9gl\u00e9 \u00e0 distance sur un amp\u00e9rage sp\u00e9cifique via <a href=\"https:\/\/www.icy.nl\/draadloos-stroombeheer-campings\/\">ICY Campsite Management<\/a> ou <a href=\"https:\/\/www.icy.nl\/icy-marina-management-draadloos-stroombeheer-op-jachthavens\/\">ICY Marina Management<\/a>. C&rsquo;est aussi un compteur qui permet de suivre la quantit\u00e9 d&rsquo;\u00e9lectricit\u00e9 consomm\u00e9e. Il peut \u00eatre mont\u00e9 sur un rail DIN.<br \/>\nLe module est certifi\u00e9 MID et commute jusqu&rsquo;\u00e0 un maximum de 16 A. Cet ensemble comprend \u00e9galement un disjoncteur diff\u00e9rentiel de 16 A. Ce disjoncteur diff\u00e9rentiel homologu\u00e9 est de la marque C-Pak et mesure 1 module de large. En plus d&rsquo;un disjoncteur diff\u00e9rentiel, un disjoncteur diff\u00e9rentiel contient \u00e9galement un disjoncteur d&rsquo;installation. Cela fait du disjoncteur diff\u00e9rentiel un dispositif de protection qui r\u00e9agit aux courants de fuite, aux courts-circuits et aux surintensit\u00e9s qui surviennent en cas de surcharge. Le disjoncteur diff\u00e9rentiel regroupe toutes ces protections dans un bo\u00eetier compact de seulement 18 mm de large, ce qui permet de gagner beaucoup de place dans vos armoires. En choisissant un disjoncteur diff\u00e9rentiel de 16 A, le module ICY Camp\u00e8re peut \u00e9galement \u00eatre configur\u00e9 de mani\u00e8re flexible jusqu&rsquo;\u00e0 16 A. Le logiciel conna\u00eet la capacit\u00e9 totale du camping et veille \u00e0 ce qu&rsquo;il ne soit pas surcharg\u00e9. Cela signifie qu&rsquo;il n&rsquo;est pas n\u00e9cessaire d&rsquo;augmenter le poids des c\u00e2bles et des fusibles principaux. Cela vous donne un disjoncteur de fuite \u00e0 la terre par emplacement. Les installations anciennes disposent souvent d&rsquo;un disjoncteur diff\u00e9rentiel pour 4 emplacements. Si une personne provoque un court-circuit dans cette situation, 4 endroits n&rsquo;auront plus de courant. Cela rend le probl\u00e8me beaucoup plus urgent et \u00e9galement plus difficile \u00e0 trouver. Le disjoncteur diff\u00e9rentiel n&rsquo;a qu&rsquo;une largeur d&rsquo;un seul module. Cela signifie qu&rsquo;il trouve toujours sa place dans le placard car il remplace les anciennes machines. Dans certains cas, cela cr\u00e9e r\u00e9ellement de l\u2019espace.<\/p>\n","protected":false},"author":2946,"featured_media":32401,"template":"","meta":{"advgb_blocks_editor_width":"","advgb_blocks_columns_visual_guide":"","_genesis_hide_title":false,"_genesis_hide_breadcrumbs":false,"_genesis_hide_singular_image":false,"_genesis_hide_footer_widgets":false,"_genesis_custom_body_class":"","_genesis_custom_post_class":"","_genesis_layout":""},"product_brand":[],"product_cat":[77,164],"product_tag":[],"class_list":{"0":"post-57611","1":"product","2":"type-product","3":"status-publish","4":"has-post-thumbnail","6":"product_cat-campsite-management-fr","7":"product_cat-marina-management-fr","8":"entry","10":"first","11":"instock","12":"taxable","13":"shipping-taxable","14":"product-type-simple"},"yoast_head":"<!-- This site is optimized with the Yoast SEO plugin v27.3 - https:\/\/yoast.com\/product\/yoast-seo-wordpress\/ -->\n<title>Module de camping-car avec ensemble de disjoncteurs diff\u00e9rentiels - ICY<\/title>\n<meta name=\"robots\" content=\"index, follow, max-snippet:-1, max-image-preview:large, max-video-preview:-1\" \/>\n<link rel=\"canonical\" href=\"https:\/\/www.icy.nl\/fr\/produit\/module-de-camping-car-avec-ensemble-de-disjoncteurs-differentiels\/\" \/>\n<meta property=\"og:locale\" content=\"fr_FR\" \/>\n<meta property=\"og:type\" content=\"article\" \/>\n<meta property=\"og:title\" content=\"Module de camping-car avec ensemble de disjoncteurs diff\u00e9rentiels - ICY\" \/>\n<meta property=\"og:description\" content=\"Module de camping-car ICY5035CA avec disjoncteur diff\u00e9rentiel (DIN) 16A - ensemble Le module de camping-car peut \u00eatre r\u00e9gl\u00e9 \u00e0 distance sur un amp\u00e9rage sp\u00e9cifique via ICY Campsite Management ou ICY Marina Management. C&#039;est aussi un compteur qui permet de suivre la quantit\u00e9 d&#039;\u00e9lectricit\u00e9 consomm\u00e9e. Il peut \u00eatre mont\u00e9 sur un rail DIN. Le module est certifi\u00e9 MID et commute jusqu&#039;\u00e0 un maximum de 16 A. Cet ensemble comprend \u00e9galement un disjoncteur diff\u00e9rentiel de 16 A. Ce disjoncteur diff\u00e9rentiel homologu\u00e9 est de la marque C-Pak et mesure 1 module de large. En plus d&#039;un disjoncteur diff\u00e9rentiel, un disjoncteur diff\u00e9rentiel contient \u00e9galement un disjoncteur d&#039;installation. Cela fait du disjoncteur diff\u00e9rentiel un dispositif de protection qui r\u00e9agit aux courants de fuite, aux courts-circuits et aux surintensit\u00e9s qui surviennent en cas de surcharge. Le disjoncteur diff\u00e9rentiel regroupe toutes ces protections dans un bo\u00eetier compact de seulement 18 mm de large, ce qui permet de gagner beaucoup de place dans vos armoires. En choisissant un disjoncteur diff\u00e9rentiel de 16 A, le module ICY Camp\u00e8re peut \u00e9galement \u00eatre configur\u00e9 de mani\u00e8re flexible jusqu&#039;\u00e0 16 A. Le logiciel conna\u00eet la capacit\u00e9 totale du camping et veille \u00e0 ce qu&#039;il ne soit pas surcharg\u00e9. Cela signifie qu&#039;il n&#039;est pas n\u00e9cessaire d&#039;augmenter le poids des c\u00e2bles et des fusibles principaux. Cela vous donne un disjoncteur de fuite \u00e0 la terre par emplacement. Les installations anciennes disposent souvent d&#039;un disjoncteur diff\u00e9rentiel pour 4 emplacements. Si une personne provoque un court-circuit dans cette situation, 4 endroits n&#039;auront plus de courant. Cela rend le probl\u00e8me beaucoup plus urgent et \u00e9galement plus difficile \u00e0 trouver. Le disjoncteur diff\u00e9rentiel n&#039;a qu&#039;une largeur d&#039;un seul module. Cela signifie qu&#039;il trouve toujours sa place dans le placard car il remplace les anciennes machines. Dans certains cas, cela cr\u00e9e r\u00e9ellement de l\u2019espace.\" \/>\n<meta property=\"og:url\" content=\"https:\/\/www.icy.nl\/fr\/produit\/module-de-camping-car-avec-ensemble-de-disjoncteurs-differentiels\/\" \/>\n<meta property=\"og:site_name\" content=\"ICY\" \/>\n<meta property=\"og:image\" content=\"https:\/\/www.icy.nl\/wp-content\/uploads\/2020\/09\/5035CA-aardlekautomaat-campere-module.jpg\" \/>\n\t<meta property=\"og:image:width\" content=\"800\" \/>\n\t<meta property=\"og:image:height\" content=\"800\" \/>\n\t<meta property=\"og:image:type\" content=\"image\/jpeg\" \/>\n<meta name=\"twitter:card\" content=\"summary_large_image\" \/>\n<script type=\"application\/ld+json\" class=\"yoast-schema-graph\">{\"@context\":\"https:\\\/\\\/schema.org\",\"@graph\":[{\"@type\":\"WebPage\",\"@id\":\"https:\\\/\\\/www.icy.nl\\\/fr\\\/produit\\\/module-de-camping-car-avec-ensemble-de-disjoncteurs-differentiels\\\/\",\"url\":\"https:\\\/\\\/www.icy.nl\\\/fr\\\/produit\\\/module-de-camping-car-avec-ensemble-de-disjoncteurs-differentiels\\\/\",\"name\":\"Module de camping-car avec ensemble de disjoncteurs diff\u00e9rentiels - ICY\",\"isPartOf\":{\"@id\":\"https:\\\/\\\/www.icy.nl\\\/fr\\\/#website\"},\"primaryImageOfPage\":{\"@id\":\"https:\\\/\\\/www.icy.nl\\\/fr\\\/produit\\\/module-de-camping-car-avec-ensemble-de-disjoncteurs-differentiels\\\/#primaryimage\"},\"image\":{\"@id\":\"https:\\\/\\\/www.icy.nl\\\/fr\\\/produit\\\/module-de-camping-car-avec-ensemble-de-disjoncteurs-differentiels\\\/#primaryimage\"},\"thumbnailUrl\":\"https:\\\/\\\/www.icy.nl\\\/wp-content\\\/uploads\\\/2020\\\/09\\\/5035CA-aardlekautomaat-campere-module.jpg\",\"datePublished\":\"2025-01-14T09:29:39+00:00\",\"breadcrumb\":{\"@id\":\"https:\\\/\\\/www.icy.nl\\\/fr\\\/produit\\\/module-de-camping-car-avec-ensemble-de-disjoncteurs-differentiels\\\/#breadcrumb\"},\"inLanguage\":\"fr-FR\",\"potentialAction\":[{\"@type\":\"ReadAction\",\"target\":[\"https:\\\/\\\/www.icy.nl\\\/fr\\\/produit\\\/module-de-camping-car-avec-ensemble-de-disjoncteurs-differentiels\\\/\"]}]},{\"@type\":\"ImageObject\",\"inLanguage\":\"fr-FR\",\"@id\":\"https:\\\/\\\/www.icy.nl\\\/fr\\\/produit\\\/module-de-camping-car-avec-ensemble-de-disjoncteurs-differentiels\\\/#primaryimage\",\"url\":\"https:\\\/\\\/www.icy.nl\\\/wp-content\\\/uploads\\\/2020\\\/09\\\/5035CA-aardlekautomaat-campere-module.jpg\",\"contentUrl\":\"https:\\\/\\\/www.icy.nl\\\/wp-content\\\/uploads\\\/2020\\\/09\\\/5035CA-aardlekautomaat-campere-module.jpg\",\"width\":800,\"height\":800},{\"@type\":\"BreadcrumbList\",\"@id\":\"https:\\\/\\\/www.icy.nl\\\/fr\\\/produit\\\/module-de-camping-car-avec-ensemble-de-disjoncteurs-differentiels\\\/#breadcrumb\",\"itemListElement\":[{\"@type\":\"ListItem\",\"position\":1,\"name\":\"Home\",\"item\":\"https:\\\/\\\/www.icy.nl\\\/fr\\\/\"},{\"@type\":\"ListItem\",\"position\":2,\"name\":\"Produits\",\"item\":\"https:\\\/\\\/www.icy.nl\\\/fr\\\/produits\\\/\"},{\"@type\":\"ListItem\",\"position\":3,\"name\":\"Module de camping-car avec ensemble de disjoncteurs diff\u00e9rentiels\"}]},{\"@type\":\"WebSite\",\"@id\":\"https:\\\/\\\/www.icy.nl\\\/fr\\\/#website\",\"url\":\"https:\\\/\\\/www.icy.nl\\\/fr\\\/\",\"name\":\"ICY\",\"description\":\"Smartmotica solutions\",\"publisher\":{\"@id\":\"https:\\\/\\\/www.icy.nl\\\/fr\\\/#organization\"},\"potentialAction\":[{\"@type\":\"SearchAction\",\"target\":{\"@type\":\"EntryPoint\",\"urlTemplate\":\"https:\\\/\\\/www.icy.nl\\\/fr\\\/?s={search_term_string}\"},\"query-input\":{\"@type\":\"PropertyValueSpecification\",\"valueRequired\":true,\"valueName\":\"search_term_string\"}}],\"inLanguage\":\"fr-FR\"},{\"@type\":\"Organization\",\"@id\":\"https:\\\/\\\/www.icy.nl\\\/fr\\\/#organization\",\"name\":\"I.C.Y. B.V.\",\"url\":\"https:\\\/\\\/www.icy.nl\\\/fr\\\/\",\"logo\":{\"@type\":\"ImageObject\",\"inLanguage\":\"fr-FR\",\"@id\":\"https:\\\/\\\/www.icy.nl\\\/fr\\\/#\\\/schema\\\/logo\\\/image\\\/\",\"url\":\"https:\\\/\\\/www.icy.nl\\\/wp-content\\\/uploads\\\/2016\\\/11\\\/logo-icy.jpg\",\"contentUrl\":\"https:\\\/\\\/www.icy.nl\\\/wp-content\\\/uploads\\\/2016\\\/11\\\/logo-icy.jpg\",\"width\":400,\"height\":101,\"caption\":\"I.C.Y. B.V.\"},\"image\":{\"@id\":\"https:\\\/\\\/www.icy.nl\\\/fr\\\/#\\\/schema\\\/logo\\\/image\\\/\"}}]}<\/script>\n<!-- \/ Yoast SEO plugin. -->","yoast_head_json":{"title":"Module de camping-car avec ensemble de disjoncteurs diff\u00e9rentiels - ICY","robots":{"index":"index","follow":"follow","max-snippet":"max-snippet:-1","max-image-preview":"max-image-preview:large","max-video-preview":"max-video-preview:-1"},"canonical":"https:\/\/www.icy.nl\/fr\/produit\/module-de-camping-car-avec-ensemble-de-disjoncteurs-differentiels\/","og_locale":"fr_FR","og_type":"article","og_title":"Module de camping-car avec ensemble de disjoncteurs diff\u00e9rentiels - ICY","og_description":"Module de camping-car ICY5035CA avec disjoncteur diff\u00e9rentiel (DIN) 16A - ensemble Le module de camping-car peut \u00eatre r\u00e9gl\u00e9 \u00e0 distance sur un amp\u00e9rage sp\u00e9cifique via ICY Campsite Management ou ICY Marina Management. C'est aussi un compteur qui permet de suivre la quantit\u00e9 d'\u00e9lectricit\u00e9 consomm\u00e9e. Il peut \u00eatre mont\u00e9 sur un rail DIN. Le module est certifi\u00e9 MID et commute jusqu'\u00e0 un maximum de 16 A. Cet ensemble comprend \u00e9galement un disjoncteur diff\u00e9rentiel de 16 A. Ce disjoncteur diff\u00e9rentiel homologu\u00e9 est de la marque C-Pak et mesure 1 module de large. En plus d'un disjoncteur diff\u00e9rentiel, un disjoncteur diff\u00e9rentiel contient \u00e9galement un disjoncteur d'installation. Cela fait du disjoncteur diff\u00e9rentiel un dispositif de protection qui r\u00e9agit aux courants de fuite, aux courts-circuits et aux surintensit\u00e9s qui surviennent en cas de surcharge. Le disjoncteur diff\u00e9rentiel regroupe toutes ces protections dans un bo\u00eetier compact de seulement 18 mm de large, ce qui permet de gagner beaucoup de place dans vos armoires. En choisissant un disjoncteur diff\u00e9rentiel de 16 A, le module ICY Camp\u00e8re peut \u00e9galement \u00eatre configur\u00e9 de mani\u00e8re flexible jusqu'\u00e0 16 A. Le logiciel conna\u00eet la capacit\u00e9 totale du camping et veille \u00e0 ce qu'il ne soit pas surcharg\u00e9. Cela signifie qu'il n'est pas n\u00e9cessaire d'augmenter le poids des c\u00e2bles et des fusibles principaux. Cela vous donne un disjoncteur de fuite \u00e0 la terre par emplacement. Les installations anciennes disposent souvent d'un disjoncteur diff\u00e9rentiel pour 4 emplacements. Si une personne provoque un court-circuit dans cette situation, 4 endroits n'auront plus de courant. Cela rend le probl\u00e8me beaucoup plus urgent et \u00e9galement plus difficile \u00e0 trouver. Le disjoncteur diff\u00e9rentiel n'a qu'une largeur d'un seul module. Cela signifie qu'il trouve toujours sa place dans le placard car il remplace les anciennes machines. Dans certains cas, cela cr\u00e9e r\u00e9ellement de l\u2019espace.","og_url":"https:\/\/www.icy.nl\/fr\/produit\/module-de-camping-car-avec-ensemble-de-disjoncteurs-differentiels\/","og_site_name":"ICY","og_image":[{"width":800,"height":800,"url":"https:\/\/www.icy.nl\/wp-content\/uploads\/2020\/09\/5035CA-aardlekautomaat-campere-module.jpg","type":"image\/jpeg"}],"twitter_card":"summary_large_image","schema":{"@context":"https:\/\/schema.org","@graph":[{"@type":"WebPage","@id":"https:\/\/www.icy.nl\/fr\/produit\/module-de-camping-car-avec-ensemble-de-disjoncteurs-differentiels\/","url":"https:\/\/www.icy.nl\/fr\/produit\/module-de-camping-car-avec-ensemble-de-disjoncteurs-differentiels\/","name":"Module de camping-car avec ensemble de disjoncteurs diff\u00e9rentiels - ICY","isPartOf":{"@id":"https:\/\/www.icy.nl\/fr\/#website"},"primaryImageOfPage":{"@id":"https:\/\/www.icy.nl\/fr\/produit\/module-de-camping-car-avec-ensemble-de-disjoncteurs-differentiels\/#primaryimage"},"image":{"@id":"https:\/\/www.icy.nl\/fr\/produit\/module-de-camping-car-avec-ensemble-de-disjoncteurs-differentiels\/#primaryimage"},"thumbnailUrl":"https:\/\/www.icy.nl\/wp-content\/uploads\/2020\/09\/5035CA-aardlekautomaat-campere-module.jpg","datePublished":"2025-01-14T09:29:39+00:00","breadcrumb":{"@id":"https:\/\/www.icy.nl\/fr\/produit\/module-de-camping-car-avec-ensemble-de-disjoncteurs-differentiels\/#breadcrumb"},"inLanguage":"fr-FR","potentialAction":[{"@type":"ReadAction","target":["https:\/\/www.icy.nl\/fr\/produit\/module-de-camping-car-avec-ensemble-de-disjoncteurs-differentiels\/"]}]},{"@type":"ImageObject","inLanguage":"fr-FR","@id":"https:\/\/www.icy.nl\/fr\/produit\/module-de-camping-car-avec-ensemble-de-disjoncteurs-differentiels\/#primaryimage","url":"https:\/\/www.icy.nl\/wp-content\/uploads\/2020\/09\/5035CA-aardlekautomaat-campere-module.jpg","contentUrl":"https:\/\/www.icy.nl\/wp-content\/uploads\/2020\/09\/5035CA-aardlekautomaat-campere-module.jpg","width":800,"height":800},{"@type":"BreadcrumbList","@id":"https:\/\/www.icy.nl\/fr\/produit\/module-de-camping-car-avec-ensemble-de-disjoncteurs-differentiels\/#breadcrumb","itemListElement":[{"@type":"ListItem","position":1,"name":"Home","item":"https:\/\/www.icy.nl\/fr\/"},{"@type":"ListItem","position":2,"name":"Produits","item":"https:\/\/www.icy.nl\/fr\/produits\/"},{"@type":"ListItem","position":3,"name":"Module de camping-car avec ensemble de disjoncteurs diff\u00e9rentiels"}]},{"@type":"WebSite","@id":"https:\/\/www.icy.nl\/fr\/#website","url":"https:\/\/www.icy.nl\/fr\/","name":"ICY","description":"Smartmotica solutions","publisher":{"@id":"https:\/\/www.icy.nl\/fr\/#organization"},"potentialAction":[{"@type":"SearchAction","target":{"@type":"EntryPoint","urlTemplate":"https:\/\/www.icy.nl\/fr\/?s={search_term_string}"},"query-input":{"@type":"PropertyValueSpecification","valueRequired":true,"valueName":"search_term_string"}}],"inLanguage":"fr-FR"},{"@type":"Organization","@id":"https:\/\/www.icy.nl\/fr\/#organization","name":"I.C.Y. B.V.","url":"https:\/\/www.icy.nl\/fr\/","logo":{"@type":"ImageObject","inLanguage":"fr-FR","@id":"https:\/\/www.icy.nl\/fr\/#\/schema\/logo\/image\/","url":"https:\/\/www.icy.nl\/wp-content\/uploads\/2016\/11\/logo-icy.jpg","contentUrl":"https:\/\/www.icy.nl\/wp-content\/uploads\/2016\/11\/logo-icy.jpg","width":400,"height":101,"caption":"I.C.Y. B.V."},"image":{"@id":"https:\/\/www.icy.nl\/fr\/#\/schema\/logo\/image\/"}}]}},"featured_img":"https:\/\/www.icy.nl\/wp-content\/uploads\/2020\/09\/5035CA-aardlekautomaat-campere-module.jpg","coauthors":[],"author_meta":{"author_link":"https:\/\/www.icy.nl\/fr\/author\/daniel\/","display_name":"Daniel van de Kamp"},"relative_dates":{"created":"Publi\u00e9 6 ans il y a","modified":"Mis \u00e0 jour 1 an il y a"},"absolute_dates":{"created":"Publi\u00e9 le 29 septembre 2020","modified":"Mise \u00e0 jour le 14 janvier 2025"},"absolute_dates_time":{"created":"Publi\u00e9 le 29 septembre 2020 7h34","modified":"Mise \u00e0 jour le 14 janvier 2025 10h29"},"featured_img_caption":"","tax_additional":{"product_brand":{"linked":[],"unlinked":[],"slug":"product_brand","name":"Marques"},"product_type":{"linked":["<a href=\"https:\/\/www.icy.nl\/fr\/?taxonomy=product_type&#038;term=simple\" class=\"advgb-post-tax-term\">simple<\/a>"],"unlinked":["<span class=\"advgb-post-tax-term\">simple<\/span>"],"slug":"product_type","name":"Type de produit"},"product_visibility":{"linked":[],"unlinked":[],"slug":"product_visibility","name":"Visibilit\u00e9 du produit"},"product_cat":{"linked":["<a href=\"https:\/\/www.icy.nl\/fr\/product-categorie\/campsite-management-fr\/\" class=\"advgb-post-tax-term\">Campsite Management<\/a>","<a href=\"https:\/\/www.icy.nl\/fr\/product-categorie\/marina-management-fr\/\" class=\"advgb-post-tax-term\">Marina Management<\/a>"],"unlinked":["<span class=\"advgb-post-tax-term\">Campsite Management<\/span>","<span class=\"advgb-post-tax-term\">Marina Management<\/span>"],"slug":"product_cat","name":"Cat\u00e9gories de produits"},"product_tag":{"linked":[],"unlinked":[],"slug":"product_tag","name":"\u00c9tiquettes produit"},"product_shipping_class":{"linked":[],"unlinked":[],"slug":"product_shipping_class","name":"Classe d\u2019exp\u00e9dition du produit"},"pos_product_visibility":{"linked":[],"unlinked":[],"slug":"pos_product_visibility","name":"Visibilit\u00e9 du produit sur le point de vente"},"translation_priority":{"linked":["<a href=\"https:\/\/www.icy.nl\/fr\/?taxonomy=translation_priority&#038;term=facultatif\" class=\"advgb-post-tax-term\">Facultatif<\/a>"],"unlinked":["<span class=\"advgb-post-tax-term\">Facultatif<\/span>"],"slug":"translation_priority","name":"Priorit\u00e9s de traduction"}},"series_order":"","_links":{"self":[{"href":"https:\/\/www.icy.nl\/fr\/wp-json\/wp\/v2\/product\/57611","targetHints":{"allow":["GET"]}}],"collection":[{"href":"https:\/\/www.icy.nl\/fr\/wp-json\/wp\/v2\/product"}],"about":[{"href":"https:\/\/www.icy.nl\/fr\/wp-json\/wp\/v2\/types\/product"}],"wp:featuredmedia":[{"embeddable":true,"href":"https:\/\/www.icy.nl\/fr\/wp-json\/wp\/v2\/media\/32401"}],"wp:attachment":[{"href":"https:\/\/www.icy.nl\/fr\/wp-json\/wp\/v2\/media?parent=57611"}],"wp:term":[{"taxonomy":"product_brand","embeddable":true,"href":"https:\/\/www.icy.nl\/fr\/wp-json\/wp\/v2\/product_brand?post=57611"},{"taxonomy":"product_cat","embeddable":true,"href":"https:\/\/www.icy.nl\/fr\/wp-json\/wp\/v2\/product_cat?post=57611"},{"taxonomy":"product_tag","embeddable":true,"href":"https:\/\/www.icy.nl\/fr\/wp-json\/wp\/v2\/product_tag?post=57611"}],"curies":[{"name":"wp","href":"https:\/\/api.w.org\/{rel}","templated":true}]}}