{"id":57614,"date":"2020-09-01T09:34:35","date_gmt":"2025-01-14T09:32:09","guid":{"rendered":"https:\/\/www.icy.nl\/product\/heat-pump-switch\/"},"modified":"2025-01-14T10:32:09","modified_gmt":"2025-01-14T09:32:09","slug":"heat-pump-switch","status":"publish","type":"product","link":"https:\/\/www.icy.nl\/fr\/produit\/heat-pump-switch\/","title":{"rendered":"Heat Pump Switch"},"content":{"rendered":"","protected":false},"excerpt":{"rendered":"<p>L&rsquo;interrupteur de pompe \u00e0 chaleur ICY 5010HPS permet de lib\u00e9rer et de bloquer la pompe \u00e0 chaleur depuis <a href=\"https:\/\/www.icy.nl\/accommodation-management-draadloos-beheer-vakantieparken\/\">ICY Accommodation Management<\/a>. Allumer et \u00e9teindre fr\u00e9quemment une pompe \u00e0 chaleur est inefficace et nuit \u00e0 sa dur\u00e9e de vie.<br \/>\nCependant, laisser la pompe \u00e0 chaleur allum\u00e9e inutilement pendant une longue p\u00e9riode est \u00e9galement pr\u00e9judiciable \u00e0 sa dur\u00e9e de vie et \u00e0 sa consommation d&rsquo;\u00e9nergie. L&rsquo;interrupteur de pompe \u00e0 chaleur assure le bon \u00e9quilibre \u00e0 cet \u00e9gard. La pompe \u00e0 chaleur reste disponible tant qu&rsquo;il y a une r\u00e9servation dans un h\u00e9bergement et est bloqu\u00e9e d\u00e8s la fin de la r\u00e9servation. Cela garantit une longue dur\u00e9e de vie tout en permettant d&rsquo;\u00e9conomiser sur les co\u00fbts \u00e9nerg\u00e9tiques. L&rsquo;interrupteur de pompe \u00e0 chaleur peut \u00eatre utilis\u00e9 sur les pompes \u00e0 chaleur avec un contact EVU et sur les types o\u00f9 la tension secteur peut \u00eatre commut\u00e9e.<\/p>\n","protected":false},"author":2946,"featured_media":56744,"template":"","meta":{"advgb_blocks_editor_width":"","advgb_blocks_columns_visual_guide":"","_genesis_hide_title":false,"_genesis_hide_breadcrumbs":false,"_genesis_hide_singular_image":false,"_genesis_hide_footer_widgets":false,"_genesis_custom_body_class":"","_genesis_custom_post_class":"","_genesis_layout":""},"product_brand":[],"product_cat":[91,76,77,80,87,88,90],"product_tag":[],"class_list":{"0":"post-57614","1":"product","2":"type-product","3":"status-publish","4":"has-post-thumbnail","6":"product_cat-agence-demploi","7":"product_cat-accommodation-management-fr","8":"product_cat-campsite-management-fr","9":"product_cat-facility-management-fr","10":"product_cat-logement-etudiant","11":"product_cat-controles-de-temperature","12":"product_cat-accessoires-de-thermostat","13":"entry","15":"first","16":"instock","17":"taxable","18":"shipping-taxable","19":"product-type-simple"},"yoast_head":"<!-- This site is optimized with the Yoast SEO plugin v27.3 - https:\/\/yoast.com\/product\/yoast-seo-wordpress\/ -->\n<title>Heat Pump Switch - ICY<\/title>\n<meta name=\"robots\" content=\"index, follow, max-snippet:-1, max-image-preview:large, max-video-preview:-1\" \/>\n<link rel=\"canonical\" href=\"https:\/\/www.icy.nl\/fr\/produit\/heat-pump-switch\/\" \/>\n<meta property=\"og:locale\" content=\"fr_FR\" \/>\n<meta property=\"og:type\" content=\"article\" \/>\n<meta property=\"og:title\" content=\"Heat Pump Switch - ICY\" \/>\n<meta property=\"og:description\" content=\"L&#039;interrupteur de pompe \u00e0 chaleur ICY 5010HPS permet de lib\u00e9rer et de bloquer la pompe \u00e0 chaleur depuis ICY Accommodation Management. Allumer et \u00e9teindre fr\u00e9quemment une pompe \u00e0 chaleur est inefficace et nuit \u00e0 sa dur\u00e9e de vie. Cependant, laisser la pompe \u00e0 chaleur allum\u00e9e inutilement pendant une longue p\u00e9riode est \u00e9galement pr\u00e9judiciable \u00e0 sa dur\u00e9e de vie et \u00e0 sa consommation d&#039;\u00e9nergie. L&#039;interrupteur de pompe \u00e0 chaleur assure le bon \u00e9quilibre \u00e0 cet \u00e9gard. La pompe \u00e0 chaleur reste disponible tant qu&#039;il y a une r\u00e9servation dans un h\u00e9bergement et est bloqu\u00e9e d\u00e8s la fin de la r\u00e9servation. Cela garantit une longue dur\u00e9e de vie tout en permettant d&#039;\u00e9conomiser sur les co\u00fbts \u00e9nerg\u00e9tiques. L&#039;interrupteur de pompe \u00e0 chaleur peut \u00eatre utilis\u00e9 sur les pompes \u00e0 chaleur avec un contact EVU et sur les types o\u00f9 la tension secteur peut \u00eatre commut\u00e9e.\" \/>\n<meta property=\"og:url\" content=\"https:\/\/www.icy.nl\/fr\/produit\/heat-pump-switch\/\" \/>\n<meta property=\"og:site_name\" content=\"ICY\" \/>\n<meta property=\"og:image\" content=\"https:\/\/www.icy.nl\/wp-content\/uploads\/2020\/09\/5010HPS-Heat-Pump-Switch-1.jpg\" \/>\n\t<meta property=\"og:image:width\" content=\"800\" \/>\n\t<meta property=\"og:image:height\" content=\"800\" \/>\n\t<meta property=\"og:image:type\" content=\"image\/jpeg\" \/>\n<meta name=\"twitter:card\" content=\"summary_large_image\" \/>\n<script type=\"application\/ld+json\" class=\"yoast-schema-graph\">{\"@context\":\"https:\\\/\\\/schema.org\",\"@graph\":[{\"@type\":\"WebPage\",\"@id\":\"https:\\\/\\\/www.icy.nl\\\/fr\\\/produit\\\/heat-pump-switch\\\/\",\"url\":\"https:\\\/\\\/www.icy.nl\\\/fr\\\/produit\\\/heat-pump-switch\\\/\",\"name\":\"Heat Pump Switch - ICY\",\"isPartOf\":{\"@id\":\"https:\\\/\\\/www.icy.nl\\\/fr\\\/#website\"},\"primaryImageOfPage\":{\"@id\":\"https:\\\/\\\/www.icy.nl\\\/fr\\\/produit\\\/heat-pump-switch\\\/#primaryimage\"},\"image\":{\"@id\":\"https:\\\/\\\/www.icy.nl\\\/fr\\\/produit\\\/heat-pump-switch\\\/#primaryimage\"},\"thumbnailUrl\":\"https:\\\/\\\/www.icy.nl\\\/wp-content\\\/uploads\\\/2020\\\/09\\\/5010HPS-Heat-Pump-Switch-1.jpg\",\"datePublished\":\"2025-01-14T09:32:09+00:00\",\"breadcrumb\":{\"@id\":\"https:\\\/\\\/www.icy.nl\\\/fr\\\/produit\\\/heat-pump-switch\\\/#breadcrumb\"},\"inLanguage\":\"fr-FR\",\"potentialAction\":[{\"@type\":\"ReadAction\",\"target\":[\"https:\\\/\\\/www.icy.nl\\\/fr\\\/produit\\\/heat-pump-switch\\\/\"]}]},{\"@type\":\"ImageObject\",\"inLanguage\":\"fr-FR\",\"@id\":\"https:\\\/\\\/www.icy.nl\\\/fr\\\/produit\\\/heat-pump-switch\\\/#primaryimage\",\"url\":\"https:\\\/\\\/www.icy.nl\\\/wp-content\\\/uploads\\\/2020\\\/09\\\/5010HPS-Heat-Pump-Switch-1.jpg\",\"contentUrl\":\"https:\\\/\\\/www.icy.nl\\\/wp-content\\\/uploads\\\/2020\\\/09\\\/5010HPS-Heat-Pump-Switch-1.jpg\",\"width\":800,\"height\":800},{\"@type\":\"BreadcrumbList\",\"@id\":\"https:\\\/\\\/www.icy.nl\\\/fr\\\/produit\\\/heat-pump-switch\\\/#breadcrumb\",\"itemListElement\":[{\"@type\":\"ListItem\",\"position\":1,\"name\":\"Home\",\"item\":\"https:\\\/\\\/www.icy.nl\\\/fr\\\/\"},{\"@type\":\"ListItem\",\"position\":2,\"name\":\"Produits\",\"item\":\"https:\\\/\\\/www.icy.nl\\\/fr\\\/produits\\\/\"},{\"@type\":\"ListItem\",\"position\":3,\"name\":\"Heat Pump Switch\"}]},{\"@type\":\"WebSite\",\"@id\":\"https:\\\/\\\/www.icy.nl\\\/fr\\\/#website\",\"url\":\"https:\\\/\\\/www.icy.nl\\\/fr\\\/\",\"name\":\"ICY\",\"description\":\"Smartmotica solutions\",\"publisher\":{\"@id\":\"https:\\\/\\\/www.icy.nl\\\/fr\\\/#organization\"},\"potentialAction\":[{\"@type\":\"SearchAction\",\"target\":{\"@type\":\"EntryPoint\",\"urlTemplate\":\"https:\\\/\\\/www.icy.nl\\\/fr\\\/?s={search_term_string}\"},\"query-input\":{\"@type\":\"PropertyValueSpecification\",\"valueRequired\":true,\"valueName\":\"search_term_string\"}}],\"inLanguage\":\"fr-FR\"},{\"@type\":\"Organization\",\"@id\":\"https:\\\/\\\/www.icy.nl\\\/fr\\\/#organization\",\"name\":\"I.C.Y. B.V.\",\"url\":\"https:\\\/\\\/www.icy.nl\\\/fr\\\/\",\"logo\":{\"@type\":\"ImageObject\",\"inLanguage\":\"fr-FR\",\"@id\":\"https:\\\/\\\/www.icy.nl\\\/fr\\\/#\\\/schema\\\/logo\\\/image\\\/\",\"url\":\"https:\\\/\\\/www.icy.nl\\\/wp-content\\\/uploads\\\/2016\\\/11\\\/logo-icy.jpg\",\"contentUrl\":\"https:\\\/\\\/www.icy.nl\\\/wp-content\\\/uploads\\\/2016\\\/11\\\/logo-icy.jpg\",\"width\":400,\"height\":101,\"caption\":\"I.C.Y. B.V.\"},\"image\":{\"@id\":\"https:\\\/\\\/www.icy.nl\\\/fr\\\/#\\\/schema\\\/logo\\\/image\\\/\"}}]}<\/script>\n<!-- \/ Yoast SEO plugin. -->","yoast_head_json":{"title":"Heat Pump Switch - ICY","robots":{"index":"index","follow":"follow","max-snippet":"max-snippet:-1","max-image-preview":"max-image-preview:large","max-video-preview":"max-video-preview:-1"},"canonical":"https:\/\/www.icy.nl\/fr\/produit\/heat-pump-switch\/","og_locale":"fr_FR","og_type":"article","og_title":"Heat Pump Switch - ICY","og_description":"L'interrupteur de pompe \u00e0 chaleur ICY 5010HPS permet de lib\u00e9rer et de bloquer la pompe \u00e0 chaleur depuis ICY Accommodation Management. Allumer et \u00e9teindre fr\u00e9quemment une pompe \u00e0 chaleur est inefficace et nuit \u00e0 sa dur\u00e9e de vie. Cependant, laisser la pompe \u00e0 chaleur allum\u00e9e inutilement pendant une longue p\u00e9riode est \u00e9galement pr\u00e9judiciable \u00e0 sa dur\u00e9e de vie et \u00e0 sa consommation d'\u00e9nergie. L'interrupteur de pompe \u00e0 chaleur assure le bon \u00e9quilibre \u00e0 cet \u00e9gard. La pompe \u00e0 chaleur reste disponible tant qu'il y a une r\u00e9servation dans un h\u00e9bergement et est bloqu\u00e9e d\u00e8s la fin de la r\u00e9servation. Cela garantit une longue dur\u00e9e de vie tout en permettant d'\u00e9conomiser sur les co\u00fbts \u00e9nerg\u00e9tiques. L'interrupteur de pompe \u00e0 chaleur peut \u00eatre utilis\u00e9 sur les pompes \u00e0 chaleur avec un contact EVU et sur les types o\u00f9 la tension secteur peut \u00eatre commut\u00e9e.","og_url":"https:\/\/www.icy.nl\/fr\/produit\/heat-pump-switch\/","og_site_name":"ICY","og_image":[{"width":800,"height":800,"url":"https:\/\/www.icy.nl\/wp-content\/uploads\/2020\/09\/5010HPS-Heat-Pump-Switch-1.jpg","type":"image\/jpeg"}],"twitter_card":"summary_large_image","schema":{"@context":"https:\/\/schema.org","@graph":[{"@type":"WebPage","@id":"https:\/\/www.icy.nl\/fr\/produit\/heat-pump-switch\/","url":"https:\/\/www.icy.nl\/fr\/produit\/heat-pump-switch\/","name":"Heat Pump Switch - ICY","isPartOf":{"@id":"https:\/\/www.icy.nl\/fr\/#website"},"primaryImageOfPage":{"@id":"https:\/\/www.icy.nl\/fr\/produit\/heat-pump-switch\/#primaryimage"},"image":{"@id":"https:\/\/www.icy.nl\/fr\/produit\/heat-pump-switch\/#primaryimage"},"thumbnailUrl":"https:\/\/www.icy.nl\/wp-content\/uploads\/2020\/09\/5010HPS-Heat-Pump-Switch-1.jpg","datePublished":"2025-01-14T09:32:09+00:00","breadcrumb":{"@id":"https:\/\/www.icy.nl\/fr\/produit\/heat-pump-switch\/#breadcrumb"},"inLanguage":"fr-FR","potentialAction":[{"@type":"ReadAction","target":["https:\/\/www.icy.nl\/fr\/produit\/heat-pump-switch\/"]}]},{"@type":"ImageObject","inLanguage":"fr-FR","@id":"https:\/\/www.icy.nl\/fr\/produit\/heat-pump-switch\/#primaryimage","url":"https:\/\/www.icy.nl\/wp-content\/uploads\/2020\/09\/5010HPS-Heat-Pump-Switch-1.jpg","contentUrl":"https:\/\/www.icy.nl\/wp-content\/uploads\/2020\/09\/5010HPS-Heat-Pump-Switch-1.jpg","width":800,"height":800},{"@type":"BreadcrumbList","@id":"https:\/\/www.icy.nl\/fr\/produit\/heat-pump-switch\/#breadcrumb","itemListElement":[{"@type":"ListItem","position":1,"name":"Home","item":"https:\/\/www.icy.nl\/fr\/"},{"@type":"ListItem","position":2,"name":"Produits","item":"https:\/\/www.icy.nl\/fr\/produits\/"},{"@type":"ListItem","position":3,"name":"Heat Pump Switch"}]},{"@type":"WebSite","@id":"https:\/\/www.icy.nl\/fr\/#website","url":"https:\/\/www.icy.nl\/fr\/","name":"ICY","description":"Smartmotica solutions","publisher":{"@id":"https:\/\/www.icy.nl\/fr\/#organization"},"potentialAction":[{"@type":"SearchAction","target":{"@type":"EntryPoint","urlTemplate":"https:\/\/www.icy.nl\/fr\/?s={search_term_string}"},"query-input":{"@type":"PropertyValueSpecification","valueRequired":true,"valueName":"search_term_string"}}],"inLanguage":"fr-FR"},{"@type":"Organization","@id":"https:\/\/www.icy.nl\/fr\/#organization","name":"I.C.Y. B.V.","url":"https:\/\/www.icy.nl\/fr\/","logo":{"@type":"ImageObject","inLanguage":"fr-FR","@id":"https:\/\/www.icy.nl\/fr\/#\/schema\/logo\/image\/","url":"https:\/\/www.icy.nl\/wp-content\/uploads\/2016\/11\/logo-icy.jpg","contentUrl":"https:\/\/www.icy.nl\/wp-content\/uploads\/2016\/11\/logo-icy.jpg","width":400,"height":101,"caption":"I.C.Y. B.V."},"image":{"@id":"https:\/\/www.icy.nl\/fr\/#\/schema\/logo\/image\/"}}]}},"featured_img":"https:\/\/www.icy.nl\/wp-content\/uploads\/2020\/09\/5010HPS-Heat-Pump-Switch-1.jpg","coauthors":[],"author_meta":{"author_link":"https:\/\/www.icy.nl\/fr\/author\/daniel\/","display_name":"Daniel van de Kamp"},"relative_dates":{"created":"Publi\u00e9 6 ans il y a","modified":"Mis \u00e0 jour 1 an il y a"},"absolute_dates":{"created":"Publi\u00e9 le 1 septembre 2020","modified":"Mise \u00e0 jour le 14 janvier 2025"},"absolute_dates_time":{"created":"Publi\u00e9 le 1 septembre 2020 9h34","modified":"Mise \u00e0 jour le 14 janvier 2025 10h32"},"featured_img_caption":"","tax_additional":{"product_brand":{"linked":[],"unlinked":[],"slug":"product_brand","name":"Marques"},"product_type":{"linked":["<a href=\"https:\/\/www.icy.nl\/fr\/?taxonomy=product_type&#038;term=simple\" class=\"advgb-post-tax-term\">simple<\/a>"],"unlinked":["<span class=\"advgb-post-tax-term\">simple<\/span>"],"slug":"product_type","name":"Type de produit"},"product_visibility":{"linked":[],"unlinked":[],"slug":"product_visibility","name":"Visibilit\u00e9 du produit"},"product_cat":{"linked":["<a href=\"https:\/\/www.icy.nl\/fr\/product-categorie\/agence-demploi\/\" class=\"advgb-post-tax-term\">Agence d&#039;emploi<\/a>","<a href=\"https:\/\/www.icy.nl\/fr\/product-categorie\/accommodation-management-fr\/\" class=\"advgb-post-tax-term\">Accommodation Management<\/a>","<a href=\"https:\/\/www.icy.nl\/fr\/product-categorie\/campsite-management-fr\/\" class=\"advgb-post-tax-term\">Campsite Management<\/a>","<a href=\"https:\/\/www.icy.nl\/fr\/product-categorie\/facility-management-fr\/\" class=\"advgb-post-tax-term\">Facility Management<\/a>","<a href=\"https:\/\/www.icy.nl\/fr\/product-categorie\/logement-etudiant\/\" class=\"advgb-post-tax-term\">Logement \u00e9tudiant<\/a>","<a href=\"https:\/\/www.icy.nl\/fr\/product-categorie\/controles-de-temperature\/\" class=\"advgb-post-tax-term\">contr\u00f4les de temp\u00e9rature<\/a>","<a href=\"https:\/\/www.icy.nl\/fr\/product-categorie\/accessoires-de-thermostat\/\" class=\"advgb-post-tax-term\">Accessoires de thermostat<\/a>"],"unlinked":["<span class=\"advgb-post-tax-term\">Agence d&#039;emploi<\/span>","<span class=\"advgb-post-tax-term\">Accommodation Management<\/span>","<span class=\"advgb-post-tax-term\">Campsite Management<\/span>","<span class=\"advgb-post-tax-term\">Facility Management<\/span>","<span class=\"advgb-post-tax-term\">Logement \u00e9tudiant<\/span>","<span class=\"advgb-post-tax-term\">contr\u00f4les de temp\u00e9rature<\/span>","<span class=\"advgb-post-tax-term\">Accessoires de thermostat<\/span>"],"slug":"product_cat","name":"Cat\u00e9gories de produits"},"product_tag":{"linked":[],"unlinked":[],"slug":"product_tag","name":"\u00c9tiquettes produit"},"product_shipping_class":{"linked":[],"unlinked":[],"slug":"product_shipping_class","name":"Classe d\u2019exp\u00e9dition du produit"},"pos_product_visibility":{"linked":[],"unlinked":[],"slug":"pos_product_visibility","name":"Visibilit\u00e9 du produit sur le point de vente"},"translation_priority":{"linked":["<a href=\"https:\/\/www.icy.nl\/fr\/?taxonomy=translation_priority&#038;term=facultatif\" class=\"advgb-post-tax-term\">Facultatif<\/a>"],"unlinked":["<span class=\"advgb-post-tax-term\">Facultatif<\/span>"],"slug":"translation_priority","name":"Priorit\u00e9s de traduction"}},"series_order":"","_links":{"self":[{"href":"https:\/\/www.icy.nl\/fr\/wp-json\/wp\/v2\/product\/57614","targetHints":{"allow":["GET"]}}],"collection":[{"href":"https:\/\/www.icy.nl\/fr\/wp-json\/wp\/v2\/product"}],"about":[{"href":"https:\/\/www.icy.nl\/fr\/wp-json\/wp\/v2\/types\/product"}],"wp:featuredmedia":[{"embeddable":true,"href":"https:\/\/www.icy.nl\/fr\/wp-json\/wp\/v2\/media\/56744"}],"wp:attachment":[{"href":"https:\/\/www.icy.nl\/fr\/wp-json\/wp\/v2\/media?parent=57614"}],"wp:term":[{"taxonomy":"product_brand","embeddable":true,"href":"https:\/\/www.icy.nl\/fr\/wp-json\/wp\/v2\/product_brand?post=57614"},{"taxonomy":"product_cat","embeddable":true,"href":"https:\/\/www.icy.nl\/fr\/wp-json\/wp\/v2\/product_cat?post=57614"},{"taxonomy":"product_tag","embeddable":true,"href":"https:\/\/www.icy.nl\/fr\/wp-json\/wp\/v2\/product_tag?post=57614"}],"curies":[{"name":"wp","href":"https:\/\/api.w.org\/{rel}","templated":true}]}}