{"id":57622,"date":"2020-03-23T12:52:09","date_gmt":"2025-01-14T09:46:01","guid":{"rendered":"https:\/\/www.icy.nl\/product\/icy1842in-remote-set\/"},"modified":"2025-01-14T10:46:01","modified_gmt":"2025-01-14T09:46:01","slug":"icy1842in-remote-set","status":"publish","type":"product","link":"https:\/\/www.icy.nl\/fr\/produit\/icy1842in-remote-set\/","title":{"rendered":"ICY1842IN Remote Set"},"content":{"rendered":"<p>Ce syst\u00e8me pr\u00e9sente une grande valeur ajout\u00e9e, notamment dans les maisons utilis\u00e9es pour loger des travailleurs ou des \u00e9tudiants, en raison des \u00e9normes \u00e9conomies qu&rsquo;il permet de r\u00e9aliser.<\/p>\n<p>Pour plus d&rsquo;informations, lisez la page sur <a href=\"https:\/\/www.icy.nl\/uitzendbureaus\/\">ICY Housing Management<\/a>.<\/p>\n","protected":false},"excerpt":{"rendered":"<p>Le kit de t\u00e9l\u00e9commande ICY permet de r\u00e9gler et de lire \u00e0 distance un <a href=\"https:\/\/www.icy.nl\/product\/icy1845in-timer-thermostaat-expert\/\">ICY Timer Thermostat<\/a> \u00e0 \u00e9conomie d&rsquo;\u00e9nergie. La passerelle ICY4927IN de cet ensemble assure la communication entre l&rsquo;\u00e9quipement ICY-Net d&rsquo;une installation et Internet. Cela permet de g\u00e9rer les param\u00e8tres de ces ensembles et d&rsquo;autres dans votre propri\u00e9t\u00e9 \u00e0 l&rsquo;aide de l&rsquo;application logicielle ICY Housing Management. Vous pouvez \u00e9galement \u00e9tendre le syst\u00e8me avec une d\u00e9tection de fum\u00e9e et une notification de basse pression de chauffage central.<\/p>\n","protected":false},"author":2946,"featured_media":30657,"template":"","meta":{"advgb_blocks_editor_width":"","advgb_blocks_columns_visual_guide":"","_genesis_hide_title":false,"_genesis_hide_breadcrumbs":false,"_genesis_hide_singular_image":false,"_genesis_hide_footer_widgets":false,"_genesis_custom_body_class":"","_genesis_custom_post_class":"","_genesis_layout":""},"product_brand":[],"product_cat":[87,88,91],"product_tag":[],"class_list":{"0":"post-57622","1":"product","2":"type-product","3":"status-publish","4":"has-post-thumbnail","6":"product_cat-logement-etudiant","7":"product_cat-controles-de-temperature","8":"product_cat-agence-demploi","9":"entry","11":"first","12":"instock","13":"taxable","14":"shipping-taxable","15":"product-type-simple"},"yoast_head":"<!-- This site is optimized with the Yoast SEO plugin v27.3 - https:\/\/yoast.com\/product\/yoast-seo-wordpress\/ -->\n<title>ICY1842IN Remote Set - ICY<\/title>\n<meta name=\"robots\" content=\"index, follow, max-snippet:-1, max-image-preview:large, max-video-preview:-1\" \/>\n<link rel=\"canonical\" href=\"https:\/\/www.icy.nl\/fr\/produit\/icy1842in-remote-set\/\" \/>\n<meta property=\"og:locale\" content=\"fr_FR\" \/>\n<meta property=\"og:type\" content=\"article\" \/>\n<meta property=\"og:title\" content=\"ICY1842IN Remote Set - ICY\" \/>\n<meta property=\"og:description\" content=\"Le kit de t\u00e9l\u00e9commande ICY permet de r\u00e9gler et de lire \u00e0 distance un ICY Timer Thermostat \u00e0 \u00e9conomie d&#039;\u00e9nergie. La passerelle ICY4927IN de cet ensemble assure la communication entre l&#039;\u00e9quipement ICY-Net d&#039;une installation et Internet. Cela permet de g\u00e9rer les param\u00e8tres de ces ensembles et d&#039;autres dans votre propri\u00e9t\u00e9 \u00e0 l&#039;aide de l&#039;application logicielle ICY Housing Management. Vous pouvez \u00e9galement \u00e9tendre le syst\u00e8me avec une d\u00e9tection de fum\u00e9e et une notification de basse pression de chauffage central.\" \/>\n<meta property=\"og:url\" content=\"https:\/\/www.icy.nl\/fr\/produit\/icy1842in-remote-set\/\" \/>\n<meta property=\"og:site_name\" content=\"ICY\" \/>\n<meta property=\"og:image\" content=\"https:\/\/www.icy.nl\/wp-content\/uploads\/2020\/03\/gateway-en-thermostaat.jpg\" \/>\n\t<meta property=\"og:image:width\" content=\"800\" \/>\n\t<meta property=\"og:image:height\" content=\"821\" \/>\n\t<meta property=\"og:image:type\" content=\"image\/jpeg\" \/>\n<meta name=\"twitter:card\" content=\"summary_large_image\" \/>\n<script type=\"application\/ld+json\" class=\"yoast-schema-graph\">{\"@context\":\"https:\\\/\\\/schema.org\",\"@graph\":[{\"@type\":\"WebPage\",\"@id\":\"https:\\\/\\\/www.icy.nl\\\/fr\\\/produit\\\/icy1842in-remote-set\\\/\",\"url\":\"https:\\\/\\\/www.icy.nl\\\/fr\\\/produit\\\/icy1842in-remote-set\\\/\",\"name\":\"ICY1842IN Remote Set - ICY\",\"isPartOf\":{\"@id\":\"https:\\\/\\\/www.icy.nl\\\/fr\\\/#website\"},\"primaryImageOfPage\":{\"@id\":\"https:\\\/\\\/www.icy.nl\\\/fr\\\/produit\\\/icy1842in-remote-set\\\/#primaryimage\"},\"image\":{\"@id\":\"https:\\\/\\\/www.icy.nl\\\/fr\\\/produit\\\/icy1842in-remote-set\\\/#primaryimage\"},\"thumbnailUrl\":\"https:\\\/\\\/www.icy.nl\\\/wp-content\\\/uploads\\\/2020\\\/03\\\/gateway-en-thermostaat.jpg\",\"datePublished\":\"2025-01-14T09:46:01+00:00\",\"breadcrumb\":{\"@id\":\"https:\\\/\\\/www.icy.nl\\\/fr\\\/produit\\\/icy1842in-remote-set\\\/#breadcrumb\"},\"inLanguage\":\"fr-FR\",\"potentialAction\":[{\"@type\":\"ReadAction\",\"target\":[\"https:\\\/\\\/www.icy.nl\\\/fr\\\/produit\\\/icy1842in-remote-set\\\/\"]}]},{\"@type\":\"ImageObject\",\"inLanguage\":\"fr-FR\",\"@id\":\"https:\\\/\\\/www.icy.nl\\\/fr\\\/produit\\\/icy1842in-remote-set\\\/#primaryimage\",\"url\":\"https:\\\/\\\/www.icy.nl\\\/wp-content\\\/uploads\\\/2020\\\/03\\\/gateway-en-thermostaat.jpg\",\"contentUrl\":\"https:\\\/\\\/www.icy.nl\\\/wp-content\\\/uploads\\\/2020\\\/03\\\/gateway-en-thermostaat.jpg\",\"width\":800,\"height\":821,\"caption\":\"Remote set\"},{\"@type\":\"BreadcrumbList\",\"@id\":\"https:\\\/\\\/www.icy.nl\\\/fr\\\/produit\\\/icy1842in-remote-set\\\/#breadcrumb\",\"itemListElement\":[{\"@type\":\"ListItem\",\"position\":1,\"name\":\"Home\",\"item\":\"https:\\\/\\\/www.icy.nl\\\/fr\\\/\"},{\"@type\":\"ListItem\",\"position\":2,\"name\":\"Produits\",\"item\":\"https:\\\/\\\/www.icy.nl\\\/fr\\\/produits\\\/\"},{\"@type\":\"ListItem\",\"position\":3,\"name\":\"ICY1842IN Remote Set\"}]},{\"@type\":\"WebSite\",\"@id\":\"https:\\\/\\\/www.icy.nl\\\/fr\\\/#website\",\"url\":\"https:\\\/\\\/www.icy.nl\\\/fr\\\/\",\"name\":\"ICY\",\"description\":\"Smartmotica solutions\",\"publisher\":{\"@id\":\"https:\\\/\\\/www.icy.nl\\\/fr\\\/#organization\"},\"potentialAction\":[{\"@type\":\"SearchAction\",\"target\":{\"@type\":\"EntryPoint\",\"urlTemplate\":\"https:\\\/\\\/www.icy.nl\\\/fr\\\/?s={search_term_string}\"},\"query-input\":{\"@type\":\"PropertyValueSpecification\",\"valueRequired\":true,\"valueName\":\"search_term_string\"}}],\"inLanguage\":\"fr-FR\"},{\"@type\":\"Organization\",\"@id\":\"https:\\\/\\\/www.icy.nl\\\/fr\\\/#organization\",\"name\":\"I.C.Y. B.V.\",\"url\":\"https:\\\/\\\/www.icy.nl\\\/fr\\\/\",\"logo\":{\"@type\":\"ImageObject\",\"inLanguage\":\"fr-FR\",\"@id\":\"https:\\\/\\\/www.icy.nl\\\/fr\\\/#\\\/schema\\\/logo\\\/image\\\/\",\"url\":\"https:\\\/\\\/www.icy.nl\\\/wp-content\\\/uploads\\\/2016\\\/11\\\/logo-icy.jpg\",\"contentUrl\":\"https:\\\/\\\/www.icy.nl\\\/wp-content\\\/uploads\\\/2016\\\/11\\\/logo-icy.jpg\",\"width\":400,\"height\":101,\"caption\":\"I.C.Y. B.V.\"},\"image\":{\"@id\":\"https:\\\/\\\/www.icy.nl\\\/fr\\\/#\\\/schema\\\/logo\\\/image\\\/\"}}]}<\/script>\n<!-- \/ Yoast SEO plugin. -->","yoast_head_json":{"title":"ICY1842IN Remote Set - ICY","robots":{"index":"index","follow":"follow","max-snippet":"max-snippet:-1","max-image-preview":"max-image-preview:large","max-video-preview":"max-video-preview:-1"},"canonical":"https:\/\/www.icy.nl\/fr\/produit\/icy1842in-remote-set\/","og_locale":"fr_FR","og_type":"article","og_title":"ICY1842IN Remote Set - ICY","og_description":"Le kit de t\u00e9l\u00e9commande ICY permet de r\u00e9gler et de lire \u00e0 distance un ICY Timer Thermostat \u00e0 \u00e9conomie d'\u00e9nergie. La passerelle ICY4927IN de cet ensemble assure la communication entre l'\u00e9quipement ICY-Net d'une installation et Internet. Cela permet de g\u00e9rer les param\u00e8tres de ces ensembles et d'autres dans votre propri\u00e9t\u00e9 \u00e0 l'aide de l'application logicielle ICY Housing Management. Vous pouvez \u00e9galement \u00e9tendre le syst\u00e8me avec une d\u00e9tection de fum\u00e9e et une notification de basse pression de chauffage central.","og_url":"https:\/\/www.icy.nl\/fr\/produit\/icy1842in-remote-set\/","og_site_name":"ICY","og_image":[{"width":800,"height":821,"url":"https:\/\/www.icy.nl\/wp-content\/uploads\/2020\/03\/gateway-en-thermostaat.jpg","type":"image\/jpeg"}],"twitter_card":"summary_large_image","schema":{"@context":"https:\/\/schema.org","@graph":[{"@type":"WebPage","@id":"https:\/\/www.icy.nl\/fr\/produit\/icy1842in-remote-set\/","url":"https:\/\/www.icy.nl\/fr\/produit\/icy1842in-remote-set\/","name":"ICY1842IN Remote Set - ICY","isPartOf":{"@id":"https:\/\/www.icy.nl\/fr\/#website"},"primaryImageOfPage":{"@id":"https:\/\/www.icy.nl\/fr\/produit\/icy1842in-remote-set\/#primaryimage"},"image":{"@id":"https:\/\/www.icy.nl\/fr\/produit\/icy1842in-remote-set\/#primaryimage"},"thumbnailUrl":"https:\/\/www.icy.nl\/wp-content\/uploads\/2020\/03\/gateway-en-thermostaat.jpg","datePublished":"2025-01-14T09:46:01+00:00","breadcrumb":{"@id":"https:\/\/www.icy.nl\/fr\/produit\/icy1842in-remote-set\/#breadcrumb"},"inLanguage":"fr-FR","potentialAction":[{"@type":"ReadAction","target":["https:\/\/www.icy.nl\/fr\/produit\/icy1842in-remote-set\/"]}]},{"@type":"ImageObject","inLanguage":"fr-FR","@id":"https:\/\/www.icy.nl\/fr\/produit\/icy1842in-remote-set\/#primaryimage","url":"https:\/\/www.icy.nl\/wp-content\/uploads\/2020\/03\/gateway-en-thermostaat.jpg","contentUrl":"https:\/\/www.icy.nl\/wp-content\/uploads\/2020\/03\/gateway-en-thermostaat.jpg","width":800,"height":821,"caption":"Remote set"},{"@type":"BreadcrumbList","@id":"https:\/\/www.icy.nl\/fr\/produit\/icy1842in-remote-set\/#breadcrumb","itemListElement":[{"@type":"ListItem","position":1,"name":"Home","item":"https:\/\/www.icy.nl\/fr\/"},{"@type":"ListItem","position":2,"name":"Produits","item":"https:\/\/www.icy.nl\/fr\/produits\/"},{"@type":"ListItem","position":3,"name":"ICY1842IN Remote Set"}]},{"@type":"WebSite","@id":"https:\/\/www.icy.nl\/fr\/#website","url":"https:\/\/www.icy.nl\/fr\/","name":"ICY","description":"Smartmotica solutions","publisher":{"@id":"https:\/\/www.icy.nl\/fr\/#organization"},"potentialAction":[{"@type":"SearchAction","target":{"@type":"EntryPoint","urlTemplate":"https:\/\/www.icy.nl\/fr\/?s={search_term_string}"},"query-input":{"@type":"PropertyValueSpecification","valueRequired":true,"valueName":"search_term_string"}}],"inLanguage":"fr-FR"},{"@type":"Organization","@id":"https:\/\/www.icy.nl\/fr\/#organization","name":"I.C.Y. B.V.","url":"https:\/\/www.icy.nl\/fr\/","logo":{"@type":"ImageObject","inLanguage":"fr-FR","@id":"https:\/\/www.icy.nl\/fr\/#\/schema\/logo\/image\/","url":"https:\/\/www.icy.nl\/wp-content\/uploads\/2016\/11\/logo-icy.jpg","contentUrl":"https:\/\/www.icy.nl\/wp-content\/uploads\/2016\/11\/logo-icy.jpg","width":400,"height":101,"caption":"I.C.Y. B.V."},"image":{"@id":"https:\/\/www.icy.nl\/fr\/#\/schema\/logo\/image\/"}}]}},"featured_img":"https:\/\/www.icy.nl\/wp-content\/uploads\/2020\/03\/gateway-en-thermostaat.jpg","coauthors":[],"author_meta":{"author_link":"https:\/\/www.icy.nl\/fr\/author\/daniel\/","display_name":"Daniel van de Kamp"},"relative_dates":{"created":"Publi\u00e9 6 ans il y a","modified":"Mis \u00e0 jour 1 an il y a"},"absolute_dates":{"created":"Publi\u00e9 le 23 mars 2020","modified":"Mise \u00e0 jour le 14 janvier 2025"},"absolute_dates_time":{"created":"Publi\u00e9 le 23 mars 2020 12h52","modified":"Mise \u00e0 jour le 14 janvier 2025 10h46"},"featured_img_caption":"","tax_additional":{"product_brand":{"linked":[],"unlinked":[],"slug":"product_brand","name":"Marques"},"product_type":{"linked":["<a href=\"https:\/\/www.icy.nl\/fr\/?taxonomy=product_type&#038;term=simple\" class=\"advgb-post-tax-term\">simple<\/a>"],"unlinked":["<span class=\"advgb-post-tax-term\">simple<\/span>"],"slug":"product_type","name":"Type de produit"},"product_visibility":{"linked":[],"unlinked":[],"slug":"product_visibility","name":"Visibilit\u00e9 du produit"},"product_cat":{"linked":["<a href=\"https:\/\/www.icy.nl\/fr\/product-categorie\/logement-etudiant\/\" class=\"advgb-post-tax-term\">Logement \u00e9tudiant<\/a>","<a href=\"https:\/\/www.icy.nl\/fr\/product-categorie\/controles-de-temperature\/\" class=\"advgb-post-tax-term\">contr\u00f4les de temp\u00e9rature<\/a>","<a href=\"https:\/\/www.icy.nl\/fr\/product-categorie\/agence-demploi\/\" class=\"advgb-post-tax-term\">Agence d&#039;emploi<\/a>"],"unlinked":["<span class=\"advgb-post-tax-term\">Logement \u00e9tudiant<\/span>","<span class=\"advgb-post-tax-term\">contr\u00f4les de temp\u00e9rature<\/span>","<span class=\"advgb-post-tax-term\">Agence d&#039;emploi<\/span>"],"slug":"product_cat","name":"Cat\u00e9gories de produits"},"product_tag":{"linked":[],"unlinked":[],"slug":"product_tag","name":"\u00c9tiquettes produit"},"product_shipping_class":{"linked":[],"unlinked":[],"slug":"product_shipping_class","name":"Classe d\u2019exp\u00e9dition du produit"},"pos_product_visibility":{"linked":[],"unlinked":[],"slug":"pos_product_visibility","name":"Visibilit\u00e9 du produit sur le point de vente"},"translation_priority":{"linked":["<a href=\"https:\/\/www.icy.nl\/fr\/?taxonomy=translation_priority&#038;term=hoge-prioriteit-fr\" class=\"advgb-post-tax-term\">hoge prioriteit<\/a>"],"unlinked":["<span class=\"advgb-post-tax-term\">hoge prioriteit<\/span>"],"slug":"translation_priority","name":"Priorit\u00e9s de traduction"}},"series_order":"","_links":{"self":[{"href":"https:\/\/www.icy.nl\/fr\/wp-json\/wp\/v2\/product\/57622","targetHints":{"allow":["GET"]}}],"collection":[{"href":"https:\/\/www.icy.nl\/fr\/wp-json\/wp\/v2\/product"}],"about":[{"href":"https:\/\/www.icy.nl\/fr\/wp-json\/wp\/v2\/types\/product"}],"wp:featuredmedia":[{"embeddable":true,"href":"https:\/\/www.icy.nl\/fr\/wp-json\/wp\/v2\/media\/30657"}],"wp:attachment":[{"href":"https:\/\/www.icy.nl\/fr\/wp-json\/wp\/v2\/media?parent=57622"}],"wp:term":[{"taxonomy":"product_brand","embeddable":true,"href":"https:\/\/www.icy.nl\/fr\/wp-json\/wp\/v2\/product_brand?post=57622"},{"taxonomy":"product_cat","embeddable":true,"href":"https:\/\/www.icy.nl\/fr\/wp-json\/wp\/v2\/product_cat?post=57622"},{"taxonomy":"product_tag","embeddable":true,"href":"https:\/\/www.icy.nl\/fr\/wp-json\/wp\/v2\/product_tag?post=57622"}],"curies":[{"name":"wp","href":"https:\/\/api.w.org\/{rel}","templated":true}]}}