{"id":57625,"date":"2017-06-20T08:14:07","date_gmt":"2025-01-14T10:08:37","guid":{"rendered":"https:\/\/www.icy.nl\/product\/wireless-extension-module\/"},"modified":"2025-01-14T11:08:37","modified_gmt":"2025-01-14T10:08:37","slug":"wireless-extension-module","status":"publish","type":"product","link":"https:\/\/www.icy.nl\/fr\/produit\/wireless-extension-module\/","title":{"rendered":"Wireless extension module"},"content":{"rendered":"<p>En appliquant ce module \u00e0 un d\u00e9tecteur de fum\u00e9e ou de chaleur Firex de la gamme KF, le d\u00e9tecteur peut \u00eatre connect\u00e9 sans fil.<\/p>\n<p>Le module ICY4529IN est facile \u00e0 installer et le connecter \u00e0 d&rsquo;autres d\u00e9tecteurs avec ce module est \u00e9galement tr\u00e8s simple. simple (jusqu&rsquo;\u00e0 32 d\u00e9tecteurs dans un groupe).<\/p>\n<p>Convient pour signaler les alarmes incendie ou fum\u00e9e dans les h\u00e9bergements ou les b\u00e2timents sanitaires \u00e0 la r\u00e9ception des parcs de vacances ou des campings via ICY Accommodation Management et ICY Campsite Management.<\/p>\n","protected":false},"excerpt":{"rendered":"<ul>\n<li>Peut \u00eatre utilis\u00e9 sur un d\u00e9tecteur de fum\u00e9e ou de chaleur Firex de la gamme KF.<\/li>\n<li>Regroupement sans fil facile de plusieurs d\u00e9tecteurs en 1 groupe d&rsquo;alarme (max. 32 unit\u00e9s).<\/li>\n<li>Applicable sans fil dans ICY-CC avec divers messages d&rsquo;alarme et d&rsquo;\u00e9tat.<\/li>\n<li>Convient aux d\u00e9tecteurs aliment\u00e9s en 230 V.<\/li>\n<li>Dur\u00e9e de vie 10 ans<\/li>\n<li>Batterie au lithium \u00ab Long Life \u00bb int\u00e9gr\u00e9e (pas de batteries amovibles).<\/li>\n<\/ul>\n","protected":false},"author":2946,"featured_media":38434,"template":"","meta":{"advgb_blocks_editor_width":"","advgb_blocks_columns_visual_guide":"","_genesis_hide_title":false,"_genesis_hide_breadcrumbs":false,"_genesis_hide_singular_image":false,"_genesis_hide_footer_widgets":false,"_genesis_custom_body_class":"","_genesis_custom_post_class":"","_genesis_layout":""},"product_brand":[],"product_cat":[86],"product_tag":[],"class_list":{"0":"post-57625","1":"product","2":"type-product","3":"status-publish","4":"has-post-thumbnail","6":"product_cat-detecteurs-de-fumee-et-de-chaleur","7":"entry","9":"first","10":"instock","11":"virtual","12":"taxable","13":"product-type-simple"},"yoast_head":"<!-- This site is optimized with the Yoast SEO plugin v27.3 - https:\/\/yoast.com\/product\/yoast-seo-wordpress\/ -->\n<title>Wireless extension module - ICY<\/title>\n<meta name=\"robots\" content=\"index, follow, max-snippet:-1, max-image-preview:large, max-video-preview:-1\" \/>\n<link rel=\"canonical\" href=\"https:\/\/www.icy.nl\/fr\/produit\/wireless-extension-module\/\" \/>\n<meta property=\"og:locale\" content=\"fr_FR\" \/>\n<meta property=\"og:type\" content=\"article\" \/>\n<meta property=\"og:title\" content=\"Wireless extension module - ICY\" \/>\n<meta property=\"og:description\" content=\"Peut \u00eatre utilis\u00e9 sur un d\u00e9tecteur de fum\u00e9e ou de chaleur Firex de la gamme KF.  Regroupement sans fil facile de plusieurs d\u00e9tecteurs en 1 groupe d&#039;alarme (max. 32 unit\u00e9s).  Applicable sans fil dans ICY-CC avec divers messages d&#039;alarme et d&#039;\u00e9tat.  Convient aux d\u00e9tecteurs aliment\u00e9s en 230 V.  Dur\u00e9e de vie 10 ans  Batterie au lithium \u00ab Long Life \u00bb int\u00e9gr\u00e9e (pas de batteries amovibles).\" \/>\n<meta property=\"og:url\" content=\"https:\/\/www.icy.nl\/fr\/produit\/wireless-extension-module\/\" \/>\n<meta property=\"og:site_name\" content=\"ICY\" \/>\n<meta property=\"og:image\" content=\"https:\/\/www.icy.nl\/wp-content\/uploads\/2021\/04\/4529IN-Wireless-extension-ring.jpg\" \/>\n\t<meta property=\"og:image:width\" content=\"600\" \/>\n\t<meta property=\"og:image:height\" content=\"600\" \/>\n\t<meta property=\"og:image:type\" content=\"image\/jpeg\" \/>\n<meta name=\"twitter:card\" content=\"summary_large_image\" \/>\n<script type=\"application\/ld+json\" class=\"yoast-schema-graph\">{\"@context\":\"https:\\\/\\\/schema.org\",\"@graph\":[{\"@type\":\"WebPage\",\"@id\":\"https:\\\/\\\/www.icy.nl\\\/fr\\\/produit\\\/wireless-extension-module\\\/\",\"url\":\"https:\\\/\\\/www.icy.nl\\\/fr\\\/produit\\\/wireless-extension-module\\\/\",\"name\":\"Wireless extension module - ICY\",\"isPartOf\":{\"@id\":\"https:\\\/\\\/www.icy.nl\\\/fr\\\/#website\"},\"primaryImageOfPage\":{\"@id\":\"https:\\\/\\\/www.icy.nl\\\/fr\\\/produit\\\/wireless-extension-module\\\/#primaryimage\"},\"image\":{\"@id\":\"https:\\\/\\\/www.icy.nl\\\/fr\\\/produit\\\/wireless-extension-module\\\/#primaryimage\"},\"thumbnailUrl\":\"https:\\\/\\\/www.icy.nl\\\/wp-content\\\/uploads\\\/2021\\\/04\\\/4529IN-Wireless-extension-ring.jpg\",\"datePublished\":\"2025-01-14T10:08:37+00:00\",\"breadcrumb\":{\"@id\":\"https:\\\/\\\/www.icy.nl\\\/fr\\\/produit\\\/wireless-extension-module\\\/#breadcrumb\"},\"inLanguage\":\"fr-FR\",\"potentialAction\":[{\"@type\":\"ReadAction\",\"target\":[\"https:\\\/\\\/www.icy.nl\\\/fr\\\/produit\\\/wireless-extension-module\\\/\"]}]},{\"@type\":\"ImageObject\",\"inLanguage\":\"fr-FR\",\"@id\":\"https:\\\/\\\/www.icy.nl\\\/fr\\\/produit\\\/wireless-extension-module\\\/#primaryimage\",\"url\":\"https:\\\/\\\/www.icy.nl\\\/wp-content\\\/uploads\\\/2021\\\/04\\\/4529IN-Wireless-extension-ring.jpg\",\"contentUrl\":\"https:\\\/\\\/www.icy.nl\\\/wp-content\\\/uploads\\\/2021\\\/04\\\/4529IN-Wireless-extension-ring.jpg\",\"width\":600,\"height\":600},{\"@type\":\"BreadcrumbList\",\"@id\":\"https:\\\/\\\/www.icy.nl\\\/fr\\\/produit\\\/wireless-extension-module\\\/#breadcrumb\",\"itemListElement\":[{\"@type\":\"ListItem\",\"position\":1,\"name\":\"Home\",\"item\":\"https:\\\/\\\/www.icy.nl\\\/fr\\\/\"},{\"@type\":\"ListItem\",\"position\":2,\"name\":\"Produits\",\"item\":\"https:\\\/\\\/www.icy.nl\\\/fr\\\/produits\\\/\"},{\"@type\":\"ListItem\",\"position\":3,\"name\":\"Wireless extension module\"}]},{\"@type\":\"WebSite\",\"@id\":\"https:\\\/\\\/www.icy.nl\\\/fr\\\/#website\",\"url\":\"https:\\\/\\\/www.icy.nl\\\/fr\\\/\",\"name\":\"ICY\",\"description\":\"Smartmotica solutions\",\"publisher\":{\"@id\":\"https:\\\/\\\/www.icy.nl\\\/fr\\\/#organization\"},\"potentialAction\":[{\"@type\":\"SearchAction\",\"target\":{\"@type\":\"EntryPoint\",\"urlTemplate\":\"https:\\\/\\\/www.icy.nl\\\/fr\\\/?s={search_term_string}\"},\"query-input\":{\"@type\":\"PropertyValueSpecification\",\"valueRequired\":true,\"valueName\":\"search_term_string\"}}],\"inLanguage\":\"fr-FR\"},{\"@type\":\"Organization\",\"@id\":\"https:\\\/\\\/www.icy.nl\\\/fr\\\/#organization\",\"name\":\"I.C.Y. B.V.\",\"url\":\"https:\\\/\\\/www.icy.nl\\\/fr\\\/\",\"logo\":{\"@type\":\"ImageObject\",\"inLanguage\":\"fr-FR\",\"@id\":\"https:\\\/\\\/www.icy.nl\\\/fr\\\/#\\\/schema\\\/logo\\\/image\\\/\",\"url\":\"https:\\\/\\\/www.icy.nl\\\/wp-content\\\/uploads\\\/2016\\\/11\\\/logo-icy.jpg\",\"contentUrl\":\"https:\\\/\\\/www.icy.nl\\\/wp-content\\\/uploads\\\/2016\\\/11\\\/logo-icy.jpg\",\"width\":400,\"height\":101,\"caption\":\"I.C.Y. B.V.\"},\"image\":{\"@id\":\"https:\\\/\\\/www.icy.nl\\\/fr\\\/#\\\/schema\\\/logo\\\/image\\\/\"}}]}<\/script>\n<!-- \/ Yoast SEO plugin. -->","yoast_head_json":{"title":"Wireless extension module - ICY","robots":{"index":"index","follow":"follow","max-snippet":"max-snippet:-1","max-image-preview":"max-image-preview:large","max-video-preview":"max-video-preview:-1"},"canonical":"https:\/\/www.icy.nl\/fr\/produit\/wireless-extension-module\/","og_locale":"fr_FR","og_type":"article","og_title":"Wireless extension module - ICY","og_description":"Peut \u00eatre utilis\u00e9 sur un d\u00e9tecteur de fum\u00e9e ou de chaleur Firex de la gamme KF.  Regroupement sans fil facile de plusieurs d\u00e9tecteurs en 1 groupe d'alarme (max. 32 unit\u00e9s).  Applicable sans fil dans ICY-CC avec divers messages d'alarme et d'\u00e9tat.  Convient aux d\u00e9tecteurs aliment\u00e9s en 230 V.  Dur\u00e9e de vie 10 ans  Batterie au lithium \u00ab Long Life \u00bb int\u00e9gr\u00e9e (pas de batteries amovibles).","og_url":"https:\/\/www.icy.nl\/fr\/produit\/wireless-extension-module\/","og_site_name":"ICY","og_image":[{"width":600,"height":600,"url":"https:\/\/www.icy.nl\/wp-content\/uploads\/2021\/04\/4529IN-Wireless-extension-ring.jpg","type":"image\/jpeg"}],"twitter_card":"summary_large_image","schema":{"@context":"https:\/\/schema.org","@graph":[{"@type":"WebPage","@id":"https:\/\/www.icy.nl\/fr\/produit\/wireless-extension-module\/","url":"https:\/\/www.icy.nl\/fr\/produit\/wireless-extension-module\/","name":"Wireless extension module - ICY","isPartOf":{"@id":"https:\/\/www.icy.nl\/fr\/#website"},"primaryImageOfPage":{"@id":"https:\/\/www.icy.nl\/fr\/produit\/wireless-extension-module\/#primaryimage"},"image":{"@id":"https:\/\/www.icy.nl\/fr\/produit\/wireless-extension-module\/#primaryimage"},"thumbnailUrl":"https:\/\/www.icy.nl\/wp-content\/uploads\/2021\/04\/4529IN-Wireless-extension-ring.jpg","datePublished":"2025-01-14T10:08:37+00:00","breadcrumb":{"@id":"https:\/\/www.icy.nl\/fr\/produit\/wireless-extension-module\/#breadcrumb"},"inLanguage":"fr-FR","potentialAction":[{"@type":"ReadAction","target":["https:\/\/www.icy.nl\/fr\/produit\/wireless-extension-module\/"]}]},{"@type":"ImageObject","inLanguage":"fr-FR","@id":"https:\/\/www.icy.nl\/fr\/produit\/wireless-extension-module\/#primaryimage","url":"https:\/\/www.icy.nl\/wp-content\/uploads\/2021\/04\/4529IN-Wireless-extension-ring.jpg","contentUrl":"https:\/\/www.icy.nl\/wp-content\/uploads\/2021\/04\/4529IN-Wireless-extension-ring.jpg","width":600,"height":600},{"@type":"BreadcrumbList","@id":"https:\/\/www.icy.nl\/fr\/produit\/wireless-extension-module\/#breadcrumb","itemListElement":[{"@type":"ListItem","position":1,"name":"Home","item":"https:\/\/www.icy.nl\/fr\/"},{"@type":"ListItem","position":2,"name":"Produits","item":"https:\/\/www.icy.nl\/fr\/produits\/"},{"@type":"ListItem","position":3,"name":"Wireless extension module"}]},{"@type":"WebSite","@id":"https:\/\/www.icy.nl\/fr\/#website","url":"https:\/\/www.icy.nl\/fr\/","name":"ICY","description":"Smartmotica solutions","publisher":{"@id":"https:\/\/www.icy.nl\/fr\/#organization"},"potentialAction":[{"@type":"SearchAction","target":{"@type":"EntryPoint","urlTemplate":"https:\/\/www.icy.nl\/fr\/?s={search_term_string}"},"query-input":{"@type":"PropertyValueSpecification","valueRequired":true,"valueName":"search_term_string"}}],"inLanguage":"fr-FR"},{"@type":"Organization","@id":"https:\/\/www.icy.nl\/fr\/#organization","name":"I.C.Y. B.V.","url":"https:\/\/www.icy.nl\/fr\/","logo":{"@type":"ImageObject","inLanguage":"fr-FR","@id":"https:\/\/www.icy.nl\/fr\/#\/schema\/logo\/image\/","url":"https:\/\/www.icy.nl\/wp-content\/uploads\/2016\/11\/logo-icy.jpg","contentUrl":"https:\/\/www.icy.nl\/wp-content\/uploads\/2016\/11\/logo-icy.jpg","width":400,"height":101,"caption":"I.C.Y. B.V."},"image":{"@id":"https:\/\/www.icy.nl\/fr\/#\/schema\/logo\/image\/"}}]}},"featured_img":"https:\/\/www.icy.nl\/wp-content\/uploads\/2021\/04\/4529IN-Wireless-extension-ring.jpg","coauthors":[],"author_meta":{"author_link":"https:\/\/www.icy.nl\/fr\/author\/daniel\/","display_name":"Daniel van de Kamp"},"relative_dates":{"created":"Publi\u00e9 9 ans il y a","modified":"Mis \u00e0 jour 1 an il y a"},"absolute_dates":{"created":"Publi\u00e9 le 20 juin 2017","modified":"Mise \u00e0 jour le 14 janvier 2025"},"absolute_dates_time":{"created":"Publi\u00e9 le 20 juin 2017 8h14","modified":"Mise \u00e0 jour le 14 janvier 2025 11h08"},"featured_img_caption":"","tax_additional":{"product_brand":{"linked":[],"unlinked":[],"slug":"product_brand","name":"Marques"},"product_type":{"linked":["<a href=\"https:\/\/www.icy.nl\/fr\/?taxonomy=product_type&#038;term=simple\" class=\"advgb-post-tax-term\">simple<\/a>"],"unlinked":["<span class=\"advgb-post-tax-term\">simple<\/span>"],"slug":"product_type","name":"Type de produit"},"product_visibility":{"linked":[],"unlinked":[],"slug":"product_visibility","name":"Visibilit\u00e9 du produit"},"product_cat":{"linked":["<a href=\"https:\/\/www.icy.nl\/fr\/product-categorie\/detecteurs-de-fumee-et-de-chaleur\/\" class=\"advgb-post-tax-term\">d\u00e9tecteurs de fum\u00e9e et de chaleur<\/a>"],"unlinked":["<span class=\"advgb-post-tax-term\">d\u00e9tecteurs de fum\u00e9e et de chaleur<\/span>"],"slug":"product_cat","name":"Cat\u00e9gories de produits"},"product_tag":{"linked":[],"unlinked":[],"slug":"product_tag","name":"\u00c9tiquettes produit"},"product_shipping_class":{"linked":[],"unlinked":[],"slug":"product_shipping_class","name":"Classe d\u2019exp\u00e9dition du produit"},"pos_product_visibility":{"linked":[],"unlinked":[],"slug":"pos_product_visibility","name":"Visibilit\u00e9 du produit sur le point de vente"},"translation_priority":{"linked":["<a href=\"https:\/\/www.icy.nl\/fr\/?taxonomy=translation_priority&#038;term=facultatif\" class=\"advgb-post-tax-term\">Facultatif<\/a>"],"unlinked":["<span class=\"advgb-post-tax-term\">Facultatif<\/span>"],"slug":"translation_priority","name":"Priorit\u00e9s de traduction"}},"series_order":"","_links":{"self":[{"href":"https:\/\/www.icy.nl\/fr\/wp-json\/wp\/v2\/product\/57625","targetHints":{"allow":["GET"]}}],"collection":[{"href":"https:\/\/www.icy.nl\/fr\/wp-json\/wp\/v2\/product"}],"about":[{"href":"https:\/\/www.icy.nl\/fr\/wp-json\/wp\/v2\/types\/product"}],"wp:featuredmedia":[{"embeddable":true,"href":"https:\/\/www.icy.nl\/fr\/wp-json\/wp\/v2\/media\/38434"}],"wp:attachment":[{"href":"https:\/\/www.icy.nl\/fr\/wp-json\/wp\/v2\/media?parent=57625"}],"wp:term":[{"taxonomy":"product_brand","embeddable":true,"href":"https:\/\/www.icy.nl\/fr\/wp-json\/wp\/v2\/product_brand?post=57625"},{"taxonomy":"product_cat","embeddable":true,"href":"https:\/\/www.icy.nl\/fr\/wp-json\/wp\/v2\/product_cat?post=57625"},{"taxonomy":"product_tag","embeddable":true,"href":"https:\/\/www.icy.nl\/fr\/wp-json\/wp\/v2\/product_tag?post=57625"}],"curies":[{"name":"wp","href":"https:\/\/api.w.org\/{rel}","templated":true}]}}