{"id":57629,"date":"2017-05-18T07:17:59","date_gmt":"2025-01-14T10:17:10","guid":{"rendered":"https:\/\/www.icy.nl\/product\/detecteur-de-chaleur-connectable-sans-fil\/"},"modified":"2025-01-14T11:17:10","modified_gmt":"2025-01-14T10:17:10","slug":"detecteur-de-chaleur-connectable-sans-fil","status":"publish","type":"product","link":"https:\/\/www.icy.nl\/fr\/produit\/detecteur-de-chaleur-connectable-sans-fil\/","title":{"rendered":"D\u00e9tecteur de chaleur connectable sans fil"},"content":{"rendered":"<p>Ce d\u00e9tecteur de chaleur connectable est id\u00e9al pour les b\u00e2timents o\u00f9 il est important que tous les d\u00e9tecteurs se d\u00e9clenchent lorsque de la chaleur est d\u00e9tect\u00e9e quelque part, comme dans les h\u00e9bergements de groupe, les maisons de vacances ou les immeubles de bureaux.<br \/>\nLe d\u00e9tecteur de chaleur est utilis\u00e9 dans les zones o\u00f9 la fum\u00e9e est souvent pr\u00e9sente. d\u00e9clenche de mani\u00e8re incorrecte un d\u00e9tecteur de fum\u00e9e l\u00e2ch\u00e9. Par exemple, dans une cuisine. Le d\u00e9tecteur de chaleur peut \u00eatre connect\u00e9 \u00e0 230V. L&rsquo;interconnexion entre les d\u00e9tecteurs de chaleur et de fum\u00e9e est sans fil, vous n&rsquo;avez donc pas besoin de tirer de fils.<br \/>\nLorsque l&rsquo;un des d\u00e9tecteurs de chaleur ou de fum\u00e9e li\u00e9s se d\u00e9clenche, tous les d\u00e9tecteurs li\u00e9s se d\u00e9clenchent dans les 3 secondes. De cette fa\u00e7on, toutes les personnes pr\u00e9sentes dans le b\u00e2timent sont imm\u00e9diatement averties de l&rsquo;incendie. D\u00e9tecteur de chaleur connectable sans fil <\/p>\n<h1>D\u00e9tecteur de chaleur ICY4530HD : alimentation secteur<\/h1>\n<ul>\n<li>Alarme thermique sans fil avec d\u00e9tecteur FireX KF30R<\/li>\n<li>Compensation automatique de la mesure du vieillissement et de la contamination<\/li>\n<li>Convient pour 230V<\/li>\n<li>Dur\u00e9e de vie : 10 ans<\/li>\n<li>Batterie rechargeable au lithium \u00ab Long Life \u00bb int\u00e9gr\u00e9e (non amovible)<\/li>\n<li>Regroupement sans fil facile de plusieurs d\u00e9tecteurs en 1 groupe d&rsquo;alarme (max. 32 unit\u00e9s)<\/li>\n<\/ul>\n<h1>D\u00e9tecteur de chaleur ICY4530HDB : aliment\u00e9 par batterie ou secteur<\/h1>\n<ul>\n<li>Alarme thermique sans fil avec d\u00e9tecteur FireX KF30<\/li>\n<li>Compensation automatique de la mesure du vieillissement et de la contamination<\/li>\n<li>Convient pour une utilisation avec et sans alimentation secteur<\/li>\n<li>Dur\u00e9e de vie : 7 \u00e0 10 ans<\/li>\n<li>Batteries au lithium \u00ab Long Life \u00bb int\u00e9gr\u00e9es (non amovibles)<\/li>\n<li>Regroupement sans fil facile de plusieurs d\u00e9tecteurs en 1 groupe d&rsquo;alarme (max. 32 unit\u00e9s)<\/li>\n<\/ul>\n<p>Ces d\u00e9tecteurs de chaleur peuvent \u00eatre connect\u00e9s \u00e0 <a href=\"https:\/\/www.icy.nl\/accommodation-management-draadloos-beheer-vakantieparken\/\">ICY Accommodation Management<\/a> et <a href=\"https:\/\/www.icy.nl\/facility-management-draadloos-gebouwbeheer\/\">ICY Facility Management<\/a> afin que les alarmes de chaleur soient transmises \u00e0 un emplacement central. Convient \u00e9galement pour signaler les incendies dans les b\u00e2timents sanitaires des campings en combinaison avec <a href=\"https:\/\/www.icy.nl\/draadloos-stroombeheer-campings\/\">ICY Campsite Management<\/a>. Peut \u00eatre connect\u00e9 \u00e0 nos <a href=\"https:\/\/www.icy.nl\/product\/draadloos-koppelbare-rookmelder\/\">d\u00e9tecteurs de fum\u00e9e connectables sans fil<\/a>.<\/p>\n","protected":false},"excerpt":{"rendered":"<p>Un d\u00e9tecteur de chaleur qui peut \u00eatre utilis\u00e9 dans les logements, les immeubles de bureaux, les appartements \u00e9tudiants, etc. Ce d\u00e9tecteur de chaleur peut \u00eatre utilis\u00e9 sans fil dans <a href=\"https:\/\/www.icy.nl\/accommodation-management-draadloos-beheer-vakantieparken\/\">ICY Accommodation Management<\/a>, <a href=\"https:\/\/www.icy.nl\/draadloos-stroombeheer-campings\/\">ICY Campsite Management<\/a> ou <a href=\"https:\/\/www.icy.nl\/facility-management-draadloos-gebouwbeheer\/\">ICY Facility Management<\/a>. Plusieurs d\u00e9tecteurs de chaleur peuvent \u00eatre facilement regroup\u00e9s sans fil dans 1 groupe d&rsquo;alarme (max. 32 unit\u00e9s)  <\/p>\n","protected":false},"author":2946,"featured_media":1111,"template":"","meta":{"advgb_blocks_editor_width":"","advgb_blocks_columns_visual_guide":"","_genesis_hide_title":false,"_genesis_hide_breadcrumbs":false,"_genesis_hide_singular_image":false,"_genesis_hide_footer_widgets":false,"_genesis_custom_body_class":"","_genesis_custom_post_class":"","_genesis_layout":""},"product_brand":[],"product_cat":[76,77,80,86],"product_tag":[],"class_list":{"0":"post-57629","1":"product","2":"type-product","3":"status-publish","4":"has-post-thumbnail","6":"product_cat-accommodation-management-fr","7":"product_cat-campsite-management-fr","8":"product_cat-facility-management-fr","9":"product_cat-detecteurs-de-fumee-et-de-chaleur","10":"entry","12":"first","13":"instock","14":"taxable","15":"shipping-taxable","16":"product-type-simple"},"yoast_head":"<!-- This site is optimized with the Yoast SEO plugin v27.3 - https:\/\/yoast.com\/product\/yoast-seo-wordpress\/ -->\n<title>D\u00e9tecteur de chaleur connectable sans fil - ICY<\/title>\n<meta name=\"description\" content=\"D\u00e9tecteur de chaleur connectable pouvant \u00eatre utilis\u00e9 dans les logements (de groupe) et les immeubles de bureaux. Signale l&#039;alarme sans fil aux autres d\u00e9tecteurs connect\u00e9s. {:}\" \/>\n<meta name=\"robots\" content=\"index, follow, max-snippet:-1, max-image-preview:large, max-video-preview:-1\" \/>\n<link rel=\"canonical\" href=\"https:\/\/www.icy.nl\/fr\/produit\/detecteur-de-chaleur-connectable-sans-fil\/\" \/>\n<meta property=\"og:locale\" content=\"fr_FR\" \/>\n<meta property=\"og:type\" content=\"article\" \/>\n<meta property=\"og:title\" content=\"D\u00e9tecteur de chaleur connectable sans fil - ICY\" \/>\n<meta property=\"og:description\" content=\"D\u00e9tecteur de chaleur connectable pouvant \u00eatre utilis\u00e9 dans les logements (de groupe) et les immeubles de bureaux. Signale l&#039;alarme sans fil aux autres d\u00e9tecteurs connect\u00e9s. {:}\" \/>\n<meta property=\"og:url\" content=\"https:\/\/www.icy.nl\/fr\/produit\/detecteur-de-chaleur-connectable-sans-fil\/\" \/>\n<meta property=\"og:site_name\" content=\"ICY\" \/>\n<meta property=\"og:image\" content=\"https:\/\/www.icy.nl\/wp-content\/uploads\/2017\/05\/4528SD-smoke-detector.jpg\" \/>\n\t<meta property=\"og:image:width\" content=\"800\" \/>\n\t<meta property=\"og:image:height\" content=\"756\" \/>\n\t<meta property=\"og:image:type\" content=\"image\/jpeg\" \/>\n<meta name=\"twitter:card\" content=\"summary_large_image\" \/>\n<meta name=\"twitter:label1\" content=\"Dur\u00e9e de lecture estim\u00e9e\" \/>\n\t<meta name=\"twitter:data1\" content=\"2 minutes\" \/>\n<script type=\"application\/ld+json\" class=\"yoast-schema-graph\">{\"@context\":\"https:\\\/\\\/schema.org\",\"@graph\":[{\"@type\":\"WebPage\",\"@id\":\"https:\\\/\\\/www.icy.nl\\\/fr\\\/produit\\\/detecteur-de-chaleur-connectable-sans-fil\\\/\",\"url\":\"https:\\\/\\\/www.icy.nl\\\/fr\\\/produit\\\/detecteur-de-chaleur-connectable-sans-fil\\\/\",\"name\":\"D\u00e9tecteur de chaleur connectable sans fil - ICY\",\"isPartOf\":{\"@id\":\"https:\\\/\\\/www.icy.nl\\\/fr\\\/#website\"},\"primaryImageOfPage\":{\"@id\":\"https:\\\/\\\/www.icy.nl\\\/fr\\\/produit\\\/detecteur-de-chaleur-connectable-sans-fil\\\/#primaryimage\"},\"image\":{\"@id\":\"https:\\\/\\\/www.icy.nl\\\/fr\\\/produit\\\/detecteur-de-chaleur-connectable-sans-fil\\\/#primaryimage\"},\"thumbnailUrl\":\"https:\\\/\\\/www.icy.nl\\\/wp-content\\\/uploads\\\/2017\\\/05\\\/4528SD-smoke-detector.jpg\",\"datePublished\":\"2025-01-14T10:17:10+00:00\",\"description\":\"D\u00e9tecteur de chaleur connectable pouvant \u00eatre utilis\u00e9 dans les logements (de groupe) et les immeubles de bureaux. Signale l'alarme sans fil aux autres d\u00e9tecteurs connect\u00e9s. {:}\",\"breadcrumb\":{\"@id\":\"https:\\\/\\\/www.icy.nl\\\/fr\\\/produit\\\/detecteur-de-chaleur-connectable-sans-fil\\\/#breadcrumb\"},\"inLanguage\":\"fr-FR\",\"potentialAction\":[{\"@type\":\"ReadAction\",\"target\":[\"https:\\\/\\\/www.icy.nl\\\/fr\\\/produit\\\/detecteur-de-chaleur-connectable-sans-fil\\\/\"]}]},{\"@type\":\"ImageObject\",\"inLanguage\":\"fr-FR\",\"@id\":\"https:\\\/\\\/www.icy.nl\\\/fr\\\/produit\\\/detecteur-de-chaleur-connectable-sans-fil\\\/#primaryimage\",\"url\":\"https:\\\/\\\/www.icy.nl\\\/wp-content\\\/uploads\\\/2017\\\/05\\\/4528SD-smoke-detector.jpg\",\"contentUrl\":\"https:\\\/\\\/www.icy.nl\\\/wp-content\\\/uploads\\\/2017\\\/05\\\/4528SD-smoke-detector.jpg\",\"width\":800,\"height\":756,\"caption\":\"4528SD-draadloos koppelbare hittemelder\"},{\"@type\":\"BreadcrumbList\",\"@id\":\"https:\\\/\\\/www.icy.nl\\\/fr\\\/produit\\\/detecteur-de-chaleur-connectable-sans-fil\\\/#breadcrumb\",\"itemListElement\":[{\"@type\":\"ListItem\",\"position\":1,\"name\":\"Home\",\"item\":\"https:\\\/\\\/www.icy.nl\\\/fr\\\/\"},{\"@type\":\"ListItem\",\"position\":2,\"name\":\"Produits\",\"item\":\"https:\\\/\\\/www.icy.nl\\\/fr\\\/produits\\\/\"},{\"@type\":\"ListItem\",\"position\":3,\"name\":\"D\u00e9tecteur de chaleur connectable sans fil\"}]},{\"@type\":\"WebSite\",\"@id\":\"https:\\\/\\\/www.icy.nl\\\/fr\\\/#website\",\"url\":\"https:\\\/\\\/www.icy.nl\\\/fr\\\/\",\"name\":\"ICY\",\"description\":\"Smartmotica solutions\",\"publisher\":{\"@id\":\"https:\\\/\\\/www.icy.nl\\\/fr\\\/#organization\"},\"potentialAction\":[{\"@type\":\"SearchAction\",\"target\":{\"@type\":\"EntryPoint\",\"urlTemplate\":\"https:\\\/\\\/www.icy.nl\\\/fr\\\/?s={search_term_string}\"},\"query-input\":{\"@type\":\"PropertyValueSpecification\",\"valueRequired\":true,\"valueName\":\"search_term_string\"}}],\"inLanguage\":\"fr-FR\"},{\"@type\":\"Organization\",\"@id\":\"https:\\\/\\\/www.icy.nl\\\/fr\\\/#organization\",\"name\":\"I.C.Y. B.V.\",\"url\":\"https:\\\/\\\/www.icy.nl\\\/fr\\\/\",\"logo\":{\"@type\":\"ImageObject\",\"inLanguage\":\"fr-FR\",\"@id\":\"https:\\\/\\\/www.icy.nl\\\/fr\\\/#\\\/schema\\\/logo\\\/image\\\/\",\"url\":\"https:\\\/\\\/www.icy.nl\\\/wp-content\\\/uploads\\\/2016\\\/11\\\/logo-icy.jpg\",\"contentUrl\":\"https:\\\/\\\/www.icy.nl\\\/wp-content\\\/uploads\\\/2016\\\/11\\\/logo-icy.jpg\",\"width\":400,\"height\":101,\"caption\":\"I.C.Y. B.V.\"},\"image\":{\"@id\":\"https:\\\/\\\/www.icy.nl\\\/fr\\\/#\\\/schema\\\/logo\\\/image\\\/\"}}]}<\/script>\n<!-- \/ Yoast SEO plugin. -->","yoast_head_json":{"title":"D\u00e9tecteur de chaleur connectable sans fil - ICY","description":"D\u00e9tecteur de chaleur connectable pouvant \u00eatre utilis\u00e9 dans les logements (de groupe) et les immeubles de bureaux. Signale l'alarme sans fil aux autres d\u00e9tecteurs connect\u00e9s. {:}","robots":{"index":"index","follow":"follow","max-snippet":"max-snippet:-1","max-image-preview":"max-image-preview:large","max-video-preview":"max-video-preview:-1"},"canonical":"https:\/\/www.icy.nl\/fr\/produit\/detecteur-de-chaleur-connectable-sans-fil\/","og_locale":"fr_FR","og_type":"article","og_title":"D\u00e9tecteur de chaleur connectable sans fil - ICY","og_description":"D\u00e9tecteur de chaleur connectable pouvant \u00eatre utilis\u00e9 dans les logements (de groupe) et les immeubles de bureaux. Signale l'alarme sans fil aux autres d\u00e9tecteurs connect\u00e9s. {:}","og_url":"https:\/\/www.icy.nl\/fr\/produit\/detecteur-de-chaleur-connectable-sans-fil\/","og_site_name":"ICY","og_image":[{"width":800,"height":756,"url":"https:\/\/www.icy.nl\/wp-content\/uploads\/2017\/05\/4528SD-smoke-detector.jpg","type":"image\/jpeg"}],"twitter_card":"summary_large_image","twitter_misc":{"Dur\u00e9e de lecture estim\u00e9e":"2 minutes"},"schema":{"@context":"https:\/\/schema.org","@graph":[{"@type":"WebPage","@id":"https:\/\/www.icy.nl\/fr\/produit\/detecteur-de-chaleur-connectable-sans-fil\/","url":"https:\/\/www.icy.nl\/fr\/produit\/detecteur-de-chaleur-connectable-sans-fil\/","name":"D\u00e9tecteur de chaleur connectable sans fil - ICY","isPartOf":{"@id":"https:\/\/www.icy.nl\/fr\/#website"},"primaryImageOfPage":{"@id":"https:\/\/www.icy.nl\/fr\/produit\/detecteur-de-chaleur-connectable-sans-fil\/#primaryimage"},"image":{"@id":"https:\/\/www.icy.nl\/fr\/produit\/detecteur-de-chaleur-connectable-sans-fil\/#primaryimage"},"thumbnailUrl":"https:\/\/www.icy.nl\/wp-content\/uploads\/2017\/05\/4528SD-smoke-detector.jpg","datePublished":"2025-01-14T10:17:10+00:00","description":"D\u00e9tecteur de chaleur connectable pouvant \u00eatre utilis\u00e9 dans les logements (de groupe) et les immeubles de bureaux. Signale l'alarme sans fil aux autres d\u00e9tecteurs connect\u00e9s. {:}","breadcrumb":{"@id":"https:\/\/www.icy.nl\/fr\/produit\/detecteur-de-chaleur-connectable-sans-fil\/#breadcrumb"},"inLanguage":"fr-FR","potentialAction":[{"@type":"ReadAction","target":["https:\/\/www.icy.nl\/fr\/produit\/detecteur-de-chaleur-connectable-sans-fil\/"]}]},{"@type":"ImageObject","inLanguage":"fr-FR","@id":"https:\/\/www.icy.nl\/fr\/produit\/detecteur-de-chaleur-connectable-sans-fil\/#primaryimage","url":"https:\/\/www.icy.nl\/wp-content\/uploads\/2017\/05\/4528SD-smoke-detector.jpg","contentUrl":"https:\/\/www.icy.nl\/wp-content\/uploads\/2017\/05\/4528SD-smoke-detector.jpg","width":800,"height":756,"caption":"4528SD-draadloos koppelbare hittemelder"},{"@type":"BreadcrumbList","@id":"https:\/\/www.icy.nl\/fr\/produit\/detecteur-de-chaleur-connectable-sans-fil\/#breadcrumb","itemListElement":[{"@type":"ListItem","position":1,"name":"Home","item":"https:\/\/www.icy.nl\/fr\/"},{"@type":"ListItem","position":2,"name":"Produits","item":"https:\/\/www.icy.nl\/fr\/produits\/"},{"@type":"ListItem","position":3,"name":"D\u00e9tecteur de chaleur connectable sans fil"}]},{"@type":"WebSite","@id":"https:\/\/www.icy.nl\/fr\/#website","url":"https:\/\/www.icy.nl\/fr\/","name":"ICY","description":"Smartmotica solutions","publisher":{"@id":"https:\/\/www.icy.nl\/fr\/#organization"},"potentialAction":[{"@type":"SearchAction","target":{"@type":"EntryPoint","urlTemplate":"https:\/\/www.icy.nl\/fr\/?s={search_term_string}"},"query-input":{"@type":"PropertyValueSpecification","valueRequired":true,"valueName":"search_term_string"}}],"inLanguage":"fr-FR"},{"@type":"Organization","@id":"https:\/\/www.icy.nl\/fr\/#organization","name":"I.C.Y. B.V.","url":"https:\/\/www.icy.nl\/fr\/","logo":{"@type":"ImageObject","inLanguage":"fr-FR","@id":"https:\/\/www.icy.nl\/fr\/#\/schema\/logo\/image\/","url":"https:\/\/www.icy.nl\/wp-content\/uploads\/2016\/11\/logo-icy.jpg","contentUrl":"https:\/\/www.icy.nl\/wp-content\/uploads\/2016\/11\/logo-icy.jpg","width":400,"height":101,"caption":"I.C.Y. B.V."},"image":{"@id":"https:\/\/www.icy.nl\/fr\/#\/schema\/logo\/image\/"}}]}},"featured_img":"https:\/\/www.icy.nl\/wp-content\/uploads\/2017\/05\/4528SD-smoke-detector.jpg","coauthors":[],"author_meta":{"author_link":"https:\/\/www.icy.nl\/fr\/author\/daniel\/","display_name":"Daniel van de Kamp"},"relative_dates":{"created":"Publi\u00e9 9 ans il y a","modified":"Mis \u00e0 jour 1 an il y a"},"absolute_dates":{"created":"Publi\u00e9 le 18 mai 2017","modified":"Mise \u00e0 jour le 14 janvier 2025"},"absolute_dates_time":{"created":"Publi\u00e9 le 18 mai 2017 7h17","modified":"Mise \u00e0 jour le 14 janvier 2025 11h17"},"featured_img_caption":"","tax_additional":{"product_brand":{"linked":[],"unlinked":[],"slug":"product_brand","name":"Marques"},"product_type":{"linked":["<a href=\"https:\/\/www.icy.nl\/fr\/?taxonomy=product_type&#038;term=simple\" class=\"advgb-post-tax-term\">simple<\/a>"],"unlinked":["<span class=\"advgb-post-tax-term\">simple<\/span>"],"slug":"product_type","name":"Type de produit"},"product_visibility":{"linked":[],"unlinked":[],"slug":"product_visibility","name":"Visibilit\u00e9 du produit"},"product_cat":{"linked":["<a href=\"https:\/\/www.icy.nl\/fr\/product-categorie\/accommodation-management-fr\/\" class=\"advgb-post-tax-term\">Accommodation Management<\/a>","<a href=\"https:\/\/www.icy.nl\/fr\/product-categorie\/campsite-management-fr\/\" class=\"advgb-post-tax-term\">Campsite Management<\/a>","<a href=\"https:\/\/www.icy.nl\/fr\/product-categorie\/facility-management-fr\/\" class=\"advgb-post-tax-term\">Facility Management<\/a>","<a href=\"https:\/\/www.icy.nl\/fr\/product-categorie\/detecteurs-de-fumee-et-de-chaleur\/\" class=\"advgb-post-tax-term\">d\u00e9tecteurs de fum\u00e9e et de chaleur<\/a>"],"unlinked":["<span class=\"advgb-post-tax-term\">Accommodation Management<\/span>","<span class=\"advgb-post-tax-term\">Campsite Management<\/span>","<span class=\"advgb-post-tax-term\">Facility Management<\/span>","<span class=\"advgb-post-tax-term\">d\u00e9tecteurs de fum\u00e9e et de chaleur<\/span>"],"slug":"product_cat","name":"Cat\u00e9gories de produits"},"product_tag":{"linked":[],"unlinked":[],"slug":"product_tag","name":"\u00c9tiquettes produit"},"product_shipping_class":{"linked":[],"unlinked":[],"slug":"product_shipping_class","name":"Classe d\u2019exp\u00e9dition du produit"},"pos_product_visibility":{"linked":[],"unlinked":[],"slug":"pos_product_visibility","name":"Visibilit\u00e9 du produit sur le point de vente"},"translation_priority":{"linked":["<a href=\"https:\/\/www.icy.nl\/fr\/?taxonomy=translation_priority&#038;term=hoge-prioriteit-fr\" class=\"advgb-post-tax-term\">hoge prioriteit<\/a>"],"unlinked":["<span class=\"advgb-post-tax-term\">hoge prioriteit<\/span>"],"slug":"translation_priority","name":"Priorit\u00e9s de traduction"}},"series_order":"","_links":{"self":[{"href":"https:\/\/www.icy.nl\/fr\/wp-json\/wp\/v2\/product\/57629","targetHints":{"allow":["GET"]}}],"collection":[{"href":"https:\/\/www.icy.nl\/fr\/wp-json\/wp\/v2\/product"}],"about":[{"href":"https:\/\/www.icy.nl\/fr\/wp-json\/wp\/v2\/types\/product"}],"wp:featuredmedia":[{"embeddable":true,"href":"https:\/\/www.icy.nl\/fr\/wp-json\/wp\/v2\/media\/1111"}],"wp:attachment":[{"href":"https:\/\/www.icy.nl\/fr\/wp-json\/wp\/v2\/media?parent=57629"}],"wp:term":[{"taxonomy":"product_brand","embeddable":true,"href":"https:\/\/www.icy.nl\/fr\/wp-json\/wp\/v2\/product_brand?post=57629"},{"taxonomy":"product_cat","embeddable":true,"href":"https:\/\/www.icy.nl\/fr\/wp-json\/wp\/v2\/product_cat?post=57629"},{"taxonomy":"product_tag","embeddable":true,"href":"https:\/\/www.icy.nl\/fr\/wp-json\/wp\/v2\/product_tag?post=57629"}],"curies":[{"name":"wp","href":"https:\/\/api.w.org\/{rel}","templated":true}]}}