{"id":57630,"date":"2017-04-06T09:18:45","date_gmt":"2025-01-14T10:48:01","guid":{"rendered":"https:\/\/www.icy.nl\/product\/icy-campere-wall-socket\/"},"modified":"2025-01-14T11:48:01","modified_gmt":"2025-01-14T10:48:01","slug":"icy-campere-wall-socket","status":"publish","type":"product","link":"https:\/\/www.icy.nl\/fr\/produit\/icy-campere-wall-socket\/","title":{"rendered":"ICY Camp\u00e8re Wall Socket"},"content":{"rendered":"<p>Ce produit fait partie de la <a href=\"https:\/\/www.icy.nl\/draadloos-stroombeheer-campings\/\"> ICY Campsite Management<\/a>. Afin de pouvoir r\u00e9gler la puissance sans fil par emplacement de camping, vous avez besoin d&rsquo;un appareil Camp\u00e8re par prise de courant de votre emplacement de camping. La prise murale Camp\u00e8re ICY4518WS est une prise mont\u00e9e en surface et remplace la prise CEE existante. Cet appareil contient tout ce dont vous avez besoin pour connecter sans fil la prise \u00e0 <a href=\"https:\/\/www.icy.nl\/draadloos-stroombeheer-campings\/\">ICY Campsite Management<\/a>. De plus, l&rsquo;appareil est \u00e9quip\u00e9 d&rsquo;un compteur kWh et d&rsquo;un limiteur d&rsquo;amp\u00e8re. La prise murale Camp\u00e8re peut \u00eatre configur\u00e9e sans fil dans l&rsquo;application logicielle de gestion de camping ICY. L&rsquo;installation est tr\u00e8s simple. <\/p>\n","protected":false},"excerpt":{"rendered":"<p>La prise murale Camp\u00e8re remplace vos prises CEE. Ce produit permet de r\u00e9gler la prise de courant sur un amp\u00e9rage sp\u00e9cifique. C&rsquo;est aussi un compteur qui permet de suivre la quantit\u00e9 d&rsquo;\u00e9lectricit\u00e9 consomm\u00e9e. La prise murale Camp\u00e8re peut \u00eatre configur\u00e9e sans fil via ICY-Net \u00e0 l&rsquo;aide du logiciel \u00ab ICY Campsite Management \u00bb.   <\/p>\n","protected":false},"author":2946,"featured_media":1034,"template":"","meta":{"advgb_blocks_editor_width":"","advgb_blocks_columns_visual_guide":"","_genesis_hide_title":false,"_genesis_hide_breadcrumbs":false,"_genesis_hide_singular_image":false,"_genesis_hide_footer_widgets":false,"_genesis_custom_body_class":"","_genesis_custom_post_class":"","_genesis_layout":""},"product_brand":[],"product_cat":[77,164],"product_tag":[],"class_list":{"0":"post-57630","1":"product","2":"type-product","3":"status-publish","4":"has-post-thumbnail","6":"product_cat-campsite-management-fr","7":"product_cat-marina-management-fr","8":"entry","10":"first","11":"instock","12":"taxable","13":"shipping-taxable","14":"product-type-simple"},"yoast_head":"<!-- This site is optimized with the Yoast SEO plugin v27.4 - https:\/\/yoast.com\/product\/yoast-seo-wordpress\/ -->\n<title>[:fr]Gestion de l&#039;alimentation sans fil pour campings - prise CEE[:]<\/title>\n<meta name=\"description\" content=\"La prise murale Camp\u00e8re est une prise en saillie CEE qui peut \u00eatre r\u00e9gl\u00e9e sans fil via ICY Campsite Management.{:}\" \/>\n<meta name=\"robots\" content=\"index, follow, max-snippet:-1, max-image-preview:large, max-video-preview:-1\" \/>\n<link rel=\"canonical\" href=\"https:\/\/www.icy.nl\/fr\/produit\/icy-campere-wall-socket\/\" \/>\n<meta property=\"og:locale\" content=\"fr_FR\" \/>\n<meta property=\"og:type\" content=\"article\" \/>\n<meta property=\"og:title\" content=\"[:fr]Gestion de l&#039;alimentation sans fil pour campings - prise CEE[:]\" \/>\n<meta property=\"og:description\" content=\"La prise murale Camp\u00e8re est une prise en saillie CEE qui peut \u00eatre r\u00e9gl\u00e9e sans fil via ICY Campsite Management.{:}\" \/>\n<meta property=\"og:url\" content=\"https:\/\/www.icy.nl\/fr\/produit\/icy-campere-wall-socket\/\" \/>\n<meta property=\"og:site_name\" content=\"ICY\" \/>\n<meta property=\"og:image\" content=\"https:\/\/www.icy.nl\/wp-content\/uploads\/2017\/04\/Campere-Wall-socket-vrijstaand.jpg\" \/>\n\t<meta property=\"og:image:width\" content=\"1513\" \/>\n\t<meta property=\"og:image:height\" content=\"1801\" \/>\n\t<meta property=\"og:image:type\" content=\"image\/jpeg\" \/>\n<meta name=\"twitter:card\" content=\"summary_large_image\" \/>\n<meta name=\"twitter:label1\" content=\"Dur\u00e9e de lecture estim\u00e9e\" \/>\n\t<meta name=\"twitter:data1\" content=\"1 minute\" \/>\n<script type=\"application\/ld+json\" class=\"yoast-schema-graph\">{\"@context\":\"https:\\\/\\\/schema.org\",\"@graph\":[{\"@type\":\"WebPage\",\"@id\":\"https:\\\/\\\/www.icy.nl\\\/fr\\\/produit\\\/icy-campere-wall-socket\\\/\",\"url\":\"https:\\\/\\\/www.icy.nl\\\/fr\\\/produit\\\/icy-campere-wall-socket\\\/\",\"name\":\"[:fr]Gestion de l'alimentation sans fil pour campings - prise CEE[:]\",\"isPartOf\":{\"@id\":\"https:\\\/\\\/www.icy.nl\\\/fr\\\/#website\"},\"primaryImageOfPage\":{\"@id\":\"https:\\\/\\\/www.icy.nl\\\/fr\\\/produit\\\/icy-campere-wall-socket\\\/#primaryimage\"},\"image\":{\"@id\":\"https:\\\/\\\/www.icy.nl\\\/fr\\\/produit\\\/icy-campere-wall-socket\\\/#primaryimage\"},\"thumbnailUrl\":\"https:\\\/\\\/www.icy.nl\\\/wp-content\\\/uploads\\\/2017\\\/04\\\/Campere-Wall-socket-vrijstaand.jpg\",\"datePublished\":\"2025-01-14T10:48:01+00:00\",\"description\":\"La prise murale Camp\u00e8re est une prise en saillie CEE qui peut \u00eatre r\u00e9gl\u00e9e sans fil via ICY Campsite Management.{:}\",\"breadcrumb\":{\"@id\":\"https:\\\/\\\/www.icy.nl\\\/fr\\\/produit\\\/icy-campere-wall-socket\\\/#breadcrumb\"},\"inLanguage\":\"fr-FR\",\"potentialAction\":[{\"@type\":\"ReadAction\",\"target\":[\"https:\\\/\\\/www.icy.nl\\\/fr\\\/produit\\\/icy-campere-wall-socket\\\/\"]}]},{\"@type\":\"ImageObject\",\"inLanguage\":\"fr-FR\",\"@id\":\"https:\\\/\\\/www.icy.nl\\\/fr\\\/produit\\\/icy-campere-wall-socket\\\/#primaryimage\",\"url\":\"https:\\\/\\\/www.icy.nl\\\/wp-content\\\/uploads\\\/2017\\\/04\\\/Campere-Wall-socket-vrijstaand.jpg\",\"contentUrl\":\"https:\\\/\\\/www.icy.nl\\\/wp-content\\\/uploads\\\/2017\\\/04\\\/Campere-Wall-socket-vrijstaand.jpg\",\"width\":1513,\"height\":1801,\"caption\":\"Campere Wall socket-draadloos stroom camping\"},{\"@type\":\"BreadcrumbList\",\"@id\":\"https:\\\/\\\/www.icy.nl\\\/fr\\\/produit\\\/icy-campere-wall-socket\\\/#breadcrumb\",\"itemListElement\":[{\"@type\":\"ListItem\",\"position\":1,\"name\":\"Home\",\"item\":\"https:\\\/\\\/www.icy.nl\\\/fr\\\/\"},{\"@type\":\"ListItem\",\"position\":2,\"name\":\"Produits\",\"item\":\"https:\\\/\\\/www.icy.nl\\\/fr\\\/produits\\\/\"},{\"@type\":\"ListItem\",\"position\":3,\"name\":\"ICY Camp\u00e8re Wall Socket\"}]},{\"@type\":\"WebSite\",\"@id\":\"https:\\\/\\\/www.icy.nl\\\/fr\\\/#website\",\"url\":\"https:\\\/\\\/www.icy.nl\\\/fr\\\/\",\"name\":\"ICY\",\"description\":\"Smartmotica solutions\",\"publisher\":{\"@id\":\"https:\\\/\\\/www.icy.nl\\\/fr\\\/#organization\"},\"potentialAction\":[{\"@type\":\"SearchAction\",\"target\":{\"@type\":\"EntryPoint\",\"urlTemplate\":\"https:\\\/\\\/www.icy.nl\\\/fr\\\/?s={search_term_string}\"},\"query-input\":{\"@type\":\"PropertyValueSpecification\",\"valueRequired\":true,\"valueName\":\"search_term_string\"}}],\"inLanguage\":\"fr-FR\"},{\"@type\":\"Organization\",\"@id\":\"https:\\\/\\\/www.icy.nl\\\/fr\\\/#organization\",\"name\":\"I.C.Y. B.V.\",\"url\":\"https:\\\/\\\/www.icy.nl\\\/fr\\\/\",\"logo\":{\"@type\":\"ImageObject\",\"inLanguage\":\"fr-FR\",\"@id\":\"https:\\\/\\\/www.icy.nl\\\/fr\\\/#\\\/schema\\\/logo\\\/image\\\/\",\"url\":\"https:\\\/\\\/www.icy.nl\\\/wp-content\\\/uploads\\\/2016\\\/11\\\/logo-icy.jpg\",\"contentUrl\":\"https:\\\/\\\/www.icy.nl\\\/wp-content\\\/uploads\\\/2016\\\/11\\\/logo-icy.jpg\",\"width\":400,\"height\":101,\"caption\":\"I.C.Y. B.V.\"},\"image\":{\"@id\":\"https:\\\/\\\/www.icy.nl\\\/fr\\\/#\\\/schema\\\/logo\\\/image\\\/\"}}]}<\/script>\n<!-- \/ Yoast SEO plugin. -->","yoast_head_json":{"title":"[:fr]Gestion de l'alimentation sans fil pour campings - prise CEE[:]","description":"La prise murale Camp\u00e8re est une prise en saillie CEE qui peut \u00eatre r\u00e9gl\u00e9e sans fil via ICY Campsite Management.{:}","robots":{"index":"index","follow":"follow","max-snippet":"max-snippet:-1","max-image-preview":"max-image-preview:large","max-video-preview":"max-video-preview:-1"},"canonical":"https:\/\/www.icy.nl\/fr\/produit\/icy-campere-wall-socket\/","og_locale":"fr_FR","og_type":"article","og_title":"[:fr]Gestion de l'alimentation sans fil pour campings - prise CEE[:]","og_description":"La prise murale Camp\u00e8re est une prise en saillie CEE qui peut \u00eatre r\u00e9gl\u00e9e sans fil via ICY Campsite Management.{:}","og_url":"https:\/\/www.icy.nl\/fr\/produit\/icy-campere-wall-socket\/","og_site_name":"ICY","og_image":[{"width":1513,"height":1801,"url":"https:\/\/www.icy.nl\/wp-content\/uploads\/2017\/04\/Campere-Wall-socket-vrijstaand.jpg","type":"image\/jpeg"}],"twitter_card":"summary_large_image","twitter_misc":{"Dur\u00e9e de lecture estim\u00e9e":"1 minute"},"schema":{"@context":"https:\/\/schema.org","@graph":[{"@type":"WebPage","@id":"https:\/\/www.icy.nl\/fr\/produit\/icy-campere-wall-socket\/","url":"https:\/\/www.icy.nl\/fr\/produit\/icy-campere-wall-socket\/","name":"[:fr]Gestion de l'alimentation sans fil pour campings - prise CEE[:]","isPartOf":{"@id":"https:\/\/www.icy.nl\/fr\/#website"},"primaryImageOfPage":{"@id":"https:\/\/www.icy.nl\/fr\/produit\/icy-campere-wall-socket\/#primaryimage"},"image":{"@id":"https:\/\/www.icy.nl\/fr\/produit\/icy-campere-wall-socket\/#primaryimage"},"thumbnailUrl":"https:\/\/www.icy.nl\/wp-content\/uploads\/2017\/04\/Campere-Wall-socket-vrijstaand.jpg","datePublished":"2025-01-14T10:48:01+00:00","description":"La prise murale Camp\u00e8re est une prise en saillie CEE qui peut \u00eatre r\u00e9gl\u00e9e sans fil via ICY Campsite Management.{:}","breadcrumb":{"@id":"https:\/\/www.icy.nl\/fr\/produit\/icy-campere-wall-socket\/#breadcrumb"},"inLanguage":"fr-FR","potentialAction":[{"@type":"ReadAction","target":["https:\/\/www.icy.nl\/fr\/produit\/icy-campere-wall-socket\/"]}]},{"@type":"ImageObject","inLanguage":"fr-FR","@id":"https:\/\/www.icy.nl\/fr\/produit\/icy-campere-wall-socket\/#primaryimage","url":"https:\/\/www.icy.nl\/wp-content\/uploads\/2017\/04\/Campere-Wall-socket-vrijstaand.jpg","contentUrl":"https:\/\/www.icy.nl\/wp-content\/uploads\/2017\/04\/Campere-Wall-socket-vrijstaand.jpg","width":1513,"height":1801,"caption":"Campere Wall socket-draadloos stroom camping"},{"@type":"BreadcrumbList","@id":"https:\/\/www.icy.nl\/fr\/produit\/icy-campere-wall-socket\/#breadcrumb","itemListElement":[{"@type":"ListItem","position":1,"name":"Home","item":"https:\/\/www.icy.nl\/fr\/"},{"@type":"ListItem","position":2,"name":"Produits","item":"https:\/\/www.icy.nl\/fr\/produits\/"},{"@type":"ListItem","position":3,"name":"ICY Camp\u00e8re Wall Socket"}]},{"@type":"WebSite","@id":"https:\/\/www.icy.nl\/fr\/#website","url":"https:\/\/www.icy.nl\/fr\/","name":"ICY","description":"Smartmotica solutions","publisher":{"@id":"https:\/\/www.icy.nl\/fr\/#organization"},"potentialAction":[{"@type":"SearchAction","target":{"@type":"EntryPoint","urlTemplate":"https:\/\/www.icy.nl\/fr\/?s={search_term_string}"},"query-input":{"@type":"PropertyValueSpecification","valueRequired":true,"valueName":"search_term_string"}}],"inLanguage":"fr-FR"},{"@type":"Organization","@id":"https:\/\/www.icy.nl\/fr\/#organization","name":"I.C.Y. B.V.","url":"https:\/\/www.icy.nl\/fr\/","logo":{"@type":"ImageObject","inLanguage":"fr-FR","@id":"https:\/\/www.icy.nl\/fr\/#\/schema\/logo\/image\/","url":"https:\/\/www.icy.nl\/wp-content\/uploads\/2016\/11\/logo-icy.jpg","contentUrl":"https:\/\/www.icy.nl\/wp-content\/uploads\/2016\/11\/logo-icy.jpg","width":400,"height":101,"caption":"I.C.Y. B.V."},"image":{"@id":"https:\/\/www.icy.nl\/fr\/#\/schema\/logo\/image\/"}}]}},"featured_img":"https:\/\/www.icy.nl\/wp-content\/uploads\/2017\/04\/Campere-Wall-socket-vrijstaand.jpg","coauthors":[],"author_meta":{"author_link":"https:\/\/www.icy.nl\/fr\/author\/daniel\/","display_name":"Daniel van de Kamp"},"relative_dates":{"created":"Publi\u00e9 9 ans il y a","modified":"Mis \u00e0 jour 1 an il y a"},"absolute_dates":{"created":"Publi\u00e9 le 6 avril 2017","modified":"Mise \u00e0 jour le 14 janvier 2025"},"absolute_dates_time":{"created":"Publi\u00e9 le 6 avril 2017 9h18","modified":"Mise \u00e0 jour le 14 janvier 2025 11h48"},"featured_img_caption":"","tax_additional":{"product_brand":{"linked":[],"unlinked":[],"slug":"product_brand","name":"Marques"},"product_type":{"linked":["<a href=\"https:\/\/www.icy.nl\/fr\/?taxonomy=product_type&#038;term=simple\" class=\"advgb-post-tax-term\">simple<\/a>"],"unlinked":["<span class=\"advgb-post-tax-term\">simple<\/span>"],"slug":"product_type","name":"Type de produit"},"product_visibility":{"linked":[],"unlinked":[],"slug":"product_visibility","name":"Visibilit\u00e9 du produit"},"product_cat":{"linked":["<a href=\"https:\/\/www.icy.nl\/fr\/product-categorie\/campsite-management-fr\/\" class=\"advgb-post-tax-term\">Campsite Management<\/a>","<a href=\"https:\/\/www.icy.nl\/fr\/product-categorie\/marina-management-fr\/\" class=\"advgb-post-tax-term\">Marina Management<\/a>"],"unlinked":["<span class=\"advgb-post-tax-term\">Campsite Management<\/span>","<span class=\"advgb-post-tax-term\">Marina Management<\/span>"],"slug":"product_cat","name":"Cat\u00e9gories de produits"},"product_tag":{"linked":[],"unlinked":[],"slug":"product_tag","name":"\u00c9tiquettes produit"},"product_shipping_class":{"linked":[],"unlinked":[],"slug":"product_shipping_class","name":"Classe d\u2019exp\u00e9dition du produit"},"pos_product_visibility":{"linked":[],"unlinked":[],"slug":"pos_product_visibility","name":"Visibilit\u00e9 du produit sur le point de vente"},"translation_priority":{"linked":["<a href=\"https:\/\/www.icy.nl\/fr\/?taxonomy=translation_priority&#038;term=hoge-prioriteit-fr\" class=\"advgb-post-tax-term\">hoge prioriteit<\/a>"],"unlinked":["<span class=\"advgb-post-tax-term\">hoge prioriteit<\/span>"],"slug":"translation_priority","name":"Priorit\u00e9s de traduction"}},"series_order":"","_links":{"self":[{"href":"https:\/\/www.icy.nl\/fr\/wp-json\/wp\/v2\/product\/57630","targetHints":{"allow":["GET"]}}],"collection":[{"href":"https:\/\/www.icy.nl\/fr\/wp-json\/wp\/v2\/product"}],"about":[{"href":"https:\/\/www.icy.nl\/fr\/wp-json\/wp\/v2\/types\/product"}],"wp:featuredmedia":[{"embeddable":true,"href":"https:\/\/www.icy.nl\/fr\/wp-json\/wp\/v2\/media\/1034"}],"wp:attachment":[{"href":"https:\/\/www.icy.nl\/fr\/wp-json\/wp\/v2\/media?parent=57630"}],"wp:term":[{"taxonomy":"product_brand","embeddable":true,"href":"https:\/\/www.icy.nl\/fr\/wp-json\/wp\/v2\/product_brand?post=57630"},{"taxonomy":"product_cat","embeddable":true,"href":"https:\/\/www.icy.nl\/fr\/wp-json\/wp\/v2\/product_cat?post=57630"},{"taxonomy":"product_tag","embeddable":true,"href":"https:\/\/www.icy.nl\/fr\/wp-json\/wp\/v2\/product_tag?post=57630"}],"curies":[{"name":"wp","href":"https:\/\/api.w.org\/{rel}","templated":true}]}}