{"id":57632,"date":"2016-09-19T11:37:37","date_gmt":"2025-01-14T10:50:01","guid":{"rendered":"https:\/\/www.icy.nl\/product\/icy-campere-module-din\/"},"modified":"2025-01-14T11:50:01","modified_gmt":"2025-01-14T10:50:01","slug":"icy-campere-module-din","status":"publish","type":"product","link":"https:\/\/www.icy.nl\/fr\/produit\/icy-campere-module-din\/","title":{"rendered":"ICY Camp\u00e8re Module (DIN)"},"content":{"rendered":"<p>Le module camping-car ICY4850CM est plac\u00e9 apr\u00e8s le disjoncteur et peut \u00eatre mont\u00e9 sur un rail DIN. Les modules camping-car sont \u00e9quip\u00e9s d&rsquo;un \u00e9cran qui affiche en alternance la consommation actuelle et le relev\u00e9 du compteur. Nous pouvons fournir de nouvelles armoires compl\u00e8tes avec ces modules pr\u00e9-assembl\u00e9s, mais ils peuvent \u00e9galement \u00eatre connect\u00e9s s\u00e9par\u00e9ment dans vos armoires de commande existantes. Si vous choisissez les Modules Camp\u00e8re, vous aurez besoin d&rsquo;un Contr\u00f4leur pour les contr\u00f4ler (appareil \u00e0 gauche). L&rsquo;ICY4942CC est adapt\u00e9 pour contr\u00f4ler jusqu&rsquo;\u00e0 15 modules. Le ICY4943CC est adapt\u00e9 pour contr\u00f4ler jusqu&rsquo;\u00e0 3 modules.<\/p>\n<p>&nbsp;<\/p>\n","protected":false},"excerpt":{"rendered":"<p>Le module Camp\u00e8re permet de limiter \u00e0 distance l&rsquo;intensit\u00e9 d&rsquo;une prise de courant \u00e0 un amp\u00e9rage sp\u00e9cifique. C&rsquo;est aussi un compteur kWh qui permet de suivre la quantit\u00e9 d&rsquo;\u00e9lectricit\u00e9 consomm\u00e9e. Le module Camp\u00e8re peut \u00eatre r\u00e9gl\u00e9 sans fil via ICY-Net \u00e0 l&rsquo;aide des applications logicielles ICY Campsite Management et ICY Marina Management.  <\/p>\n","protected":false},"author":2946,"featured_media":38237,"template":"","meta":{"advgb_blocks_editor_width":"","advgb_blocks_columns_visual_guide":"","_genesis_hide_title":false,"_genesis_hide_breadcrumbs":false,"_genesis_hide_singular_image":false,"_genesis_hide_footer_widgets":false,"_genesis_custom_body_class":"","_genesis_custom_post_class":"","_genesis_layout":""},"product_brand":[],"product_cat":[77,164],"product_tag":[],"class_list":{"0":"post-57632","1":"product","2":"type-product","3":"status-publish","4":"has-post-thumbnail","6":"product_cat-campsite-management-fr","7":"product_cat-marina-management-fr","8":"entry","10":"first","11":"instock","12":"taxable","13":"shipping-taxable","14":"product-type-simple"},"yoast_head":"<!-- This site is optimized with the Yoast SEO plugin v27.4 - https:\/\/yoast.com\/product\/yoast-seo-wordpress\/ -->\n<title>ICY Camp\u00e8re Module (DIN) - ICY<\/title>\n<meta name=\"robots\" content=\"index, follow, max-snippet:-1, max-image-preview:large, max-video-preview:-1\" \/>\n<link rel=\"canonical\" href=\"https:\/\/www.icy.nl\/fr\/produit\/icy-campere-module-din\/\" \/>\n<meta property=\"og:locale\" content=\"fr_FR\" \/>\n<meta property=\"og:type\" content=\"article\" \/>\n<meta property=\"og:title\" content=\"ICY Camp\u00e8re Module (DIN) - ICY\" \/>\n<meta property=\"og:description\" content=\"Le module Camp\u00e8re permet de limiter \u00e0 distance l&#039;intensit\u00e9 d&#039;une prise de courant \u00e0 un amp\u00e9rage sp\u00e9cifique. C&#039;est aussi un compteur kWh qui permet de suivre la quantit\u00e9 d&#039;\u00e9lectricit\u00e9 consomm\u00e9e. Le module Camp\u00e8re peut \u00eatre r\u00e9gl\u00e9 sans fil via ICY-Net \u00e0 l&#039;aide des applications logicielles ICY Campsite Management et ICY Marina Management.\" \/>\n<meta property=\"og:url\" content=\"https:\/\/www.icy.nl\/fr\/produit\/icy-campere-module-din\/\" \/>\n<meta property=\"og:site_name\" content=\"ICY\" \/>\n<meta property=\"og:image\" content=\"https:\/\/www.icy.nl\/wp-content\/uploads\/2021\/03\/4850CM-Campere-Module.jpg\" \/>\n\t<meta property=\"og:image:width\" content=\"800\" \/>\n\t<meta property=\"og:image:height\" content=\"800\" \/>\n\t<meta property=\"og:image:type\" content=\"image\/jpeg\" \/>\n<meta name=\"twitter:card\" content=\"summary_large_image\" \/>\n<meta name=\"twitter:label1\" content=\"Dur\u00e9e de lecture estim\u00e9e\" \/>\n\t<meta name=\"twitter:data1\" content=\"1 minute\" \/>\n<script type=\"application\/ld+json\" class=\"yoast-schema-graph\">{\"@context\":\"https:\\\/\\\/schema.org\",\"@graph\":[{\"@type\":\"WebPage\",\"@id\":\"https:\\\/\\\/www.icy.nl\\\/fr\\\/produit\\\/icy-campere-module-din\\\/\",\"url\":\"https:\\\/\\\/www.icy.nl\\\/fr\\\/produit\\\/icy-campere-module-din\\\/\",\"name\":\"ICY Camp\u00e8re Module (DIN) - ICY\",\"isPartOf\":{\"@id\":\"https:\\\/\\\/www.icy.nl\\\/fr\\\/#website\"},\"primaryImageOfPage\":{\"@id\":\"https:\\\/\\\/www.icy.nl\\\/fr\\\/produit\\\/icy-campere-module-din\\\/#primaryimage\"},\"image\":{\"@id\":\"https:\\\/\\\/www.icy.nl\\\/fr\\\/produit\\\/icy-campere-module-din\\\/#primaryimage\"},\"thumbnailUrl\":\"https:\\\/\\\/www.icy.nl\\\/wp-content\\\/uploads\\\/2021\\\/03\\\/4850CM-Campere-Module.jpg\",\"datePublished\":\"2025-01-14T10:50:01+00:00\",\"breadcrumb\":{\"@id\":\"https:\\\/\\\/www.icy.nl\\\/fr\\\/produit\\\/icy-campere-module-din\\\/#breadcrumb\"},\"inLanguage\":\"fr-FR\",\"potentialAction\":[{\"@type\":\"ReadAction\",\"target\":[\"https:\\\/\\\/www.icy.nl\\\/fr\\\/produit\\\/icy-campere-module-din\\\/\"]}]},{\"@type\":\"ImageObject\",\"inLanguage\":\"fr-FR\",\"@id\":\"https:\\\/\\\/www.icy.nl\\\/fr\\\/produit\\\/icy-campere-module-din\\\/#primaryimage\",\"url\":\"https:\\\/\\\/www.icy.nl\\\/wp-content\\\/uploads\\\/2021\\\/03\\\/4850CM-Campere-Module.jpg\",\"contentUrl\":\"https:\\\/\\\/www.icy.nl\\\/wp-content\\\/uploads\\\/2021\\\/03\\\/4850CM-Campere-Module.jpg\",\"width\":800,\"height\":800},{\"@type\":\"BreadcrumbList\",\"@id\":\"https:\\\/\\\/www.icy.nl\\\/fr\\\/produit\\\/icy-campere-module-din\\\/#breadcrumb\",\"itemListElement\":[{\"@type\":\"ListItem\",\"position\":1,\"name\":\"Home\",\"item\":\"https:\\\/\\\/www.icy.nl\\\/fr\\\/\"},{\"@type\":\"ListItem\",\"position\":2,\"name\":\"Produits\",\"item\":\"https:\\\/\\\/www.icy.nl\\\/fr\\\/produits\\\/\"},{\"@type\":\"ListItem\",\"position\":3,\"name\":\"ICY Camp\u00e8re Module (DIN)\"}]},{\"@type\":\"WebSite\",\"@id\":\"https:\\\/\\\/www.icy.nl\\\/fr\\\/#website\",\"url\":\"https:\\\/\\\/www.icy.nl\\\/fr\\\/\",\"name\":\"ICY\",\"description\":\"Smartmotica solutions\",\"publisher\":{\"@id\":\"https:\\\/\\\/www.icy.nl\\\/fr\\\/#organization\"},\"potentialAction\":[{\"@type\":\"SearchAction\",\"target\":{\"@type\":\"EntryPoint\",\"urlTemplate\":\"https:\\\/\\\/www.icy.nl\\\/fr\\\/?s={search_term_string}\"},\"query-input\":{\"@type\":\"PropertyValueSpecification\",\"valueRequired\":true,\"valueName\":\"search_term_string\"}}],\"inLanguage\":\"fr-FR\"},{\"@type\":\"Organization\",\"@id\":\"https:\\\/\\\/www.icy.nl\\\/fr\\\/#organization\",\"name\":\"I.C.Y. B.V.\",\"url\":\"https:\\\/\\\/www.icy.nl\\\/fr\\\/\",\"logo\":{\"@type\":\"ImageObject\",\"inLanguage\":\"fr-FR\",\"@id\":\"https:\\\/\\\/www.icy.nl\\\/fr\\\/#\\\/schema\\\/logo\\\/image\\\/\",\"url\":\"https:\\\/\\\/www.icy.nl\\\/wp-content\\\/uploads\\\/2016\\\/11\\\/logo-icy.jpg\",\"contentUrl\":\"https:\\\/\\\/www.icy.nl\\\/wp-content\\\/uploads\\\/2016\\\/11\\\/logo-icy.jpg\",\"width\":400,\"height\":101,\"caption\":\"I.C.Y. B.V.\"},\"image\":{\"@id\":\"https:\\\/\\\/www.icy.nl\\\/fr\\\/#\\\/schema\\\/logo\\\/image\\\/\"}}]}<\/script>\n<!-- \/ Yoast SEO plugin. -->","yoast_head_json":{"title":"ICY Camp\u00e8re Module (DIN) - ICY","robots":{"index":"index","follow":"follow","max-snippet":"max-snippet:-1","max-image-preview":"max-image-preview:large","max-video-preview":"max-video-preview:-1"},"canonical":"https:\/\/www.icy.nl\/fr\/produit\/icy-campere-module-din\/","og_locale":"fr_FR","og_type":"article","og_title":"ICY Camp\u00e8re Module (DIN) - ICY","og_description":"Le module Camp\u00e8re permet de limiter \u00e0 distance l'intensit\u00e9 d'une prise de courant \u00e0 un amp\u00e9rage sp\u00e9cifique. C'est aussi un compteur kWh qui permet de suivre la quantit\u00e9 d'\u00e9lectricit\u00e9 consomm\u00e9e. Le module Camp\u00e8re peut \u00eatre r\u00e9gl\u00e9 sans fil via ICY-Net \u00e0 l'aide des applications logicielles ICY Campsite Management et ICY Marina Management.","og_url":"https:\/\/www.icy.nl\/fr\/produit\/icy-campere-module-din\/","og_site_name":"ICY","og_image":[{"width":800,"height":800,"url":"https:\/\/www.icy.nl\/wp-content\/uploads\/2021\/03\/4850CM-Campere-Module.jpg","type":"image\/jpeg"}],"twitter_card":"summary_large_image","twitter_misc":{"Dur\u00e9e de lecture estim\u00e9e":"1 minute"},"schema":{"@context":"https:\/\/schema.org","@graph":[{"@type":"WebPage","@id":"https:\/\/www.icy.nl\/fr\/produit\/icy-campere-module-din\/","url":"https:\/\/www.icy.nl\/fr\/produit\/icy-campere-module-din\/","name":"ICY Camp\u00e8re Module (DIN) - ICY","isPartOf":{"@id":"https:\/\/www.icy.nl\/fr\/#website"},"primaryImageOfPage":{"@id":"https:\/\/www.icy.nl\/fr\/produit\/icy-campere-module-din\/#primaryimage"},"image":{"@id":"https:\/\/www.icy.nl\/fr\/produit\/icy-campere-module-din\/#primaryimage"},"thumbnailUrl":"https:\/\/www.icy.nl\/wp-content\/uploads\/2021\/03\/4850CM-Campere-Module.jpg","datePublished":"2025-01-14T10:50:01+00:00","breadcrumb":{"@id":"https:\/\/www.icy.nl\/fr\/produit\/icy-campere-module-din\/#breadcrumb"},"inLanguage":"fr-FR","potentialAction":[{"@type":"ReadAction","target":["https:\/\/www.icy.nl\/fr\/produit\/icy-campere-module-din\/"]}]},{"@type":"ImageObject","inLanguage":"fr-FR","@id":"https:\/\/www.icy.nl\/fr\/produit\/icy-campere-module-din\/#primaryimage","url":"https:\/\/www.icy.nl\/wp-content\/uploads\/2021\/03\/4850CM-Campere-Module.jpg","contentUrl":"https:\/\/www.icy.nl\/wp-content\/uploads\/2021\/03\/4850CM-Campere-Module.jpg","width":800,"height":800},{"@type":"BreadcrumbList","@id":"https:\/\/www.icy.nl\/fr\/produit\/icy-campere-module-din\/#breadcrumb","itemListElement":[{"@type":"ListItem","position":1,"name":"Home","item":"https:\/\/www.icy.nl\/fr\/"},{"@type":"ListItem","position":2,"name":"Produits","item":"https:\/\/www.icy.nl\/fr\/produits\/"},{"@type":"ListItem","position":3,"name":"ICY Camp\u00e8re Module (DIN)"}]},{"@type":"WebSite","@id":"https:\/\/www.icy.nl\/fr\/#website","url":"https:\/\/www.icy.nl\/fr\/","name":"ICY","description":"Smartmotica solutions","publisher":{"@id":"https:\/\/www.icy.nl\/fr\/#organization"},"potentialAction":[{"@type":"SearchAction","target":{"@type":"EntryPoint","urlTemplate":"https:\/\/www.icy.nl\/fr\/?s={search_term_string}"},"query-input":{"@type":"PropertyValueSpecification","valueRequired":true,"valueName":"search_term_string"}}],"inLanguage":"fr-FR"},{"@type":"Organization","@id":"https:\/\/www.icy.nl\/fr\/#organization","name":"I.C.Y. B.V.","url":"https:\/\/www.icy.nl\/fr\/","logo":{"@type":"ImageObject","inLanguage":"fr-FR","@id":"https:\/\/www.icy.nl\/fr\/#\/schema\/logo\/image\/","url":"https:\/\/www.icy.nl\/wp-content\/uploads\/2016\/11\/logo-icy.jpg","contentUrl":"https:\/\/www.icy.nl\/wp-content\/uploads\/2016\/11\/logo-icy.jpg","width":400,"height":101,"caption":"I.C.Y. B.V."},"image":{"@id":"https:\/\/www.icy.nl\/fr\/#\/schema\/logo\/image\/"}}]}},"featured_img":"https:\/\/www.icy.nl\/wp-content\/uploads\/2021\/03\/4850CM-Campere-Module.jpg","coauthors":[],"author_meta":{"author_link":"https:\/\/www.icy.nl\/fr\/author\/daniel\/","display_name":"Daniel van de Kamp"},"relative_dates":{"created":"Publi\u00e9 10 ans il y a","modified":"Mis \u00e0 jour 1 an il y a"},"absolute_dates":{"created":"Publi\u00e9 le 19 septembre 2016","modified":"Mise \u00e0 jour le 14 janvier 2025"},"absolute_dates_time":{"created":"Publi\u00e9 le 19 septembre 2016 11h37","modified":"Mise \u00e0 jour le 14 janvier 2025 11h50"},"featured_img_caption":"","tax_additional":{"product_brand":{"linked":[],"unlinked":[],"slug":"product_brand","name":"Marques"},"product_type":{"linked":["<a href=\"https:\/\/www.icy.nl\/fr\/?taxonomy=product_type&#038;term=simple\" class=\"advgb-post-tax-term\">simple<\/a>"],"unlinked":["<span class=\"advgb-post-tax-term\">simple<\/span>"],"slug":"product_type","name":"Type de produit"},"product_visibility":{"linked":[],"unlinked":[],"slug":"product_visibility","name":"Visibilit\u00e9 du produit"},"product_cat":{"linked":["<a href=\"https:\/\/www.icy.nl\/fr\/product-categorie\/campsite-management-fr\/\" class=\"advgb-post-tax-term\">Campsite Management<\/a>","<a href=\"https:\/\/www.icy.nl\/fr\/product-categorie\/marina-management-fr\/\" class=\"advgb-post-tax-term\">Marina Management<\/a>"],"unlinked":["<span class=\"advgb-post-tax-term\">Campsite Management<\/span>","<span class=\"advgb-post-tax-term\">Marina Management<\/span>"],"slug":"product_cat","name":"Cat\u00e9gories de produits"},"product_tag":{"linked":[],"unlinked":[],"slug":"product_tag","name":"\u00c9tiquettes produit"},"product_shipping_class":{"linked":[],"unlinked":[],"slug":"product_shipping_class","name":"Classe d\u2019exp\u00e9dition du produit"},"pos_product_visibility":{"linked":[],"unlinked":[],"slug":"pos_product_visibility","name":"Visibilit\u00e9 du produit sur le point de vente"},"translation_priority":{"linked":["<a href=\"https:\/\/www.icy.nl\/fr\/?taxonomy=translation_priority&#038;term=hoge-prioriteit-fr\" class=\"advgb-post-tax-term\">hoge prioriteit<\/a>"],"unlinked":["<span class=\"advgb-post-tax-term\">hoge prioriteit<\/span>"],"slug":"translation_priority","name":"Priorit\u00e9s de traduction"}},"series_order":"","_links":{"self":[{"href":"https:\/\/www.icy.nl\/fr\/wp-json\/wp\/v2\/product\/57632","targetHints":{"allow":["GET"]}}],"collection":[{"href":"https:\/\/www.icy.nl\/fr\/wp-json\/wp\/v2\/product"}],"about":[{"href":"https:\/\/www.icy.nl\/fr\/wp-json\/wp\/v2\/types\/product"}],"wp:featuredmedia":[{"embeddable":true,"href":"https:\/\/www.icy.nl\/fr\/wp-json\/wp\/v2\/media\/38237"}],"wp:attachment":[{"href":"https:\/\/www.icy.nl\/fr\/wp-json\/wp\/v2\/media?parent=57632"}],"wp:term":[{"taxonomy":"product_brand","embeddable":true,"href":"https:\/\/www.icy.nl\/fr\/wp-json\/wp\/v2\/product_brand?post=57632"},{"taxonomy":"product_cat","embeddable":true,"href":"https:\/\/www.icy.nl\/fr\/wp-json\/wp\/v2\/product_cat?post=57632"},{"taxonomy":"product_tag","embeddable":true,"href":"https:\/\/www.icy.nl\/fr\/wp-json\/wp\/v2\/product_tag?post=57632"}],"curies":[{"name":"wp","href":"https:\/\/api.w.org\/{rel}","templated":true}]}}