{"id":57635,"date":"2016-07-06T09:18:37","date_gmt":"2025-01-14T10:56:12","guid":{"rendered":"https:\/\/www.icy.nl\/product\/power-switch\/"},"modified":"2025-01-14T11:56:12","modified_gmt":"2025-01-14T10:56:12","slug":"power-switch","status":"publish","type":"product","link":"https:\/\/www.icy.nl\/fr\/produit\/power-switch\/","title":{"rendered":"Power Switch"},"content":{"rendered":"<p>Le Power Switch permet le contr\u00f4le sans fil des syst\u00e8mes de chauffage. Il fait le lien entre le thermostat et l&rsquo;appareil de chauffage. <span class=\"Apple-converted-space\"> L&rsquo;interrupteur d&rsquo;alimentation peut \u00eatre utilis\u00e9 pour le chauffage \u00e9lectrique et pour le chauffage central. <\/span><\/p>\n<p><strong>Chauffage \u00e9lectrique<\/strong><\/p>\n<p>Le chauffage \u00e9lectrique est r\u00e9gl\u00e9 au maximum, mais l&rsquo;alimentation est interrompue par l&rsquo;interrupteur d&rsquo;alimentation jusqu&rsquo;\u00e0 ce qu&rsquo;il y ait une demande de chaleur. Le <a href=\"https:\/\/www.icy.nl\/product\/icy1845in-timer-thermostaat-expert\/\">ICY 1845IN Timer Thermostat<\/a> envoie un message aux interrupteurs d&rsquo;alimentation lorsqu&rsquo;il y a une demande de chaleur, ce qui allume le(s) radiateur(s) \u00e9lectrique(s). L&rsquo;interrupteur d&rsquo;alimentation commute au moyen de un relais avec une charge maximale de 230 V AC \/ 16 A <\/p>\n<p><strong>Chauffage central<\/strong><\/p>\n<p>L&rsquo;interrupteur d&rsquo;alimentation est install\u00e9 \u00e0 proximit\u00e9 de la chaudi\u00e8re de chauffage central. Un <a href=\"https:\/\/www.icy.nl\/product\/icy1845in-timer-thermostaat-expert\/\">ICY 1845INTimer Thermostat<\/a> est install\u00e9 dans une ou plusieurs pi\u00e8ces. Celui-ci est reli\u00e9 par fil aux servomoteurs des boutons du radiateur. Lorsqu&rsquo;il y a une demande de chaleur, le thermostat ouvre les radiateurs et envoie un message \u00e0 l&rsquo;interrupteur d&rsquo;alimentation pour que la chaudi\u00e8re commence \u00e0 fonctionner. L&rsquo;interrupteur d&rsquo;alimentation dispose d&rsquo;un court d\u00e9lai int\u00e9gr\u00e9 qui garantit que la chaudi\u00e8re ne commence \u00e0 fonctionner que lorsque les vannes du radiateur sont ouvertes.    <\/p>\n","protected":false},"excerpt":{"rendered":"<p>L&rsquo;interrupteur d&rsquo;alimentation peut commuter des appareils \u00e9lectriques. Cet appareil peut \u00eatre allum\u00e9 ou \u00e9teint via le r\u00e9seau ICY.<br \/>\nIl peut \u00eatre utilis\u00e9, par exemple, pour contr\u00f4ler les syst\u00e8mes de chauffage \u00e9lectrique. Une autre application consiste \u00e0 allumer et \u00e0 \u00e9teindre une chaudi\u00e8re de chauffage central lorsque l&rsquo;on travaille avec un syst\u00e8me de contr\u00f4le de zone. <\/p>\n<p>&nbsp;<\/p>\n","protected":false},"author":2946,"featured_media":39637,"template":"","meta":{"advgb_blocks_editor_width":"","advgb_blocks_columns_visual_guide":"","_genesis_hide_title":false,"_genesis_hide_breadcrumbs":false,"_genesis_hide_singular_image":false,"_genesis_hide_footer_widgets":false,"_genesis_custom_body_class":"","_genesis_custom_post_class":"","_genesis_layout":""},"product_brand":[],"product_cat":[91,76,80,87,88,90],"product_tag":[],"class_list":{"0":"post-57635","1":"product","2":"type-product","3":"status-publish","4":"has-post-thumbnail","6":"product_cat-agence-demploi","7":"product_cat-accommodation-management-fr","8":"product_cat-facility-management-fr","9":"product_cat-logement-etudiant","10":"product_cat-controles-de-temperature","11":"product_cat-accessoires-de-thermostat","12":"entry","14":"first","15":"instock","16":"taxable","17":"shipping-taxable","18":"product-type-simple"},"yoast_head":"<!-- This site is optimized with the Yoast SEO plugin v27.4 - https:\/\/yoast.com\/product\/yoast-seo-wordpress\/ -->\n<title>Power Switch - ICY<\/title>\n<meta name=\"robots\" content=\"index, follow, max-snippet:-1, max-image-preview:large, max-video-preview:-1\" \/>\n<link rel=\"canonical\" href=\"https:\/\/www.icy.nl\/fr\/produit\/power-switch\/\" \/>\n<meta property=\"og:locale\" content=\"fr_FR\" \/>\n<meta property=\"og:type\" content=\"article\" \/>\n<meta property=\"og:title\" content=\"Power Switch - ICY\" \/>\n<meta property=\"og:description\" content=\"L&#039;interrupteur d&#039;alimentation peut commuter des appareils \u00e9lectriques. Cet appareil peut \u00eatre allum\u00e9 ou \u00e9teint via le r\u00e9seau ICY. Il peut \u00eatre utilis\u00e9, par exemple, pour contr\u00f4ler les syst\u00e8mes de chauffage \u00e9lectrique. Une autre application consiste \u00e0 allumer et \u00e0 \u00e9teindre une chaudi\u00e8re de chauffage central lorsque l&#039;on travaille avec un syst\u00e8me de contr\u00f4le de zone.   &nbsp;\" \/>\n<meta property=\"og:url\" content=\"https:\/\/www.icy.nl\/fr\/produit\/power-switch\/\" \/>\n<meta property=\"og:site_name\" content=\"ICY\" \/>\n<meta property=\"og:image\" content=\"https:\/\/www.icy.nl\/wp-content\/uploads\/2016\/07\/3512IN-Power-Switch-1.jpg\" \/>\n\t<meta property=\"og:image:width\" content=\"995\" \/>\n\t<meta property=\"og:image:height\" content=\"995\" \/>\n\t<meta property=\"og:image:type\" content=\"image\/jpeg\" \/>\n<meta name=\"twitter:card\" content=\"summary_large_image\" \/>\n<meta name=\"twitter:label1\" content=\"Dur\u00e9e de lecture estim\u00e9e\" \/>\n\t<meta name=\"twitter:data1\" content=\"1 minute\" \/>\n<script type=\"application\/ld+json\" class=\"yoast-schema-graph\">{\"@context\":\"https:\\\/\\\/schema.org\",\"@graph\":[{\"@type\":\"WebPage\",\"@id\":\"https:\\\/\\\/www.icy.nl\\\/fr\\\/produit\\\/power-switch\\\/\",\"url\":\"https:\\\/\\\/www.icy.nl\\\/fr\\\/produit\\\/power-switch\\\/\",\"name\":\"Power Switch - ICY\",\"isPartOf\":{\"@id\":\"https:\\\/\\\/www.icy.nl\\\/fr\\\/#website\"},\"primaryImageOfPage\":{\"@id\":\"https:\\\/\\\/www.icy.nl\\\/fr\\\/produit\\\/power-switch\\\/#primaryimage\"},\"image\":{\"@id\":\"https:\\\/\\\/www.icy.nl\\\/fr\\\/produit\\\/power-switch\\\/#primaryimage\"},\"thumbnailUrl\":\"https:\\\/\\\/www.icy.nl\\\/wp-content\\\/uploads\\\/2016\\\/07\\\/3512IN-Power-Switch-1.jpg\",\"datePublished\":\"2025-01-14T10:56:12+00:00\",\"breadcrumb\":{\"@id\":\"https:\\\/\\\/www.icy.nl\\\/fr\\\/produit\\\/power-switch\\\/#breadcrumb\"},\"inLanguage\":\"fr-FR\",\"potentialAction\":[{\"@type\":\"ReadAction\",\"target\":[\"https:\\\/\\\/www.icy.nl\\\/fr\\\/produit\\\/power-switch\\\/\"]}]},{\"@type\":\"ImageObject\",\"inLanguage\":\"fr-FR\",\"@id\":\"https:\\\/\\\/www.icy.nl\\\/fr\\\/produit\\\/power-switch\\\/#primaryimage\",\"url\":\"https:\\\/\\\/www.icy.nl\\\/wp-content\\\/uploads\\\/2016\\\/07\\\/3512IN-Power-Switch-1.jpg\",\"contentUrl\":\"https:\\\/\\\/www.icy.nl\\\/wp-content\\\/uploads\\\/2016\\\/07\\\/3512IN-Power-Switch-1.jpg\",\"width\":995,\"height\":995},{\"@type\":\"BreadcrumbList\",\"@id\":\"https:\\\/\\\/www.icy.nl\\\/fr\\\/produit\\\/power-switch\\\/#breadcrumb\",\"itemListElement\":[{\"@type\":\"ListItem\",\"position\":1,\"name\":\"Home\",\"item\":\"https:\\\/\\\/www.icy.nl\\\/fr\\\/\"},{\"@type\":\"ListItem\",\"position\":2,\"name\":\"Produits\",\"item\":\"https:\\\/\\\/www.icy.nl\\\/fr\\\/produits\\\/\"},{\"@type\":\"ListItem\",\"position\":3,\"name\":\"Power Switch\"}]},{\"@type\":\"WebSite\",\"@id\":\"https:\\\/\\\/www.icy.nl\\\/fr\\\/#website\",\"url\":\"https:\\\/\\\/www.icy.nl\\\/fr\\\/\",\"name\":\"ICY\",\"description\":\"Smartmotica solutions\",\"publisher\":{\"@id\":\"https:\\\/\\\/www.icy.nl\\\/fr\\\/#organization\"},\"potentialAction\":[{\"@type\":\"SearchAction\",\"target\":{\"@type\":\"EntryPoint\",\"urlTemplate\":\"https:\\\/\\\/www.icy.nl\\\/fr\\\/?s={search_term_string}\"},\"query-input\":{\"@type\":\"PropertyValueSpecification\",\"valueRequired\":true,\"valueName\":\"search_term_string\"}}],\"inLanguage\":\"fr-FR\"},{\"@type\":\"Organization\",\"@id\":\"https:\\\/\\\/www.icy.nl\\\/fr\\\/#organization\",\"name\":\"I.C.Y. B.V.\",\"url\":\"https:\\\/\\\/www.icy.nl\\\/fr\\\/\",\"logo\":{\"@type\":\"ImageObject\",\"inLanguage\":\"fr-FR\",\"@id\":\"https:\\\/\\\/www.icy.nl\\\/fr\\\/#\\\/schema\\\/logo\\\/image\\\/\",\"url\":\"https:\\\/\\\/www.icy.nl\\\/wp-content\\\/uploads\\\/2016\\\/11\\\/logo-icy.jpg\",\"contentUrl\":\"https:\\\/\\\/www.icy.nl\\\/wp-content\\\/uploads\\\/2016\\\/11\\\/logo-icy.jpg\",\"width\":400,\"height\":101,\"caption\":\"I.C.Y. B.V.\"},\"image\":{\"@id\":\"https:\\\/\\\/www.icy.nl\\\/fr\\\/#\\\/schema\\\/logo\\\/image\\\/\"}}]}<\/script>\n<!-- \/ Yoast SEO plugin. -->","yoast_head_json":{"title":"Power Switch - ICY","robots":{"index":"index","follow":"follow","max-snippet":"max-snippet:-1","max-image-preview":"max-image-preview:large","max-video-preview":"max-video-preview:-1"},"canonical":"https:\/\/www.icy.nl\/fr\/produit\/power-switch\/","og_locale":"fr_FR","og_type":"article","og_title":"Power Switch - ICY","og_description":"L'interrupteur d'alimentation peut commuter des appareils \u00e9lectriques. Cet appareil peut \u00eatre allum\u00e9 ou \u00e9teint via le r\u00e9seau ICY. Il peut \u00eatre utilis\u00e9, par exemple, pour contr\u00f4ler les syst\u00e8mes de chauffage \u00e9lectrique. Une autre application consiste \u00e0 allumer et \u00e0 \u00e9teindre une chaudi\u00e8re de chauffage central lorsque l'on travaille avec un syst\u00e8me de contr\u00f4le de zone.   &nbsp;","og_url":"https:\/\/www.icy.nl\/fr\/produit\/power-switch\/","og_site_name":"ICY","og_image":[{"width":995,"height":995,"url":"https:\/\/www.icy.nl\/wp-content\/uploads\/2016\/07\/3512IN-Power-Switch-1.jpg","type":"image\/jpeg"}],"twitter_card":"summary_large_image","twitter_misc":{"Dur\u00e9e de lecture estim\u00e9e":"1 minute"},"schema":{"@context":"https:\/\/schema.org","@graph":[{"@type":"WebPage","@id":"https:\/\/www.icy.nl\/fr\/produit\/power-switch\/","url":"https:\/\/www.icy.nl\/fr\/produit\/power-switch\/","name":"Power Switch - ICY","isPartOf":{"@id":"https:\/\/www.icy.nl\/fr\/#website"},"primaryImageOfPage":{"@id":"https:\/\/www.icy.nl\/fr\/produit\/power-switch\/#primaryimage"},"image":{"@id":"https:\/\/www.icy.nl\/fr\/produit\/power-switch\/#primaryimage"},"thumbnailUrl":"https:\/\/www.icy.nl\/wp-content\/uploads\/2016\/07\/3512IN-Power-Switch-1.jpg","datePublished":"2025-01-14T10:56:12+00:00","breadcrumb":{"@id":"https:\/\/www.icy.nl\/fr\/produit\/power-switch\/#breadcrumb"},"inLanguage":"fr-FR","potentialAction":[{"@type":"ReadAction","target":["https:\/\/www.icy.nl\/fr\/produit\/power-switch\/"]}]},{"@type":"ImageObject","inLanguage":"fr-FR","@id":"https:\/\/www.icy.nl\/fr\/produit\/power-switch\/#primaryimage","url":"https:\/\/www.icy.nl\/wp-content\/uploads\/2016\/07\/3512IN-Power-Switch-1.jpg","contentUrl":"https:\/\/www.icy.nl\/wp-content\/uploads\/2016\/07\/3512IN-Power-Switch-1.jpg","width":995,"height":995},{"@type":"BreadcrumbList","@id":"https:\/\/www.icy.nl\/fr\/produit\/power-switch\/#breadcrumb","itemListElement":[{"@type":"ListItem","position":1,"name":"Home","item":"https:\/\/www.icy.nl\/fr\/"},{"@type":"ListItem","position":2,"name":"Produits","item":"https:\/\/www.icy.nl\/fr\/produits\/"},{"@type":"ListItem","position":3,"name":"Power Switch"}]},{"@type":"WebSite","@id":"https:\/\/www.icy.nl\/fr\/#website","url":"https:\/\/www.icy.nl\/fr\/","name":"ICY","description":"Smartmotica solutions","publisher":{"@id":"https:\/\/www.icy.nl\/fr\/#organization"},"potentialAction":[{"@type":"SearchAction","target":{"@type":"EntryPoint","urlTemplate":"https:\/\/www.icy.nl\/fr\/?s={search_term_string}"},"query-input":{"@type":"PropertyValueSpecification","valueRequired":true,"valueName":"search_term_string"}}],"inLanguage":"fr-FR"},{"@type":"Organization","@id":"https:\/\/www.icy.nl\/fr\/#organization","name":"I.C.Y. B.V.","url":"https:\/\/www.icy.nl\/fr\/","logo":{"@type":"ImageObject","inLanguage":"fr-FR","@id":"https:\/\/www.icy.nl\/fr\/#\/schema\/logo\/image\/","url":"https:\/\/www.icy.nl\/wp-content\/uploads\/2016\/11\/logo-icy.jpg","contentUrl":"https:\/\/www.icy.nl\/wp-content\/uploads\/2016\/11\/logo-icy.jpg","width":400,"height":101,"caption":"I.C.Y. B.V."},"image":{"@id":"https:\/\/www.icy.nl\/fr\/#\/schema\/logo\/image\/"}}]}},"featured_img":"https:\/\/www.icy.nl\/wp-content\/uploads\/2016\/07\/3512IN-Power-Switch-1.jpg","coauthors":[],"author_meta":{"author_link":"https:\/\/www.icy.nl\/fr\/author\/daniel\/","display_name":"Daniel van de Kamp"},"relative_dates":{"created":"Publi\u00e9 10 ans il y a","modified":"Mis \u00e0 jour 1 an il y a"},"absolute_dates":{"created":"Publi\u00e9 le 6 juillet 2016","modified":"Mise \u00e0 jour le 14 janvier 2025"},"absolute_dates_time":{"created":"Publi\u00e9 le 6 juillet 2016 9h18","modified":"Mise \u00e0 jour le 14 janvier 2025 11h56"},"featured_img_caption":"","tax_additional":{"product_brand":{"linked":[],"unlinked":[],"slug":"product_brand","name":"Marques"},"product_type":{"linked":["<a href=\"https:\/\/www.icy.nl\/fr\/?taxonomy=product_type&#038;term=simple\" class=\"advgb-post-tax-term\">simple<\/a>"],"unlinked":["<span class=\"advgb-post-tax-term\">simple<\/span>"],"slug":"product_type","name":"Type de produit"},"product_visibility":{"linked":[],"unlinked":[],"slug":"product_visibility","name":"Visibilit\u00e9 du produit"},"product_cat":{"linked":["<a href=\"https:\/\/www.icy.nl\/fr\/product-categorie\/agence-demploi\/\" class=\"advgb-post-tax-term\">Agence d&#039;emploi<\/a>","<a href=\"https:\/\/www.icy.nl\/fr\/product-categorie\/accommodation-management-fr\/\" class=\"advgb-post-tax-term\">Accommodation Management<\/a>","<a href=\"https:\/\/www.icy.nl\/fr\/product-categorie\/facility-management-fr\/\" class=\"advgb-post-tax-term\">Facility Management<\/a>","<a href=\"https:\/\/www.icy.nl\/fr\/product-categorie\/logement-etudiant\/\" class=\"advgb-post-tax-term\">Logement \u00e9tudiant<\/a>","<a href=\"https:\/\/www.icy.nl\/fr\/product-categorie\/controles-de-temperature\/\" class=\"advgb-post-tax-term\">contr\u00f4les de temp\u00e9rature<\/a>","<a href=\"https:\/\/www.icy.nl\/fr\/product-categorie\/accessoires-de-thermostat\/\" class=\"advgb-post-tax-term\">Accessoires de thermostat<\/a>"],"unlinked":["<span class=\"advgb-post-tax-term\">Agence d&#039;emploi<\/span>","<span class=\"advgb-post-tax-term\">Accommodation Management<\/span>","<span class=\"advgb-post-tax-term\">Facility Management<\/span>","<span class=\"advgb-post-tax-term\">Logement \u00e9tudiant<\/span>","<span class=\"advgb-post-tax-term\">contr\u00f4les de temp\u00e9rature<\/span>","<span class=\"advgb-post-tax-term\">Accessoires de thermostat<\/span>"],"slug":"product_cat","name":"Cat\u00e9gories de produits"},"product_tag":{"linked":[],"unlinked":[],"slug":"product_tag","name":"\u00c9tiquettes produit"},"product_shipping_class":{"linked":[],"unlinked":[],"slug":"product_shipping_class","name":"Classe d\u2019exp\u00e9dition du produit"},"pos_product_visibility":{"linked":[],"unlinked":[],"slug":"pos_product_visibility","name":"Visibilit\u00e9 du produit sur le point de vente"},"translation_priority":{"linked":["<a href=\"https:\/\/www.icy.nl\/fr\/?taxonomy=translation_priority&#038;term=hoge-prioriteit-fr\" class=\"advgb-post-tax-term\">hoge prioriteit<\/a>"],"unlinked":["<span class=\"advgb-post-tax-term\">hoge prioriteit<\/span>"],"slug":"translation_priority","name":"Priorit\u00e9s de traduction"}},"series_order":"","_links":{"self":[{"href":"https:\/\/www.icy.nl\/fr\/wp-json\/wp\/v2\/product\/57635","targetHints":{"allow":["GET"]}}],"collection":[{"href":"https:\/\/www.icy.nl\/fr\/wp-json\/wp\/v2\/product"}],"about":[{"href":"https:\/\/www.icy.nl\/fr\/wp-json\/wp\/v2\/types\/product"}],"wp:featuredmedia":[{"embeddable":true,"href":"https:\/\/www.icy.nl\/fr\/wp-json\/wp\/v2\/media\/39637"}],"wp:attachment":[{"href":"https:\/\/www.icy.nl\/fr\/wp-json\/wp\/v2\/media?parent=57635"}],"wp:term":[{"taxonomy":"product_brand","embeddable":true,"href":"https:\/\/www.icy.nl\/fr\/wp-json\/wp\/v2\/product_brand?post=57635"},{"taxonomy":"product_cat","embeddable":true,"href":"https:\/\/www.icy.nl\/fr\/wp-json\/wp\/v2\/product_cat?post=57635"},{"taxonomy":"product_tag","embeddable":true,"href":"https:\/\/www.icy.nl\/fr\/wp-json\/wp\/v2\/product_tag?post=57635"}],"curies":[{"name":"wp","href":"https:\/\/api.w.org\/{rel}","templated":true}]}}