{"id":57644,"date":"2018-02-26T15:03:47","date_gmt":"2025-01-14T11:03:16","guid":{"rendered":"https:\/\/www.icy.nl\/product\/interrupteur-de-pompe-tuyaux-22-mm-de-diametre\/"},"modified":"2025-01-17T17:25:22","modified_gmt":"2025-01-17T16:25:22","slug":"interrupteur-de-pompe-tuyaux-22-mm-de-diametre","status":"publish","type":"product","link":"https:\/\/www.icy.nl\/fr\/produit\/interrupteur-de-pompe-tuyaux-22-mm-de-diametre\/","title":{"rendered":"Interrupteur de pompe (tuyaux &gt; 22 mm de diam\u00e8tre)"},"content":{"rendered":"","protected":false},"excerpt":{"rendered":"<p>M\u00eame si le chauffage par le sol n&rsquo;a souvent pas besoin de chauffer, dans de nombreux cas, la pompe du chauffage par le sol fonctionne toute la journ\u00e9e, que cela soit n\u00e9cessaire ou non. L&rsquo;interrupteur de pompe ICY garantit que la pompe n&rsquo;est allum\u00e9e qu&rsquo;en cas de demande de chaleur. D\u00e8s que la chaudi\u00e8re commence \u00e0 fonctionner, l&rsquo;interrupteur de la pompe met la pompe en marche. Le capteur fourni avec ce produit est adapt\u00e9 aux tuyaux de chauffage d&rsquo;un diam\u00e8tre sup\u00e9rieur \u00e0 22 mm avec un maximum de 45 mm.   <\/p>\n<p class=\"price\"><span class=\"woocommerce-Price-amount amount\"><bdi><span class=\"woocommerce-Price-currencySymbol\">\u20ac<\/span>67,-<\/bdi><\/span> <small class=\"woocommerce-price-suffix\">hors TVA <\/small><\/p>\n<p>Ce produit est disponible dans notre boutique en ligne via le lien ci-dessous.<\/p>\n<p><a class=\"button-product\" href=\"https:\/\/icybv.odoo.com\/shop\/icy3325pst-pompschakelaar-voor-buizen-o-22mm-113\" target=\"_blank\" rel=\"noopener noreferrer\"><span>Aller \u00e0 ce produit<\/span><\/a><\/p>\n","protected":false},"author":2946,"featured_media":1667,"template":"","meta":{"advgb_blocks_editor_width":"","advgb_blocks_columns_visual_guide":"","_genesis_hide_title":false,"_genesis_hide_breadcrumbs":false,"_genesis_hide_singular_image":false,"_genesis_hide_footer_widgets":false,"_genesis_custom_body_class":"","_genesis_custom_post_class":"","_genesis_layout":""},"product_brand":[],"product_cat":[109],"product_tag":[],"class_list":{"0":"post-57644","1":"product","2":"type-product","3":"status-publish","4":"has-post-thumbnail","6":"product_cat-geen-categorie","7":"product_shipping_class-paquet-normal","8":"entry","10":"first","11":"instock","12":"taxable","13":"shipping-taxable","14":"product-type-simple"},"yoast_head":"<!-- This site is optimized with the Yoast SEO plugin v27.3 - https:\/\/yoast.com\/product\/yoast-seo-wordpress\/ -->\n<title>Interrupteur de pompe (tuyaux &gt; 22 mm de diam\u00e8tre) - ICY<\/title>\n<meta name=\"robots\" content=\"index, follow, max-snippet:-1, max-image-preview:large, max-video-preview:-1\" \/>\n<link rel=\"canonical\" href=\"https:\/\/www.icy.nl\/fr\/produit\/interrupteur-de-pompe-tuyaux-22-mm-de-diametre\/\" \/>\n<meta property=\"og:locale\" content=\"fr_FR\" \/>\n<meta property=\"og:type\" content=\"article\" \/>\n<meta property=\"og:title\" content=\"Interrupteur de pompe (tuyaux &gt; 22 mm de diam\u00e8tre) - ICY\" \/>\n<meta property=\"og:description\" content=\"M\u00eame si le chauffage par le sol n&#039;a souvent pas besoin de chauffer, dans de nombreux cas, la pompe du chauffage par le sol fonctionne toute la journ\u00e9e, que cela soit n\u00e9cessaire ou non. L&#039;interrupteur de pompe ICY garantit que la pompe n&#039;est allum\u00e9e qu&#039;en cas de demande de chaleur. D\u00e8s que la chaudi\u00e8re commence \u00e0 fonctionner, l&#039;interrupteur de la pompe met la pompe en marche. Le capteur fourni avec ce produit est adapt\u00e9 aux tuyaux de chauffage d&#039;un diam\u00e8tre sup\u00e9rieur \u00e0 22 mm avec un maximum de 45 mm.   \u20ac67,- hors TVA Ce produit est disponible dans notre boutique en ligne via le lien ci-dessous. Aller \u00e0 ce produit\" \/>\n<meta property=\"og:url\" content=\"https:\/\/www.icy.nl\/fr\/produit\/interrupteur-de-pompe-tuyaux-22-mm-de-diametre\/\" \/>\n<meta property=\"og:site_name\" content=\"ICY\" \/>\n<meta property=\"article:modified_time\" content=\"2025-01-17T16:25:22+00:00\" \/>\n<meta name=\"twitter:card\" content=\"summary_large_image\" \/>\n<script type=\"application\/ld+json\" class=\"yoast-schema-graph\">{\"@context\":\"https:\\\/\\\/schema.org\",\"@graph\":[{\"@type\":\"WebPage\",\"@id\":\"https:\\\/\\\/www.icy.nl\\\/fr\\\/produit\\\/interrupteur-de-pompe-tuyaux-22-mm-de-diametre\\\/\",\"url\":\"https:\\\/\\\/www.icy.nl\\\/fr\\\/produit\\\/interrupteur-de-pompe-tuyaux-22-mm-de-diametre\\\/\",\"name\":\"Interrupteur de pompe (tuyaux &gt; 22 mm de diam\u00e8tre) - ICY\",\"isPartOf\":{\"@id\":\"https:\\\/\\\/www.icy.nl\\\/fr\\\/#website\"},\"primaryImageOfPage\":{\"@id\":\"https:\\\/\\\/www.icy.nl\\\/fr\\\/produit\\\/interrupteur-de-pompe-tuyaux-22-mm-de-diametre\\\/#primaryimage\"},\"image\":{\"@id\":\"https:\\\/\\\/www.icy.nl\\\/fr\\\/produit\\\/interrupteur-de-pompe-tuyaux-22-mm-de-diametre\\\/#primaryimage\"},\"thumbnailUrl\":\"https:\\\/\\\/www.icy.nl\\\/wp-content\\\/uploads\\\/2018\\\/02\\\/pompschakelaar-kleiner-dan-22mm-1.jpg\",\"datePublished\":\"2025-01-14T11:03:16+00:00\",\"dateModified\":\"2025-01-17T16:25:22+00:00\",\"breadcrumb\":{\"@id\":\"https:\\\/\\\/www.icy.nl\\\/fr\\\/produit\\\/interrupteur-de-pompe-tuyaux-22-mm-de-diametre\\\/#breadcrumb\"},\"inLanguage\":\"fr-FR\",\"potentialAction\":[{\"@type\":\"ReadAction\",\"target\":[\"https:\\\/\\\/www.icy.nl\\\/fr\\\/produit\\\/interrupteur-de-pompe-tuyaux-22-mm-de-diametre\\\/\"]}]},{\"@type\":\"ImageObject\",\"inLanguage\":\"fr-FR\",\"@id\":\"https:\\\/\\\/www.icy.nl\\\/fr\\\/produit\\\/interrupteur-de-pompe-tuyaux-22-mm-de-diametre\\\/#primaryimage\",\"url\":\"https:\\\/\\\/www.icy.nl\\\/wp-content\\\/uploads\\\/2018\\\/02\\\/pompschakelaar-kleiner-dan-22mm-1.jpg\",\"contentUrl\":\"https:\\\/\\\/www.icy.nl\\\/wp-content\\\/uploads\\\/2018\\\/02\\\/pompschakelaar-kleiner-dan-22mm-1.jpg\",\"width\":554,\"height\":554},{\"@type\":\"BreadcrumbList\",\"@id\":\"https:\\\/\\\/www.icy.nl\\\/fr\\\/produit\\\/interrupteur-de-pompe-tuyaux-22-mm-de-diametre\\\/#breadcrumb\",\"itemListElement\":[{\"@type\":\"ListItem\",\"position\":1,\"name\":\"Home\",\"item\":\"https:\\\/\\\/www.icy.nl\\\/fr\\\/\"},{\"@type\":\"ListItem\",\"position\":2,\"name\":\"Produits\",\"item\":\"https:\\\/\\\/www.icy.nl\\\/fr\\\/produits\\\/\"},{\"@type\":\"ListItem\",\"position\":3,\"name\":\"Geen categorie\",\"item\":\"https:\\\/\\\/www.icy.nl\\\/fr\\\/product-categorie\\\/geen-categorie\\\/\"},{\"@type\":\"ListItem\",\"position\":4,\"name\":\"Interrupteur de pompe (tuyaux &gt; 22 mm de diam\u00e8tre)\"}]},{\"@type\":\"WebSite\",\"@id\":\"https:\\\/\\\/www.icy.nl\\\/fr\\\/#website\",\"url\":\"https:\\\/\\\/www.icy.nl\\\/fr\\\/\",\"name\":\"ICY\",\"description\":\"Smartmotica solutions\",\"publisher\":{\"@id\":\"https:\\\/\\\/www.icy.nl\\\/fr\\\/#organization\"},\"potentialAction\":[{\"@type\":\"SearchAction\",\"target\":{\"@type\":\"EntryPoint\",\"urlTemplate\":\"https:\\\/\\\/www.icy.nl\\\/fr\\\/?s={search_term_string}\"},\"query-input\":{\"@type\":\"PropertyValueSpecification\",\"valueRequired\":true,\"valueName\":\"search_term_string\"}}],\"inLanguage\":\"fr-FR\"},{\"@type\":\"Organization\",\"@id\":\"https:\\\/\\\/www.icy.nl\\\/fr\\\/#organization\",\"name\":\"I.C.Y. B.V.\",\"url\":\"https:\\\/\\\/www.icy.nl\\\/fr\\\/\",\"logo\":{\"@type\":\"ImageObject\",\"inLanguage\":\"fr-FR\",\"@id\":\"https:\\\/\\\/www.icy.nl\\\/fr\\\/#\\\/schema\\\/logo\\\/image\\\/\",\"url\":\"https:\\\/\\\/www.icy.nl\\\/wp-content\\\/uploads\\\/2016\\\/11\\\/logo-icy.jpg\",\"contentUrl\":\"https:\\\/\\\/www.icy.nl\\\/wp-content\\\/uploads\\\/2016\\\/11\\\/logo-icy.jpg\",\"width\":400,\"height\":101,\"caption\":\"I.C.Y. B.V.\"},\"image\":{\"@id\":\"https:\\\/\\\/www.icy.nl\\\/fr\\\/#\\\/schema\\\/logo\\\/image\\\/\"}}]}<\/script>\n<!-- \/ Yoast SEO plugin. -->","yoast_head_json":{"title":"Interrupteur de pompe (tuyaux &gt; 22 mm de diam\u00e8tre) - ICY","robots":{"index":"index","follow":"follow","max-snippet":"max-snippet:-1","max-image-preview":"max-image-preview:large","max-video-preview":"max-video-preview:-1"},"canonical":"https:\/\/www.icy.nl\/fr\/produit\/interrupteur-de-pompe-tuyaux-22-mm-de-diametre\/","og_locale":"fr_FR","og_type":"article","og_title":"Interrupteur de pompe (tuyaux &gt; 22 mm de diam\u00e8tre) - ICY","og_description":"M\u00eame si le chauffage par le sol n'a souvent pas besoin de chauffer, dans de nombreux cas, la pompe du chauffage par le sol fonctionne toute la journ\u00e9e, que cela soit n\u00e9cessaire ou non. L'interrupteur de pompe ICY garantit que la pompe n'est allum\u00e9e qu'en cas de demande de chaleur. D\u00e8s que la chaudi\u00e8re commence \u00e0 fonctionner, l'interrupteur de la pompe met la pompe en marche. Le capteur fourni avec ce produit est adapt\u00e9 aux tuyaux de chauffage d'un diam\u00e8tre sup\u00e9rieur \u00e0 22 mm avec un maximum de 45 mm.   \u20ac67,- hors TVA Ce produit est disponible dans notre boutique en ligne via le lien ci-dessous. Aller \u00e0 ce produit","og_url":"https:\/\/www.icy.nl\/fr\/produit\/interrupteur-de-pompe-tuyaux-22-mm-de-diametre\/","og_site_name":"ICY","article_modified_time":"2025-01-17T16:25:22+00:00","twitter_card":"summary_large_image","schema":{"@context":"https:\/\/schema.org","@graph":[{"@type":"WebPage","@id":"https:\/\/www.icy.nl\/fr\/produit\/interrupteur-de-pompe-tuyaux-22-mm-de-diametre\/","url":"https:\/\/www.icy.nl\/fr\/produit\/interrupteur-de-pompe-tuyaux-22-mm-de-diametre\/","name":"Interrupteur de pompe (tuyaux &gt; 22 mm de diam\u00e8tre) - ICY","isPartOf":{"@id":"https:\/\/www.icy.nl\/fr\/#website"},"primaryImageOfPage":{"@id":"https:\/\/www.icy.nl\/fr\/produit\/interrupteur-de-pompe-tuyaux-22-mm-de-diametre\/#primaryimage"},"image":{"@id":"https:\/\/www.icy.nl\/fr\/produit\/interrupteur-de-pompe-tuyaux-22-mm-de-diametre\/#primaryimage"},"thumbnailUrl":"https:\/\/www.icy.nl\/wp-content\/uploads\/2018\/02\/pompschakelaar-kleiner-dan-22mm-1.jpg","datePublished":"2025-01-14T11:03:16+00:00","dateModified":"2025-01-17T16:25:22+00:00","breadcrumb":{"@id":"https:\/\/www.icy.nl\/fr\/produit\/interrupteur-de-pompe-tuyaux-22-mm-de-diametre\/#breadcrumb"},"inLanguage":"fr-FR","potentialAction":[{"@type":"ReadAction","target":["https:\/\/www.icy.nl\/fr\/produit\/interrupteur-de-pompe-tuyaux-22-mm-de-diametre\/"]}]},{"@type":"ImageObject","inLanguage":"fr-FR","@id":"https:\/\/www.icy.nl\/fr\/produit\/interrupteur-de-pompe-tuyaux-22-mm-de-diametre\/#primaryimage","url":"https:\/\/www.icy.nl\/wp-content\/uploads\/2018\/02\/pompschakelaar-kleiner-dan-22mm-1.jpg","contentUrl":"https:\/\/www.icy.nl\/wp-content\/uploads\/2018\/02\/pompschakelaar-kleiner-dan-22mm-1.jpg","width":554,"height":554},{"@type":"BreadcrumbList","@id":"https:\/\/www.icy.nl\/fr\/produit\/interrupteur-de-pompe-tuyaux-22-mm-de-diametre\/#breadcrumb","itemListElement":[{"@type":"ListItem","position":1,"name":"Home","item":"https:\/\/www.icy.nl\/fr\/"},{"@type":"ListItem","position":2,"name":"Produits","item":"https:\/\/www.icy.nl\/fr\/produits\/"},{"@type":"ListItem","position":3,"name":"Geen categorie","item":"https:\/\/www.icy.nl\/fr\/product-categorie\/geen-categorie\/"},{"@type":"ListItem","position":4,"name":"Interrupteur de pompe (tuyaux &gt; 22 mm de diam\u00e8tre)"}]},{"@type":"WebSite","@id":"https:\/\/www.icy.nl\/fr\/#website","url":"https:\/\/www.icy.nl\/fr\/","name":"ICY","description":"Smartmotica solutions","publisher":{"@id":"https:\/\/www.icy.nl\/fr\/#organization"},"potentialAction":[{"@type":"SearchAction","target":{"@type":"EntryPoint","urlTemplate":"https:\/\/www.icy.nl\/fr\/?s={search_term_string}"},"query-input":{"@type":"PropertyValueSpecification","valueRequired":true,"valueName":"search_term_string"}}],"inLanguage":"fr-FR"},{"@type":"Organization","@id":"https:\/\/www.icy.nl\/fr\/#organization","name":"I.C.Y. B.V.","url":"https:\/\/www.icy.nl\/fr\/","logo":{"@type":"ImageObject","inLanguage":"fr-FR","@id":"https:\/\/www.icy.nl\/fr\/#\/schema\/logo\/image\/","url":"https:\/\/www.icy.nl\/wp-content\/uploads\/2016\/11\/logo-icy.jpg","contentUrl":"https:\/\/www.icy.nl\/wp-content\/uploads\/2016\/11\/logo-icy.jpg","width":400,"height":101,"caption":"I.C.Y. B.V."},"image":{"@id":"https:\/\/www.icy.nl\/fr\/#\/schema\/logo\/image\/"}}]}},"featured_img":"https:\/\/www.icy.nl\/wp-content\/uploads\/2018\/02\/pompschakelaar-kleiner-dan-22mm-1.jpg","coauthors":[],"author_meta":{"author_link":"https:\/\/www.icy.nl\/fr\/author\/daniel\/","display_name":"Daniel van de Kamp"},"relative_dates":{"created":"Publi\u00e9 8 ans il y a","modified":"Mis \u00e0 jour 1 an il y a"},"absolute_dates":{"created":"Publi\u00e9 le 26 f\u00e9vrier 2018","modified":"Mise \u00e0 jour le 17 janvier 2025"},"absolute_dates_time":{"created":"Publi\u00e9 le 26 f\u00e9vrier 2018 15h03","modified":"Mise \u00e0 jour le 17 janvier 2025 17h25"},"featured_img_caption":"","tax_additional":{"product_brand":{"linked":[],"unlinked":[],"slug":"product_brand","name":"Marques"},"product_type":{"linked":["<a href=\"https:\/\/www.icy.nl\/fr\/?taxonomy=product_type&#038;term=simple\" class=\"advgb-post-tax-term\">simple<\/a>"],"unlinked":["<span class=\"advgb-post-tax-term\">simple<\/span>"],"slug":"product_type","name":"Type de produit"},"product_visibility":{"linked":[],"unlinked":[],"slug":"product_visibility","name":"Visibilit\u00e9 du produit"},"product_cat":{"linked":["<a href=\"https:\/\/www.icy.nl\/fr\/product-categorie\/geen-categorie\/\" class=\"advgb-post-tax-term\">Geen categorie<\/a>"],"unlinked":["<span class=\"advgb-post-tax-term\">Geen categorie<\/span>"],"slug":"product_cat","name":"Cat\u00e9gories de produits"},"product_tag":{"linked":[],"unlinked":[],"slug":"product_tag","name":"\u00c9tiquettes produit"},"product_shipping_class":{"linked":["<a href=\"https:\/\/www.icy.nl\/fr\/?taxonomy=product_shipping_class&#038;term=paquet-normal\" class=\"advgb-post-tax-term\">Paquet normal<\/a>"],"unlinked":["<span class=\"advgb-post-tax-term\">Paquet normal<\/span>"],"slug":"product_shipping_class","name":"Classe d\u2019exp\u00e9dition du produit"},"pos_product_visibility":{"linked":[],"unlinked":[],"slug":"pos_product_visibility","name":"Visibilit\u00e9 du produit sur le point de vente"},"translation_priority":{"linked":["<a href=\"https:\/\/www.icy.nl\/fr\/?taxonomy=translation_priority&#038;term=facultatif\" class=\"advgb-post-tax-term\">Facultatif<\/a>"],"unlinked":["<span class=\"advgb-post-tax-term\">Facultatif<\/span>"],"slug":"translation_priority","name":"Priorit\u00e9s de traduction"}},"series_order":"","_links":{"self":[{"href":"https:\/\/www.icy.nl\/fr\/wp-json\/wp\/v2\/product\/57644","targetHints":{"allow":["GET"]}}],"collection":[{"href":"https:\/\/www.icy.nl\/fr\/wp-json\/wp\/v2\/product"}],"about":[{"href":"https:\/\/www.icy.nl\/fr\/wp-json\/wp\/v2\/types\/product"}],"wp:featuredmedia":[{"embeddable":true,"href":"https:\/\/www.icy.nl\/fr\/wp-json\/wp\/v2\/media\/1667"}],"wp:attachment":[{"href":"https:\/\/www.icy.nl\/fr\/wp-json\/wp\/v2\/media?parent=57644"}],"wp:term":[{"taxonomy":"product_brand","embeddable":true,"href":"https:\/\/www.icy.nl\/fr\/wp-json\/wp\/v2\/product_brand?post=57644"},{"taxonomy":"product_cat","embeddable":true,"href":"https:\/\/www.icy.nl\/fr\/wp-json\/wp\/v2\/product_cat?post=57644"},{"taxonomy":"product_tag","embeddable":true,"href":"https:\/\/www.icy.nl\/fr\/wp-json\/wp\/v2\/product_tag?post=57644"}],"curies":[{"name":"wp","href":"https:\/\/api.w.org\/{rel}","templated":true}]}}