{"id":57646,"date":"2016-07-05T09:56:54","date_gmt":"2025-01-14T11:06:27","guid":{"rendered":"https:\/\/www.icy.nl\/product\/interrupteur-de-pompe-de-chauffage-par-le-sol\/"},"modified":"2025-01-17T17:24:40","modified_gmt":"2025-01-17T16:24:40","slug":"interrupteur-de-pompe-de-chauffage-par-le-sol","status":"publish","type":"product","link":"https:\/\/www.icy.nl\/fr\/produit\/interrupteur-de-pompe-de-chauffage-par-le-sol\/","title":{"rendered":"Interrupteur de pompe de chauffage par le sol"},"content":{"rendered":"<h2>\u00c9conomie d&rsquo;\u00e9nergie<\/h2>\n<p>L&rsquo;interrupteur de pompe permet d&rsquo;\u00e9conomiser de l&rsquo;\u00e9nergie car il garantit que la pompe de chauffage par le sol n&rsquo;est allum\u00e9e que lorsque la chaudi\u00e8re de chauffage central est \u00e9galement allum\u00e9e. C&rsquo;est pour cette raison que le changement de pompe est rentabilis\u00e9 en un an environ. <\/p>\n<h2>Installation facile<\/h2>\n<p><img loading=\"lazy\" decoding=\"async\" class=\"alignleft size-half-page wp-image-473\" src=\"https:\/\/www.icy.nl\/wp-content\/uploads\/2016\/07\/3325-Pomschakelaar-klem.jpg\" alt=\"3325-Pomschakelaar-klem\" width=\"435\" height=\"366\" srcset=\"https:\/\/www.icy.nl\/wp-content\/uploads\/2016\/07\/3325-Pomschakelaar-klem.jpg 600w, https:\/\/www.icy.nl\/wp-content\/uploads\/2016\/07\/3325-Pomschakelaar-klem-300x253.jpg 300w, https:\/\/www.icy.nl\/wp-content\/uploads\/2016\/07\/3325-Pomschakelaar-klem-435x366.jpg 435w\" sizes=\"auto, (max-width: 435px) 100vw, 435px\" \/>L&rsquo;interrupteur de pompe est tr\u00e8s facile \u00e0 installer soi-m\u00eame. Branchez l&rsquo;interrupteur de la pompe dans la prise. La fiche du collecteur de chauffage par le sol est ensuite branch\u00e9e sur l&rsquo;interrupteur de la pompe. Cliquez la pince sur la conduite d&rsquo;alimentation du distributeur de chauffage par le sol.   <\/p>\n<h2>Dur\u00e9e de vie de la pompe plus longue<\/h2>\n<p>La pompe ne fonctionne plus \u00e0 plein temps et dure donc plus longtemps. Toutes les 24 heures, la pompe est bri\u00e8vement mise en marche pour \u00e9viter qu&rsquo;elle ne se grippe. Il existe deux types disponibles, tous deux disponibles aupr\u00e8s de nos fournisseurs et dans notre boutique en ligne : <\/p>\n<p><a class=\"button aligncenter\" style=\"background: #ec008c; color: white;\" href=\"https:\/\/webshop.icy.nl\/shop\/icy3325psc-pompschakelaar-voor-buizen-o-22mm-112\" target=\"_blank\" rel=\"noopener noreferrer\">Achetez-le maintenant dans la boutique en ligne (tube jusqu&rsquo;\u00e0 22 mm de diam\u00e8tre)<\/a><\/p>\n<p><a class=\"button aligncenter\" style=\"background: #ec008c; color: white;\" href=\"https:\/\/webshop.icy.nl\/shop\/icy3325pst-pompschakelaar-voor-buizen-o-22mm-113\" target=\"_blank\" rel=\"noopener noreferrer\">Achetez-le maintenant dans la boutique en ligne (tube \u00e0 partir de 22 mm de diam\u00e8tre)<\/a><\/p>\n","protected":false},"excerpt":{"rendered":"<p>M\u00eame si le chauffage par le sol n&rsquo;a souvent pas besoin de chauffer, dans de nombreux cas, la pompe du chauffage par le sol fonctionne toute la journ\u00e9e, que cela soit n\u00e9cessaire ou non. L&rsquo;interrupteur de pompe ICY garantit que la pompe n&rsquo;est allum\u00e9e qu&rsquo;en cas de demande de chaleur. D\u00e8s que la chaudi\u00e8re commence \u00e0 fonctionner, l&rsquo;interrupteur de la pompe met la pompe en marche.<\/p>\n<p><a class=\"button aligncenter\" style=\"background: #ec008c; color: white;\" href=\"https:\/\/webshop.icy.nl\/shop\/icy3325psc-pompschakelaar-voor-buizen-o-22mm-112\" target=\"_blank\" rel=\"noopener noreferrer\">Achetez-le maintenant dans la boutique en ligne (tube jusqu&rsquo;\u00e0 22 mm de diam\u00e8tre)<\/a><\/p>\n<p><a class=\"button aligncenter\" style=\"background: #ec008c; color: white;\" href=\"https:\/\/webshop.icy.nl\/shop\/icy3325pst-pompschakelaar-voor-buizen-o-22mm-113\" target=\"_blank\" rel=\"noopener noreferrer\">Achetez-le maintenant dans la boutique en ligne (tube \u00e0 partir de 22 mm de diam\u00e8tre)<\/a><\/p>\n","protected":false},"author":2946,"featured_media":2058,"template":"","meta":{"advgb_blocks_editor_width":"","advgb_blocks_columns_visual_guide":"","_genesis_hide_title":false,"_genesis_hide_breadcrumbs":false,"_genesis_hide_singular_image":false,"_genesis_hide_footer_widgets":false,"_genesis_custom_body_class":"","_genesis_custom_post_class":"","_genesis_layout":""},"product_brand":[],"product_cat":[88],"product_tag":[],"class_list":{"0":"post-57646","1":"product","2":"type-product","3":"status-publish","4":"has-post-thumbnail","6":"product_cat-controles-de-temperature","7":"entry","9":"first","10":"instock","11":"taxable","12":"shipping-taxable","13":"product-type-simple"},"yoast_head":"<!-- This site is optimized with the Yoast SEO plugin v27.3 - https:\/\/yoast.com\/product\/yoast-seo-wordpress\/ -->\n<title>Interrupteur de pompe de chauffage par le sol - ICY<\/title>\n<meta name=\"robots\" content=\"index, follow, max-snippet:-1, max-image-preview:large, max-video-preview:-1\" \/>\n<link rel=\"canonical\" href=\"https:\/\/www.icy.nl\/fr\/produit\/interrupteur-de-pompe-de-chauffage-par-le-sol\/\" \/>\n<meta property=\"og:locale\" content=\"fr_FR\" \/>\n<meta property=\"og:type\" content=\"article\" \/>\n<meta property=\"og:title\" content=\"Interrupteur de pompe de chauffage par le sol - ICY\" \/>\n<meta property=\"og:description\" content=\"M\u00eame si le chauffage par le sol n&#039;a souvent pas besoin de chauffer, dans de nombreux cas, la pompe du chauffage par le sol fonctionne toute la journ\u00e9e, que cela soit n\u00e9cessaire ou non. L&#039;interrupteur de pompe ICY garantit que la pompe n&#039;est allum\u00e9e qu&#039;en cas de demande de chaleur. D\u00e8s que la chaudi\u00e8re commence \u00e0 fonctionner, l&#039;interrupteur de la pompe met la pompe en marche.   Achetez-le maintenant dans la boutique en ligne (tube jusqu&#039;\u00e0 22 mm de diam\u00e8tre)  Achetez-le maintenant dans la boutique en ligne (tube \u00e0 partir de 22 mm de diam\u00e8tre)\" \/>\n<meta property=\"og:url\" content=\"https:\/\/www.icy.nl\/fr\/produit\/interrupteur-de-pompe-de-chauffage-par-le-sol\/\" \/>\n<meta property=\"og:site_name\" content=\"ICY\" \/>\n<meta property=\"article:modified_time\" content=\"2025-01-17T16:24:40+00:00\" \/>\n<meta property=\"og:image\" content=\"https:\/\/www.icy.nl\/wp-content\/uploads\/2016\/07\/3325PS-Pomschakelaar-voor-vloerverwarming.jpg\" \/>\n\t<meta property=\"og:image:width\" content=\"800\" \/>\n\t<meta property=\"og:image:height\" content=\"800\" \/>\n\t<meta property=\"og:image:type\" content=\"image\/jpeg\" \/>\n<meta name=\"twitter:card\" content=\"summary_large_image\" \/>\n<meta name=\"twitter:label1\" content=\"Dur\u00e9e de lecture estim\u00e9e\" \/>\n\t<meta name=\"twitter:data1\" content=\"1 minute\" \/>\n<script type=\"application\/ld+json\" class=\"yoast-schema-graph\">{\"@context\":\"https:\\\/\\\/schema.org\",\"@graph\":[{\"@type\":\"WebPage\",\"@id\":\"https:\\\/\\\/www.icy.nl\\\/fr\\\/produit\\\/interrupteur-de-pompe-de-chauffage-par-le-sol\\\/\",\"url\":\"https:\\\/\\\/www.icy.nl\\\/fr\\\/produit\\\/interrupteur-de-pompe-de-chauffage-par-le-sol\\\/\",\"name\":\"Interrupteur de pompe de chauffage par le sol - ICY\",\"isPartOf\":{\"@id\":\"https:\\\/\\\/www.icy.nl\\\/fr\\\/#website\"},\"primaryImageOfPage\":{\"@id\":\"https:\\\/\\\/www.icy.nl\\\/fr\\\/produit\\\/interrupteur-de-pompe-de-chauffage-par-le-sol\\\/#primaryimage\"},\"image\":{\"@id\":\"https:\\\/\\\/www.icy.nl\\\/fr\\\/produit\\\/interrupteur-de-pompe-de-chauffage-par-le-sol\\\/#primaryimage\"},\"thumbnailUrl\":\"https:\\\/\\\/www.icy.nl\\\/wp-content\\\/uploads\\\/2016\\\/07\\\/3325PS-Pomschakelaar-voor-vloerverwarming.jpg\",\"datePublished\":\"2025-01-14T11:06:27+00:00\",\"dateModified\":\"2025-01-17T16:24:40+00:00\",\"breadcrumb\":{\"@id\":\"https:\\\/\\\/www.icy.nl\\\/fr\\\/produit\\\/interrupteur-de-pompe-de-chauffage-par-le-sol\\\/#breadcrumb\"},\"inLanguage\":\"fr-FR\",\"potentialAction\":[{\"@type\":\"ReadAction\",\"target\":[\"https:\\\/\\\/www.icy.nl\\\/fr\\\/produit\\\/interrupteur-de-pompe-de-chauffage-par-le-sol\\\/\"]}]},{\"@type\":\"ImageObject\",\"inLanguage\":\"fr-FR\",\"@id\":\"https:\\\/\\\/www.icy.nl\\\/fr\\\/produit\\\/interrupteur-de-pompe-de-chauffage-par-le-sol\\\/#primaryimage\",\"url\":\"https:\\\/\\\/www.icy.nl\\\/wp-content\\\/uploads\\\/2016\\\/07\\\/3325PS-Pomschakelaar-voor-vloerverwarming.jpg\",\"contentUrl\":\"https:\\\/\\\/www.icy.nl\\\/wp-content\\\/uploads\\\/2016\\\/07\\\/3325PS-Pomschakelaar-voor-vloerverwarming.jpg\",\"width\":800,\"height\":800},{\"@type\":\"BreadcrumbList\",\"@id\":\"https:\\\/\\\/www.icy.nl\\\/fr\\\/produit\\\/interrupteur-de-pompe-de-chauffage-par-le-sol\\\/#breadcrumb\",\"itemListElement\":[{\"@type\":\"ListItem\",\"position\":1,\"name\":\"Home\",\"item\":\"https:\\\/\\\/www.icy.nl\\\/fr\\\/\"},{\"@type\":\"ListItem\",\"position\":2,\"name\":\"Produits\",\"item\":\"https:\\\/\\\/www.icy.nl\\\/fr\\\/produits\\\/\"},{\"@type\":\"ListItem\",\"position\":3,\"name\":\"contr\u00f4les de temp\u00e9rature\",\"item\":\"https:\\\/\\\/www.icy.nl\\\/fr\\\/product-categorie\\\/controles-de-temperature\\\/\"},{\"@type\":\"ListItem\",\"position\":4,\"name\":\"Interrupteur de pompe de chauffage par le sol\"}]},{\"@type\":\"WebSite\",\"@id\":\"https:\\\/\\\/www.icy.nl\\\/fr\\\/#website\",\"url\":\"https:\\\/\\\/www.icy.nl\\\/fr\\\/\",\"name\":\"ICY\",\"description\":\"Smartmotica solutions\",\"publisher\":{\"@id\":\"https:\\\/\\\/www.icy.nl\\\/fr\\\/#organization\"},\"potentialAction\":[{\"@type\":\"SearchAction\",\"target\":{\"@type\":\"EntryPoint\",\"urlTemplate\":\"https:\\\/\\\/www.icy.nl\\\/fr\\\/?s={search_term_string}\"},\"query-input\":{\"@type\":\"PropertyValueSpecification\",\"valueRequired\":true,\"valueName\":\"search_term_string\"}}],\"inLanguage\":\"fr-FR\"},{\"@type\":\"Organization\",\"@id\":\"https:\\\/\\\/www.icy.nl\\\/fr\\\/#organization\",\"name\":\"I.C.Y. B.V.\",\"url\":\"https:\\\/\\\/www.icy.nl\\\/fr\\\/\",\"logo\":{\"@type\":\"ImageObject\",\"inLanguage\":\"fr-FR\",\"@id\":\"https:\\\/\\\/www.icy.nl\\\/fr\\\/#\\\/schema\\\/logo\\\/image\\\/\",\"url\":\"https:\\\/\\\/www.icy.nl\\\/wp-content\\\/uploads\\\/2016\\\/11\\\/logo-icy.jpg\",\"contentUrl\":\"https:\\\/\\\/www.icy.nl\\\/wp-content\\\/uploads\\\/2016\\\/11\\\/logo-icy.jpg\",\"width\":400,\"height\":101,\"caption\":\"I.C.Y. B.V.\"},\"image\":{\"@id\":\"https:\\\/\\\/www.icy.nl\\\/fr\\\/#\\\/schema\\\/logo\\\/image\\\/\"}}]}<\/script>\n<!-- \/ Yoast SEO plugin. -->","yoast_head_json":{"title":"Interrupteur de pompe de chauffage par le sol - ICY","robots":{"index":"index","follow":"follow","max-snippet":"max-snippet:-1","max-image-preview":"max-image-preview:large","max-video-preview":"max-video-preview:-1"},"canonical":"https:\/\/www.icy.nl\/fr\/produit\/interrupteur-de-pompe-de-chauffage-par-le-sol\/","og_locale":"fr_FR","og_type":"article","og_title":"Interrupteur de pompe de chauffage par le sol - ICY","og_description":"M\u00eame si le chauffage par le sol n'a souvent pas besoin de chauffer, dans de nombreux cas, la pompe du chauffage par le sol fonctionne toute la journ\u00e9e, que cela soit n\u00e9cessaire ou non. L'interrupteur de pompe ICY garantit que la pompe n'est allum\u00e9e qu'en cas de demande de chaleur. D\u00e8s que la chaudi\u00e8re commence \u00e0 fonctionner, l'interrupteur de la pompe met la pompe en marche.   Achetez-le maintenant dans la boutique en ligne (tube jusqu'\u00e0 22 mm de diam\u00e8tre)  Achetez-le maintenant dans la boutique en ligne (tube \u00e0 partir de 22 mm de diam\u00e8tre)","og_url":"https:\/\/www.icy.nl\/fr\/produit\/interrupteur-de-pompe-de-chauffage-par-le-sol\/","og_site_name":"ICY","article_modified_time":"2025-01-17T16:24:40+00:00","og_image":[{"width":800,"height":800,"url":"https:\/\/www.icy.nl\/wp-content\/uploads\/2016\/07\/3325PS-Pomschakelaar-voor-vloerverwarming.jpg","type":"image\/jpeg"}],"twitter_card":"summary_large_image","twitter_misc":{"Dur\u00e9e de lecture estim\u00e9e":"1 minute"},"schema":{"@context":"https:\/\/schema.org","@graph":[{"@type":"WebPage","@id":"https:\/\/www.icy.nl\/fr\/produit\/interrupteur-de-pompe-de-chauffage-par-le-sol\/","url":"https:\/\/www.icy.nl\/fr\/produit\/interrupteur-de-pompe-de-chauffage-par-le-sol\/","name":"Interrupteur de pompe de chauffage par le sol - ICY","isPartOf":{"@id":"https:\/\/www.icy.nl\/fr\/#website"},"primaryImageOfPage":{"@id":"https:\/\/www.icy.nl\/fr\/produit\/interrupteur-de-pompe-de-chauffage-par-le-sol\/#primaryimage"},"image":{"@id":"https:\/\/www.icy.nl\/fr\/produit\/interrupteur-de-pompe-de-chauffage-par-le-sol\/#primaryimage"},"thumbnailUrl":"https:\/\/www.icy.nl\/wp-content\/uploads\/2016\/07\/3325PS-Pomschakelaar-voor-vloerverwarming.jpg","datePublished":"2025-01-14T11:06:27+00:00","dateModified":"2025-01-17T16:24:40+00:00","breadcrumb":{"@id":"https:\/\/www.icy.nl\/fr\/produit\/interrupteur-de-pompe-de-chauffage-par-le-sol\/#breadcrumb"},"inLanguage":"fr-FR","potentialAction":[{"@type":"ReadAction","target":["https:\/\/www.icy.nl\/fr\/produit\/interrupteur-de-pompe-de-chauffage-par-le-sol\/"]}]},{"@type":"ImageObject","inLanguage":"fr-FR","@id":"https:\/\/www.icy.nl\/fr\/produit\/interrupteur-de-pompe-de-chauffage-par-le-sol\/#primaryimage","url":"https:\/\/www.icy.nl\/wp-content\/uploads\/2016\/07\/3325PS-Pomschakelaar-voor-vloerverwarming.jpg","contentUrl":"https:\/\/www.icy.nl\/wp-content\/uploads\/2016\/07\/3325PS-Pomschakelaar-voor-vloerverwarming.jpg","width":800,"height":800},{"@type":"BreadcrumbList","@id":"https:\/\/www.icy.nl\/fr\/produit\/interrupteur-de-pompe-de-chauffage-par-le-sol\/#breadcrumb","itemListElement":[{"@type":"ListItem","position":1,"name":"Home","item":"https:\/\/www.icy.nl\/fr\/"},{"@type":"ListItem","position":2,"name":"Produits","item":"https:\/\/www.icy.nl\/fr\/produits\/"},{"@type":"ListItem","position":3,"name":"contr\u00f4les de temp\u00e9rature","item":"https:\/\/www.icy.nl\/fr\/product-categorie\/controles-de-temperature\/"},{"@type":"ListItem","position":4,"name":"Interrupteur de pompe de chauffage par le sol"}]},{"@type":"WebSite","@id":"https:\/\/www.icy.nl\/fr\/#website","url":"https:\/\/www.icy.nl\/fr\/","name":"ICY","description":"Smartmotica solutions","publisher":{"@id":"https:\/\/www.icy.nl\/fr\/#organization"},"potentialAction":[{"@type":"SearchAction","target":{"@type":"EntryPoint","urlTemplate":"https:\/\/www.icy.nl\/fr\/?s={search_term_string}"},"query-input":{"@type":"PropertyValueSpecification","valueRequired":true,"valueName":"search_term_string"}}],"inLanguage":"fr-FR"},{"@type":"Organization","@id":"https:\/\/www.icy.nl\/fr\/#organization","name":"I.C.Y. B.V.","url":"https:\/\/www.icy.nl\/fr\/","logo":{"@type":"ImageObject","inLanguage":"fr-FR","@id":"https:\/\/www.icy.nl\/fr\/#\/schema\/logo\/image\/","url":"https:\/\/www.icy.nl\/wp-content\/uploads\/2016\/11\/logo-icy.jpg","contentUrl":"https:\/\/www.icy.nl\/wp-content\/uploads\/2016\/11\/logo-icy.jpg","width":400,"height":101,"caption":"I.C.Y. B.V."},"image":{"@id":"https:\/\/www.icy.nl\/fr\/#\/schema\/logo\/image\/"}}]}},"featured_img":"https:\/\/www.icy.nl\/wp-content\/uploads\/2016\/07\/3325PS-Pomschakelaar-voor-vloerverwarming.jpg","coauthors":[],"author_meta":{"author_link":"https:\/\/www.icy.nl\/fr\/author\/daniel\/","display_name":"Daniel van de Kamp"},"relative_dates":{"created":"Publi\u00e9 10 ans il y a","modified":"Mis \u00e0 jour 1 an il y a"},"absolute_dates":{"created":"Publi\u00e9 le 5 juillet 2016","modified":"Mise \u00e0 jour le 17 janvier 2025"},"absolute_dates_time":{"created":"Publi\u00e9 le 5 juillet 2016 9h56","modified":"Mise \u00e0 jour le 17 janvier 2025 17h24"},"featured_img_caption":"","tax_additional":{"product_brand":{"linked":[],"unlinked":[],"slug":"product_brand","name":"Marques"},"product_type":{"linked":["<a href=\"https:\/\/www.icy.nl\/fr\/?taxonomy=product_type&#038;term=simple\" class=\"advgb-post-tax-term\">simple<\/a>"],"unlinked":["<span class=\"advgb-post-tax-term\">simple<\/span>"],"slug":"product_type","name":"Type de produit"},"product_visibility":{"linked":[],"unlinked":[],"slug":"product_visibility","name":"Visibilit\u00e9 du produit"},"product_cat":{"linked":["<a href=\"https:\/\/www.icy.nl\/fr\/product-categorie\/controles-de-temperature\/\" class=\"advgb-post-tax-term\">contr\u00f4les de temp\u00e9rature<\/a>"],"unlinked":["<span class=\"advgb-post-tax-term\">contr\u00f4les de temp\u00e9rature<\/span>"],"slug":"product_cat","name":"Cat\u00e9gories de produits"},"product_tag":{"linked":[],"unlinked":[],"slug":"product_tag","name":"\u00c9tiquettes produit"},"product_shipping_class":{"linked":[],"unlinked":[],"slug":"product_shipping_class","name":"Classe d\u2019exp\u00e9dition du produit"},"pos_product_visibility":{"linked":[],"unlinked":[],"slug":"pos_product_visibility","name":"Visibilit\u00e9 du produit sur le point de vente"},"translation_priority":{"linked":["<a href=\"https:\/\/www.icy.nl\/fr\/?taxonomy=translation_priority&#038;term=facultatif\" class=\"advgb-post-tax-term\">Facultatif<\/a>"],"unlinked":["<span class=\"advgb-post-tax-term\">Facultatif<\/span>"],"slug":"translation_priority","name":"Priorit\u00e9s de traduction"}},"series_order":"","_links":{"self":[{"href":"https:\/\/www.icy.nl\/fr\/wp-json\/wp\/v2\/product\/57646","targetHints":{"allow":["GET"]}}],"collection":[{"href":"https:\/\/www.icy.nl\/fr\/wp-json\/wp\/v2\/product"}],"about":[{"href":"https:\/\/www.icy.nl\/fr\/wp-json\/wp\/v2\/types\/product"}],"wp:featuredmedia":[{"embeddable":true,"href":"https:\/\/www.icy.nl\/fr\/wp-json\/wp\/v2\/media\/2058"}],"wp:attachment":[{"href":"https:\/\/www.icy.nl\/fr\/wp-json\/wp\/v2\/media?parent=57646"}],"wp:term":[{"taxonomy":"product_brand","embeddable":true,"href":"https:\/\/www.icy.nl\/fr\/wp-json\/wp\/v2\/product_brand?post=57646"},{"taxonomy":"product_cat","embeddable":true,"href":"https:\/\/www.icy.nl\/fr\/wp-json\/wp\/v2\/product_cat?post=57646"},{"taxonomy":"product_tag","embeddable":true,"href":"https:\/\/www.icy.nl\/fr\/wp-json\/wp\/v2\/product_tag?post=57646"}],"curies":[{"name":"wp","href":"https:\/\/api.w.org\/{rel}","templated":true}]}}