{"id":57652,"date":"2016-07-04T14:47:27","date_gmt":"2025-01-14T11:14:17","guid":{"rendered":"https:\/\/www.icy.nl\/product\/potential-free-power-converter\/"},"modified":"2025-01-14T12:14:17","modified_gmt":"2025-01-14T11:14:17","slug":"potential-free-power-converter","status":"publish","type":"product","link":"https:\/\/www.icy.nl\/fr\/produit\/potential-free-power-converter\/","title":{"rendered":"Potential Free Power Converter"},"content":{"rendered":"<p>Le convertisseur de puissance alimente le thermostat en \u00e9nergie.<\/p>\n<p>L&rsquo;appareil de chauffage est commut\u00e9 sans potentiel.<br \/>\nTension d&rsquo;entr\u00e9e : 230 V (CA)<br \/>\nTension de commutation : max. 240 V (CA)<br \/>\nCourant de commutation : max 2A (CA)<\/p>\n","protected":false},"excerpt":{"rendered":"<p>Le convertisseur de puissance libre de potentiel est utilis\u00e9 dans les situations o\u00f9 le thermostat ne peut pas \u00eatre connect\u00e9 directement \u00e0 l&rsquo;appareil de chauffage. C&rsquo;est le cas lors de tensions de commutation sup\u00e9rieures \u00e0 40 V et dans les situations o\u00f9 l&rsquo;appareil de chauffage n&rsquo;est pas en mesure d&rsquo;alimenter le thermostat. <\/p>\n<p class=\"price\"><span class=\"woocommerce-Price-amount amount\"><bdi><span class=\"woocommerce-Price-currencySymbol\">\u20ac<\/span>79,-<\/bdi><\/span> <small class=\"woocommerce-price-suffix\">hors TVA <\/small><\/p>\n<p>Ce produit est disponible dans notre boutique en ligne via le lien ci-dessous.<\/p>\n<p><a class=\"button-product\" href=\"https:\/\/icybv.odoo.com\/shop\/icy2038pfpc-potential-free-power-converter-108\" target=\"_blank\" rel=\"noopener noreferrer\"><span>Aller \u00e0 ce produit<\/span><\/a><\/p>\n","protected":false},"author":2946,"featured_media":38183,"template":"","meta":{"advgb_blocks_editor_width":"","advgb_blocks_columns_visual_guide":"","_genesis_hide_title":false,"_genesis_hide_breadcrumbs":false,"_genesis_hide_singular_image":false,"_genesis_hide_footer_widgets":false,"_genesis_custom_body_class":"","_genesis_custom_post_class":"","_genesis_layout":""},"product_brand":[],"product_cat":[90],"product_tag":[],"class_list":{"0":"post-57652","1":"product","2":"type-product","3":"status-publish","4":"has-post-thumbnail","6":"product_cat-accessoires-de-thermostat","7":"product_shipping_class-paquet-normal","8":"entry","10":"first","11":"instock","12":"taxable","13":"shipping-taxable","14":"product-type-simple"},"yoast_head":"<!-- This site is optimized with the Yoast SEO plugin v27.4 - https:\/\/yoast.com\/product\/yoast-seo-wordpress\/ -->\n<title>Potential Free Power Converter - ICY<\/title>\n<meta name=\"robots\" content=\"index, follow, max-snippet:-1, max-image-preview:large, max-video-preview:-1\" \/>\n<link rel=\"canonical\" href=\"https:\/\/www.icy.nl\/fr\/produit\/potential-free-power-converter\/\" \/>\n<meta property=\"og:locale\" content=\"fr_FR\" \/>\n<meta property=\"og:type\" content=\"article\" \/>\n<meta property=\"og:title\" content=\"Potential Free Power Converter - ICY\" \/>\n<meta property=\"og:description\" content=\"Le convertisseur de puissance libre de potentiel est utilis\u00e9 dans les situations o\u00f9 le thermostat ne peut pas \u00eatre connect\u00e9 directement \u00e0 l&#039;appareil de chauffage. C&#039;est le cas lors de tensions de commutation sup\u00e9rieures \u00e0 40 V et dans les situations o\u00f9 l&#039;appareil de chauffage n&#039;est pas en mesure d&#039;alimenter le thermostat.  \u20ac79,- hors TVA Ce produit est disponible dans notre boutique en ligne via le lien ci-dessous. Aller \u00e0 ce produit\" \/>\n<meta property=\"og:url\" content=\"https:\/\/www.icy.nl\/fr\/produit\/potential-free-power-converter\/\" \/>\n<meta property=\"og:site_name\" content=\"ICY\" \/>\n<meta property=\"og:image\" content=\"https:\/\/www.icy.nl\/wp-content\/uploads\/2016\/07\/2038pfpc-potential-free-power-converter-2021.jpg\" \/>\n\t<meta property=\"og:image:width\" content=\"800\" \/>\n\t<meta property=\"og:image:height\" content=\"800\" \/>\n\t<meta property=\"og:image:type\" content=\"image\/jpeg\" \/>\n<meta name=\"twitter:card\" content=\"summary_large_image\" \/>\n<script type=\"application\/ld+json\" class=\"yoast-schema-graph\">{\"@context\":\"https:\\\/\\\/schema.org\",\"@graph\":[{\"@type\":\"WebPage\",\"@id\":\"https:\\\/\\\/www.icy.nl\\\/fr\\\/produit\\\/potential-free-power-converter\\\/\",\"url\":\"https:\\\/\\\/www.icy.nl\\\/fr\\\/produit\\\/potential-free-power-converter\\\/\",\"name\":\"Potential Free Power Converter - ICY\",\"isPartOf\":{\"@id\":\"https:\\\/\\\/www.icy.nl\\\/fr\\\/#website\"},\"primaryImageOfPage\":{\"@id\":\"https:\\\/\\\/www.icy.nl\\\/fr\\\/produit\\\/potential-free-power-converter\\\/#primaryimage\"},\"image\":{\"@id\":\"https:\\\/\\\/www.icy.nl\\\/fr\\\/produit\\\/potential-free-power-converter\\\/#primaryimage\"},\"thumbnailUrl\":\"https:\\\/\\\/www.icy.nl\\\/wp-content\\\/uploads\\\/2016\\\/07\\\/2038pfpc-potential-free-power-converter-2021.jpg\",\"datePublished\":\"2025-01-14T11:14:17+00:00\",\"breadcrumb\":{\"@id\":\"https:\\\/\\\/www.icy.nl\\\/fr\\\/produit\\\/potential-free-power-converter\\\/#breadcrumb\"},\"inLanguage\":\"fr-FR\",\"potentialAction\":[{\"@type\":\"ReadAction\",\"target\":[\"https:\\\/\\\/www.icy.nl\\\/fr\\\/produit\\\/potential-free-power-converter\\\/\"]}]},{\"@type\":\"ImageObject\",\"inLanguage\":\"fr-FR\",\"@id\":\"https:\\\/\\\/www.icy.nl\\\/fr\\\/produit\\\/potential-free-power-converter\\\/#primaryimage\",\"url\":\"https:\\\/\\\/www.icy.nl\\\/wp-content\\\/uploads\\\/2016\\\/07\\\/2038pfpc-potential-free-power-converter-2021.jpg\",\"contentUrl\":\"https:\\\/\\\/www.icy.nl\\\/wp-content\\\/uploads\\\/2016\\\/07\\\/2038pfpc-potential-free-power-converter-2021.jpg\",\"width\":800,\"height\":800},{\"@type\":\"BreadcrumbList\",\"@id\":\"https:\\\/\\\/www.icy.nl\\\/fr\\\/produit\\\/potential-free-power-converter\\\/#breadcrumb\",\"itemListElement\":[{\"@type\":\"ListItem\",\"position\":1,\"name\":\"Home\",\"item\":\"https:\\\/\\\/www.icy.nl\\\/fr\\\/\"},{\"@type\":\"ListItem\",\"position\":2,\"name\":\"Produits\",\"item\":\"https:\\\/\\\/www.icy.nl\\\/fr\\\/produits\\\/\"},{\"@type\":\"ListItem\",\"position\":3,\"name\":\"Potential Free Power Converter\"}]},{\"@type\":\"WebSite\",\"@id\":\"https:\\\/\\\/www.icy.nl\\\/fr\\\/#website\",\"url\":\"https:\\\/\\\/www.icy.nl\\\/fr\\\/\",\"name\":\"ICY\",\"description\":\"Smartmotica solutions\",\"publisher\":{\"@id\":\"https:\\\/\\\/www.icy.nl\\\/fr\\\/#organization\"},\"potentialAction\":[{\"@type\":\"SearchAction\",\"target\":{\"@type\":\"EntryPoint\",\"urlTemplate\":\"https:\\\/\\\/www.icy.nl\\\/fr\\\/?s={search_term_string}\"},\"query-input\":{\"@type\":\"PropertyValueSpecification\",\"valueRequired\":true,\"valueName\":\"search_term_string\"}}],\"inLanguage\":\"fr-FR\"},{\"@type\":\"Organization\",\"@id\":\"https:\\\/\\\/www.icy.nl\\\/fr\\\/#organization\",\"name\":\"I.C.Y. B.V.\",\"url\":\"https:\\\/\\\/www.icy.nl\\\/fr\\\/\",\"logo\":{\"@type\":\"ImageObject\",\"inLanguage\":\"fr-FR\",\"@id\":\"https:\\\/\\\/www.icy.nl\\\/fr\\\/#\\\/schema\\\/logo\\\/image\\\/\",\"url\":\"https:\\\/\\\/www.icy.nl\\\/wp-content\\\/uploads\\\/2016\\\/11\\\/logo-icy.jpg\",\"contentUrl\":\"https:\\\/\\\/www.icy.nl\\\/wp-content\\\/uploads\\\/2016\\\/11\\\/logo-icy.jpg\",\"width\":400,\"height\":101,\"caption\":\"I.C.Y. B.V.\"},\"image\":{\"@id\":\"https:\\\/\\\/www.icy.nl\\\/fr\\\/#\\\/schema\\\/logo\\\/image\\\/\"}}]}<\/script>\n<!-- \/ Yoast SEO plugin. -->","yoast_head_json":{"title":"Potential Free Power Converter - ICY","robots":{"index":"index","follow":"follow","max-snippet":"max-snippet:-1","max-image-preview":"max-image-preview:large","max-video-preview":"max-video-preview:-1"},"canonical":"https:\/\/www.icy.nl\/fr\/produit\/potential-free-power-converter\/","og_locale":"fr_FR","og_type":"article","og_title":"Potential Free Power Converter - ICY","og_description":"Le convertisseur de puissance libre de potentiel est utilis\u00e9 dans les situations o\u00f9 le thermostat ne peut pas \u00eatre connect\u00e9 directement \u00e0 l'appareil de chauffage. C'est le cas lors de tensions de commutation sup\u00e9rieures \u00e0 40 V et dans les situations o\u00f9 l'appareil de chauffage n'est pas en mesure d'alimenter le thermostat.  \u20ac79,- hors TVA Ce produit est disponible dans notre boutique en ligne via le lien ci-dessous. Aller \u00e0 ce produit","og_url":"https:\/\/www.icy.nl\/fr\/produit\/potential-free-power-converter\/","og_site_name":"ICY","og_image":[{"width":800,"height":800,"url":"https:\/\/www.icy.nl\/wp-content\/uploads\/2016\/07\/2038pfpc-potential-free-power-converter-2021.jpg","type":"image\/jpeg"}],"twitter_card":"summary_large_image","schema":{"@context":"https:\/\/schema.org","@graph":[{"@type":"WebPage","@id":"https:\/\/www.icy.nl\/fr\/produit\/potential-free-power-converter\/","url":"https:\/\/www.icy.nl\/fr\/produit\/potential-free-power-converter\/","name":"Potential Free Power Converter - ICY","isPartOf":{"@id":"https:\/\/www.icy.nl\/fr\/#website"},"primaryImageOfPage":{"@id":"https:\/\/www.icy.nl\/fr\/produit\/potential-free-power-converter\/#primaryimage"},"image":{"@id":"https:\/\/www.icy.nl\/fr\/produit\/potential-free-power-converter\/#primaryimage"},"thumbnailUrl":"https:\/\/www.icy.nl\/wp-content\/uploads\/2016\/07\/2038pfpc-potential-free-power-converter-2021.jpg","datePublished":"2025-01-14T11:14:17+00:00","breadcrumb":{"@id":"https:\/\/www.icy.nl\/fr\/produit\/potential-free-power-converter\/#breadcrumb"},"inLanguage":"fr-FR","potentialAction":[{"@type":"ReadAction","target":["https:\/\/www.icy.nl\/fr\/produit\/potential-free-power-converter\/"]}]},{"@type":"ImageObject","inLanguage":"fr-FR","@id":"https:\/\/www.icy.nl\/fr\/produit\/potential-free-power-converter\/#primaryimage","url":"https:\/\/www.icy.nl\/wp-content\/uploads\/2016\/07\/2038pfpc-potential-free-power-converter-2021.jpg","contentUrl":"https:\/\/www.icy.nl\/wp-content\/uploads\/2016\/07\/2038pfpc-potential-free-power-converter-2021.jpg","width":800,"height":800},{"@type":"BreadcrumbList","@id":"https:\/\/www.icy.nl\/fr\/produit\/potential-free-power-converter\/#breadcrumb","itemListElement":[{"@type":"ListItem","position":1,"name":"Home","item":"https:\/\/www.icy.nl\/fr\/"},{"@type":"ListItem","position":2,"name":"Produits","item":"https:\/\/www.icy.nl\/fr\/produits\/"},{"@type":"ListItem","position":3,"name":"Potential Free Power Converter"}]},{"@type":"WebSite","@id":"https:\/\/www.icy.nl\/fr\/#website","url":"https:\/\/www.icy.nl\/fr\/","name":"ICY","description":"Smartmotica solutions","publisher":{"@id":"https:\/\/www.icy.nl\/fr\/#organization"},"potentialAction":[{"@type":"SearchAction","target":{"@type":"EntryPoint","urlTemplate":"https:\/\/www.icy.nl\/fr\/?s={search_term_string}"},"query-input":{"@type":"PropertyValueSpecification","valueRequired":true,"valueName":"search_term_string"}}],"inLanguage":"fr-FR"},{"@type":"Organization","@id":"https:\/\/www.icy.nl\/fr\/#organization","name":"I.C.Y. B.V.","url":"https:\/\/www.icy.nl\/fr\/","logo":{"@type":"ImageObject","inLanguage":"fr-FR","@id":"https:\/\/www.icy.nl\/fr\/#\/schema\/logo\/image\/","url":"https:\/\/www.icy.nl\/wp-content\/uploads\/2016\/11\/logo-icy.jpg","contentUrl":"https:\/\/www.icy.nl\/wp-content\/uploads\/2016\/11\/logo-icy.jpg","width":400,"height":101,"caption":"I.C.Y. B.V."},"image":{"@id":"https:\/\/www.icy.nl\/fr\/#\/schema\/logo\/image\/"}}]}},"featured_img":"https:\/\/www.icy.nl\/wp-content\/uploads\/2016\/07\/2038pfpc-potential-free-power-converter-2021.jpg","coauthors":[],"author_meta":{"author_link":"https:\/\/www.icy.nl\/fr\/author\/daniel\/","display_name":"Daniel van de Kamp"},"relative_dates":{"created":"Publi\u00e9 10 ans il y a","modified":"Mis \u00e0 jour 1 an il y a"},"absolute_dates":{"created":"Publi\u00e9 le 4 juillet 2016","modified":"Mise \u00e0 jour le 14 janvier 2025"},"absolute_dates_time":{"created":"Publi\u00e9 le 4 juillet 2016 14h47","modified":"Mise \u00e0 jour le 14 janvier 2025 12h14"},"featured_img_caption":"","tax_additional":{"product_brand":{"linked":[],"unlinked":[],"slug":"product_brand","name":"Marques"},"product_type":{"linked":["<a href=\"https:\/\/www.icy.nl\/fr\/?taxonomy=product_type&#038;term=simple\" class=\"advgb-post-tax-term\">simple<\/a>"],"unlinked":["<span class=\"advgb-post-tax-term\">simple<\/span>"],"slug":"product_type","name":"Type de produit"},"product_visibility":{"linked":[],"unlinked":[],"slug":"product_visibility","name":"Visibilit\u00e9 du produit"},"product_cat":{"linked":["<a href=\"https:\/\/www.icy.nl\/fr\/product-categorie\/accessoires-de-thermostat\/\" class=\"advgb-post-tax-term\">Accessoires de thermostat<\/a>"],"unlinked":["<span class=\"advgb-post-tax-term\">Accessoires de thermostat<\/span>"],"slug":"product_cat","name":"Cat\u00e9gories de produits"},"product_tag":{"linked":[],"unlinked":[],"slug":"product_tag","name":"\u00c9tiquettes produit"},"product_shipping_class":{"linked":["<a href=\"https:\/\/www.icy.nl\/fr\/?taxonomy=product_shipping_class&#038;term=paquet-normal\" class=\"advgb-post-tax-term\">Paquet normal<\/a>"],"unlinked":["<span class=\"advgb-post-tax-term\">Paquet normal<\/span>"],"slug":"product_shipping_class","name":"Classe d\u2019exp\u00e9dition du produit"},"pos_product_visibility":{"linked":[],"unlinked":[],"slug":"pos_product_visibility","name":"Visibilit\u00e9 du produit sur le point de vente"},"translation_priority":{"linked":["<a href=\"https:\/\/www.icy.nl\/fr\/?taxonomy=translation_priority&#038;term=facultatif\" class=\"advgb-post-tax-term\">Facultatif<\/a>"],"unlinked":["<span class=\"advgb-post-tax-term\">Facultatif<\/span>"],"slug":"translation_priority","name":"Priorit\u00e9s de traduction"}},"series_order":"","_links":{"self":[{"href":"https:\/\/www.icy.nl\/fr\/wp-json\/wp\/v2\/product\/57652","targetHints":{"allow":["GET"]}}],"collection":[{"href":"https:\/\/www.icy.nl\/fr\/wp-json\/wp\/v2\/product"}],"about":[{"href":"https:\/\/www.icy.nl\/fr\/wp-json\/wp\/v2\/types\/product"}],"wp:featuredmedia":[{"embeddable":true,"href":"https:\/\/www.icy.nl\/fr\/wp-json\/wp\/v2\/media\/38183"}],"wp:attachment":[{"href":"https:\/\/www.icy.nl\/fr\/wp-json\/wp\/v2\/media?parent=57652"}],"wp:term":[{"taxonomy":"product_brand","embeddable":true,"href":"https:\/\/www.icy.nl\/fr\/wp-json\/wp\/v2\/product_brand?post=57652"},{"taxonomy":"product_cat","embeddable":true,"href":"https:\/\/www.icy.nl\/fr\/wp-json\/wp\/v2\/product_cat?post=57652"},{"taxonomy":"product_tag","embeddable":true,"href":"https:\/\/www.icy.nl\/fr\/wp-json\/wp\/v2\/product_tag?post=57652"}],"curies":[{"name":"wp","href":"https:\/\/api.w.org\/{rel}","templated":true}]}}