{"id":57656,"date":"2016-06-20T12:52:53","date_gmt":"2025-01-14T11:20:15","guid":{"rendered":"https:\/\/www.icy.nl\/product\/pir-detecteur-de-mouvement\/"},"modified":"2025-01-14T12:20:15","modified_gmt":"2025-01-14T11:20:15","slug":"pir-detecteur-de-mouvement","status":"publish","type":"product","link":"https:\/\/www.icy.nl\/fr\/produit\/pir-detecteur-de-mouvement\/","title":{"rendered":"PIR d\u00e9tecteur de mouvement"},"content":{"rendered":"<p>D\u00e9tecteur de mouvement pouvant \u00eatre utilis\u00e9 en combinaison avec une unit\u00e9 de contr\u00f4le d&rsquo;h\u00e9bergement ICY3525IN.<br \/>\nPeut transmettre un message via une connexion filaire via une unit\u00e9 de contr\u00f4le d&rsquo;h\u00e9bergement.<\/p>\n<p>Contact de commutation sans potentiel.<\/p>\n<p>Sabotage alarme.<\/p>\n<p>Aliment\u00e9 en 12 V.<\/p>\n","protected":false},"excerpt":{"rendered":"<p>D\u00e9tecteur de mouvement pouvant \u00eatre utilis\u00e9 en combinaison avec une unit\u00e9 de contr\u00f4le d&rsquo;h\u00e9bergement ICY3525IN.<br \/>\nPeut transmettre un message via une connexion filaire via une unit\u00e9 de contr\u00f4le d&rsquo;h\u00e9bergement.<\/p>\n<p>Contact de commutation sans potentiel.<\/p>\n<p>Sabotage alarme.<\/p>\n<p>Aliment\u00e9 en 12 V.<\/p>\n","protected":false},"author":2946,"featured_media":1988,"template":"","meta":{"advgb_blocks_editor_width":"","advgb_blocks_columns_visual_guide":"","_genesis_hide_title":false,"_genesis_hide_breadcrumbs":false,"_genesis_hide_singular_image":false,"_genesis_hide_footer_widgets":false,"_genesis_custom_body_class":"","_genesis_custom_post_class":"","_genesis_layout":""},"product_brand":[],"product_cat":[76,80],"product_tag":[],"class_list":{"0":"post-57656","1":"product","2":"type-product","3":"status-publish","4":"has-post-thumbnail","6":"product_cat-accommodation-management-fr","7":"product_cat-facility-management-fr","8":"entry","10":"first","11":"instock","12":"taxable","13":"shipping-taxable","14":"product-type-simple"},"yoast_head":"<!-- This site is optimized with the Yoast SEO plugin v27.4 - https:\/\/yoast.com\/product\/yoast-seo-wordpress\/ -->\n<title>PIR d\u00e9tecteur de mouvement - ICY<\/title>\n<meta name=\"robots\" content=\"index, follow, max-snippet:-1, max-image-preview:large, max-video-preview:-1\" \/>\n<link rel=\"canonical\" href=\"https:\/\/www.icy.nl\/fr\/produit\/pir-detecteur-de-mouvement\/\" \/>\n<meta property=\"og:locale\" content=\"fr_FR\" \/>\n<meta property=\"og:type\" content=\"article\" \/>\n<meta property=\"og:title\" content=\"PIR d\u00e9tecteur de mouvement - ICY\" \/>\n<meta property=\"og:description\" content=\"D\u00e9tecteur de mouvement pouvant \u00eatre utilis\u00e9 en combinaison avec une unit\u00e9 de contr\u00f4le d&#039;h\u00e9bergement ICY3525IN. Peut transmettre un message via une connexion filaire via une unit\u00e9 de contr\u00f4le d&#039;h\u00e9bergement. Contact de commutation sans potentiel. Sabotage alarme. Aliment\u00e9 en 12 V.\" \/>\n<meta property=\"og:url\" content=\"https:\/\/www.icy.nl\/fr\/produit\/pir-detecteur-de-mouvement\/\" \/>\n<meta property=\"og:site_name\" content=\"ICY\" \/>\n<meta name=\"twitter:card\" content=\"summary_large_image\" \/>\n<script type=\"application\/ld+json\" class=\"yoast-schema-graph\">{\"@context\":\"https:\\\/\\\/schema.org\",\"@graph\":[{\"@type\":\"WebPage\",\"@id\":\"https:\\\/\\\/www.icy.nl\\\/fr\\\/produit\\\/pir-detecteur-de-mouvement\\\/\",\"url\":\"https:\\\/\\\/www.icy.nl\\\/fr\\\/produit\\\/pir-detecteur-de-mouvement\\\/\",\"name\":\"PIR d\u00e9tecteur de mouvement - ICY\",\"isPartOf\":{\"@id\":\"https:\\\/\\\/www.icy.nl\\\/fr\\\/#website\"},\"primaryImageOfPage\":{\"@id\":\"https:\\\/\\\/www.icy.nl\\\/fr\\\/produit\\\/pir-detecteur-de-mouvement\\\/#primaryimage\"},\"image\":{\"@id\":\"https:\\\/\\\/www.icy.nl\\\/fr\\\/produit\\\/pir-detecteur-de-mouvement\\\/#primaryimage\"},\"thumbnailUrl\":\"https:\\\/\\\/www.icy.nl\\\/wp-content\\\/uploads\\\/2016\\\/06\\\/3835-3836-PIR-Motion-Detector-1.jpg\",\"datePublished\":\"2025-01-14T11:20:15+00:00\",\"breadcrumb\":{\"@id\":\"https:\\\/\\\/www.icy.nl\\\/fr\\\/produit\\\/pir-detecteur-de-mouvement\\\/#breadcrumb\"},\"inLanguage\":\"fr-FR\",\"potentialAction\":[{\"@type\":\"ReadAction\",\"target\":[\"https:\\\/\\\/www.icy.nl\\\/fr\\\/produit\\\/pir-detecteur-de-mouvement\\\/\"]}]},{\"@type\":\"ImageObject\",\"inLanguage\":\"fr-FR\",\"@id\":\"https:\\\/\\\/www.icy.nl\\\/fr\\\/produit\\\/pir-detecteur-de-mouvement\\\/#primaryimage\",\"url\":\"https:\\\/\\\/www.icy.nl\\\/wp-content\\\/uploads\\\/2016\\\/06\\\/3835-3836-PIR-Motion-Detector-1.jpg\",\"contentUrl\":\"https:\\\/\\\/www.icy.nl\\\/wp-content\\\/uploads\\\/2016\\\/06\\\/3835-3836-PIR-Motion-Detector-1.jpg\",\"width\":472,\"height\":472},{\"@type\":\"BreadcrumbList\",\"@id\":\"https:\\\/\\\/www.icy.nl\\\/fr\\\/produit\\\/pir-detecteur-de-mouvement\\\/#breadcrumb\",\"itemListElement\":[{\"@type\":\"ListItem\",\"position\":1,\"name\":\"Home\",\"item\":\"https:\\\/\\\/www.icy.nl\\\/fr\\\/\"},{\"@type\":\"ListItem\",\"position\":2,\"name\":\"Produits\",\"item\":\"https:\\\/\\\/www.icy.nl\\\/fr\\\/produits\\\/\"},{\"@type\":\"ListItem\",\"position\":3,\"name\":\"PIR d\u00e9tecteur de mouvement\"}]},{\"@type\":\"WebSite\",\"@id\":\"https:\\\/\\\/www.icy.nl\\\/fr\\\/#website\",\"url\":\"https:\\\/\\\/www.icy.nl\\\/fr\\\/\",\"name\":\"ICY\",\"description\":\"Smartmotica solutions\",\"publisher\":{\"@id\":\"https:\\\/\\\/www.icy.nl\\\/fr\\\/#organization\"},\"potentialAction\":[{\"@type\":\"SearchAction\",\"target\":{\"@type\":\"EntryPoint\",\"urlTemplate\":\"https:\\\/\\\/www.icy.nl\\\/fr\\\/?s={search_term_string}\"},\"query-input\":{\"@type\":\"PropertyValueSpecification\",\"valueRequired\":true,\"valueName\":\"search_term_string\"}}],\"inLanguage\":\"fr-FR\"},{\"@type\":\"Organization\",\"@id\":\"https:\\\/\\\/www.icy.nl\\\/fr\\\/#organization\",\"name\":\"I.C.Y. B.V.\",\"url\":\"https:\\\/\\\/www.icy.nl\\\/fr\\\/\",\"logo\":{\"@type\":\"ImageObject\",\"inLanguage\":\"fr-FR\",\"@id\":\"https:\\\/\\\/www.icy.nl\\\/fr\\\/#\\\/schema\\\/logo\\\/image\\\/\",\"url\":\"https:\\\/\\\/www.icy.nl\\\/wp-content\\\/uploads\\\/2016\\\/11\\\/logo-icy.jpg\",\"contentUrl\":\"https:\\\/\\\/www.icy.nl\\\/wp-content\\\/uploads\\\/2016\\\/11\\\/logo-icy.jpg\",\"width\":400,\"height\":101,\"caption\":\"I.C.Y. B.V.\"},\"image\":{\"@id\":\"https:\\\/\\\/www.icy.nl\\\/fr\\\/#\\\/schema\\\/logo\\\/image\\\/\"}}]}<\/script>\n<!-- \/ Yoast SEO plugin. -->","yoast_head_json":{"title":"PIR d\u00e9tecteur de mouvement - ICY","robots":{"index":"index","follow":"follow","max-snippet":"max-snippet:-1","max-image-preview":"max-image-preview:large","max-video-preview":"max-video-preview:-1"},"canonical":"https:\/\/www.icy.nl\/fr\/produit\/pir-detecteur-de-mouvement\/","og_locale":"fr_FR","og_type":"article","og_title":"PIR d\u00e9tecteur de mouvement - ICY","og_description":"D\u00e9tecteur de mouvement pouvant \u00eatre utilis\u00e9 en combinaison avec une unit\u00e9 de contr\u00f4le d'h\u00e9bergement ICY3525IN. Peut transmettre un message via une connexion filaire via une unit\u00e9 de contr\u00f4le d'h\u00e9bergement. Contact de commutation sans potentiel. Sabotage alarme. Aliment\u00e9 en 12 V.","og_url":"https:\/\/www.icy.nl\/fr\/produit\/pir-detecteur-de-mouvement\/","og_site_name":"ICY","twitter_card":"summary_large_image","schema":{"@context":"https:\/\/schema.org","@graph":[{"@type":"WebPage","@id":"https:\/\/www.icy.nl\/fr\/produit\/pir-detecteur-de-mouvement\/","url":"https:\/\/www.icy.nl\/fr\/produit\/pir-detecteur-de-mouvement\/","name":"PIR d\u00e9tecteur de mouvement - ICY","isPartOf":{"@id":"https:\/\/www.icy.nl\/fr\/#website"},"primaryImageOfPage":{"@id":"https:\/\/www.icy.nl\/fr\/produit\/pir-detecteur-de-mouvement\/#primaryimage"},"image":{"@id":"https:\/\/www.icy.nl\/fr\/produit\/pir-detecteur-de-mouvement\/#primaryimage"},"thumbnailUrl":"https:\/\/www.icy.nl\/wp-content\/uploads\/2016\/06\/3835-3836-PIR-Motion-Detector-1.jpg","datePublished":"2025-01-14T11:20:15+00:00","breadcrumb":{"@id":"https:\/\/www.icy.nl\/fr\/produit\/pir-detecteur-de-mouvement\/#breadcrumb"},"inLanguage":"fr-FR","potentialAction":[{"@type":"ReadAction","target":["https:\/\/www.icy.nl\/fr\/produit\/pir-detecteur-de-mouvement\/"]}]},{"@type":"ImageObject","inLanguage":"fr-FR","@id":"https:\/\/www.icy.nl\/fr\/produit\/pir-detecteur-de-mouvement\/#primaryimage","url":"https:\/\/www.icy.nl\/wp-content\/uploads\/2016\/06\/3835-3836-PIR-Motion-Detector-1.jpg","contentUrl":"https:\/\/www.icy.nl\/wp-content\/uploads\/2016\/06\/3835-3836-PIR-Motion-Detector-1.jpg","width":472,"height":472},{"@type":"BreadcrumbList","@id":"https:\/\/www.icy.nl\/fr\/produit\/pir-detecteur-de-mouvement\/#breadcrumb","itemListElement":[{"@type":"ListItem","position":1,"name":"Home","item":"https:\/\/www.icy.nl\/fr\/"},{"@type":"ListItem","position":2,"name":"Produits","item":"https:\/\/www.icy.nl\/fr\/produits\/"},{"@type":"ListItem","position":3,"name":"PIR d\u00e9tecteur de mouvement"}]},{"@type":"WebSite","@id":"https:\/\/www.icy.nl\/fr\/#website","url":"https:\/\/www.icy.nl\/fr\/","name":"ICY","description":"Smartmotica solutions","publisher":{"@id":"https:\/\/www.icy.nl\/fr\/#organization"},"potentialAction":[{"@type":"SearchAction","target":{"@type":"EntryPoint","urlTemplate":"https:\/\/www.icy.nl\/fr\/?s={search_term_string}"},"query-input":{"@type":"PropertyValueSpecification","valueRequired":true,"valueName":"search_term_string"}}],"inLanguage":"fr-FR"},{"@type":"Organization","@id":"https:\/\/www.icy.nl\/fr\/#organization","name":"I.C.Y. B.V.","url":"https:\/\/www.icy.nl\/fr\/","logo":{"@type":"ImageObject","inLanguage":"fr-FR","@id":"https:\/\/www.icy.nl\/fr\/#\/schema\/logo\/image\/","url":"https:\/\/www.icy.nl\/wp-content\/uploads\/2016\/11\/logo-icy.jpg","contentUrl":"https:\/\/www.icy.nl\/wp-content\/uploads\/2016\/11\/logo-icy.jpg","width":400,"height":101,"caption":"I.C.Y. B.V."},"image":{"@id":"https:\/\/www.icy.nl\/fr\/#\/schema\/logo\/image\/"}}]}},"featured_img":"https:\/\/www.icy.nl\/wp-content\/uploads\/2016\/06\/3835-3836-PIR-Motion-Detector-1.jpg","coauthors":[],"author_meta":{"author_link":"https:\/\/www.icy.nl\/fr\/author\/daniel\/","display_name":"Daniel van de Kamp"},"relative_dates":{"created":"Publi\u00e9 10 ans il y a","modified":"Mis \u00e0 jour 1 an il y a"},"absolute_dates":{"created":"Publi\u00e9 le 20 juin 2016","modified":"Mise \u00e0 jour le 14 janvier 2025"},"absolute_dates_time":{"created":"Publi\u00e9 le 20 juin 2016 12h52","modified":"Mise \u00e0 jour le 14 janvier 2025 12h20"},"featured_img_caption":"","tax_additional":{"product_brand":{"linked":[],"unlinked":[],"slug":"product_brand","name":"Marques"},"product_type":{"linked":["<a href=\"https:\/\/www.icy.nl\/fr\/?taxonomy=product_type&#038;term=simple\" class=\"advgb-post-tax-term\">simple<\/a>"],"unlinked":["<span class=\"advgb-post-tax-term\">simple<\/span>"],"slug":"product_type","name":"Type de produit"},"product_visibility":{"linked":[],"unlinked":[],"slug":"product_visibility","name":"Visibilit\u00e9 du produit"},"product_cat":{"linked":["<a href=\"https:\/\/www.icy.nl\/fr\/product-categorie\/accommodation-management-fr\/\" class=\"advgb-post-tax-term\">Accommodation Management<\/a>","<a href=\"https:\/\/www.icy.nl\/fr\/product-categorie\/facility-management-fr\/\" class=\"advgb-post-tax-term\">Facility Management<\/a>"],"unlinked":["<span class=\"advgb-post-tax-term\">Accommodation Management<\/span>","<span class=\"advgb-post-tax-term\">Facility Management<\/span>"],"slug":"product_cat","name":"Cat\u00e9gories de produits"},"product_tag":{"linked":[],"unlinked":[],"slug":"product_tag","name":"\u00c9tiquettes produit"},"product_shipping_class":{"linked":[],"unlinked":[],"slug":"product_shipping_class","name":"Classe d\u2019exp\u00e9dition du produit"},"pos_product_visibility":{"linked":[],"unlinked":[],"slug":"pos_product_visibility","name":"Visibilit\u00e9 du produit sur le point de vente"},"translation_priority":{"linked":[],"unlinked":[],"slug":"translation_priority","name":"Priorit\u00e9s de traduction"}},"series_order":"","_links":{"self":[{"href":"https:\/\/www.icy.nl\/fr\/wp-json\/wp\/v2\/product\/57656","targetHints":{"allow":["GET"]}}],"collection":[{"href":"https:\/\/www.icy.nl\/fr\/wp-json\/wp\/v2\/product"}],"about":[{"href":"https:\/\/www.icy.nl\/fr\/wp-json\/wp\/v2\/types\/product"}],"wp:featuredmedia":[{"embeddable":true,"href":"https:\/\/www.icy.nl\/fr\/wp-json\/wp\/v2\/media\/1988"}],"wp:attachment":[{"href":"https:\/\/www.icy.nl\/fr\/wp-json\/wp\/v2\/media?parent=57656"}],"wp:term":[{"taxonomy":"product_brand","embeddable":true,"href":"https:\/\/www.icy.nl\/fr\/wp-json\/wp\/v2\/product_brand?post=57656"},{"taxonomy":"product_cat","embeddable":true,"href":"https:\/\/www.icy.nl\/fr\/wp-json\/wp\/v2\/product_cat?post=57656"},{"taxonomy":"product_tag","embeddable":true,"href":"https:\/\/www.icy.nl\/fr\/wp-json\/wp\/v2\/product_tag?post=57656"}],"curies":[{"name":"wp","href":"https:\/\/api.w.org\/{rel}","templated":true}]}}