{"id":57659,"date":"2016-06-14T08:17:32","date_gmt":"2025-01-14T11:22:51","guid":{"rendered":"https:\/\/www.icy.nl\/product\/smart-meter-reader\/"},"modified":"2025-01-14T12:22:51","modified_gmt":"2025-01-14T11:22:51","slug":"smart-meter-reader","status":"publish","type":"product","link":"https:\/\/www.icy.nl\/fr\/produit\/smart-meter-reader\/","title":{"rendered":"Smart Meter Reader"},"content":{"rendered":"","protected":false},"excerpt":{"rendered":"<p>Le ICY4442IN Smart Meter Reader lit le relev\u00e9 du compteur via le port P1 d&rsquo;un compteur intelligent.<br \/>\nLe lecteur de compteur intelligent lit en combinaison avec l&rsquo;application logicielle ICY Control Center.<br \/>\nLe lecteur de compteur intelligent envoie les relev\u00e9s via ICY-Net au centre de contr\u00f4le ICY depuis quels relev\u00e9s de compteurs et consommations par p\u00e9riode peuvent \u00eatre demand\u00e9s.<\/p>\n<p>ICY Control Center est disponible dans une version pour <a href=\"https:\/\/www.icy.nl\/facility-management\/\">les entreprises<\/a> et dans une version pour <a href=\"https:\/\/www.icy.nl\/accommodatie-management\/\">les parcs de bungalows<\/a> et offre de nombreuses autres options en plus du relev\u00e9 des compteurs d&rsquo;\u00e9nergie.<\/p>\n","protected":false},"author":2946,"featured_media":45448,"template":"","meta":{"advgb_blocks_editor_width":"","advgb_blocks_columns_visual_guide":"","_genesis_hide_title":false,"_genesis_hide_breadcrumbs":false,"_genesis_hide_singular_image":false,"_genesis_hide_footer_widgets":false,"_genesis_custom_body_class":"","_genesis_custom_post_class":"","_genesis_layout":""},"product_brand":[],"product_cat":[80,82,87,91],"product_tag":[],"class_list":{"0":"post-57659","1":"product","2":"type-product","3":"status-publish","4":"has-post-thumbnail","6":"product_cat-facility-management-fr","7":"product_cat-lecture-de-compteurs-sans-fil","8":"product_cat-logement-etudiant","9":"product_cat-agence-demploi","10":"entry","12":"first","13":"instock","14":"taxable","15":"shipping-taxable","16":"product-type-simple"},"yoast_head":"<!-- This site is optimized with the Yoast SEO plugin v27.3 - https:\/\/yoast.com\/product\/yoast-seo-wordpress\/ -->\n<title>Smart Meter Reader - ICY<\/title>\n<meta name=\"description\" content=\"Le ICY4442IN Smart Meter Reader lit le relev\u00e9 du compteur via le port P1 d&#039;un compteur intelligent.\" \/>\n<meta name=\"robots\" content=\"index, follow, max-snippet:-1, max-image-preview:large, max-video-preview:-1\" \/>\n<link rel=\"canonical\" href=\"https:\/\/www.icy.nl\/fr\/produit\/smart-meter-reader\/\" \/>\n<meta property=\"og:locale\" content=\"fr_FR\" \/>\n<meta property=\"og:type\" content=\"article\" \/>\n<meta property=\"og:title\" content=\"Smart Meter Reader - ICY\" \/>\n<meta property=\"og:description\" content=\"Le ICY4442IN Smart Meter Reader lit le relev\u00e9 du compteur via le port P1 d&#039;un compteur intelligent.\" \/>\n<meta property=\"og:url\" content=\"https:\/\/www.icy.nl\/fr\/produit\/smart-meter-reader\/\" \/>\n<meta property=\"og:site_name\" content=\"ICY\" \/>\n<meta property=\"og:image\" content=\"https:\/\/www.icy.nl\/wp-content\/uploads\/2016\/06\/4442IN-energiemeter-uitlezen-smart-meter-reader-1.jpg\" \/>\n\t<meta property=\"og:image:width\" content=\"800\" \/>\n\t<meta property=\"og:image:height\" content=\"800\" \/>\n\t<meta property=\"og:image:type\" content=\"image\/jpeg\" \/>\n<meta name=\"twitter:card\" content=\"summary_large_image\" \/>\n<script type=\"application\/ld+json\" class=\"yoast-schema-graph\">{\"@context\":\"https:\\\/\\\/schema.org\",\"@graph\":[{\"@type\":\"WebPage\",\"@id\":\"https:\\\/\\\/www.icy.nl\\\/fr\\\/produit\\\/smart-meter-reader\\\/\",\"url\":\"https:\\\/\\\/www.icy.nl\\\/fr\\\/produit\\\/smart-meter-reader\\\/\",\"name\":\"Smart Meter Reader - ICY\",\"isPartOf\":{\"@id\":\"https:\\\/\\\/www.icy.nl\\\/fr\\\/#website\"},\"primaryImageOfPage\":{\"@id\":\"https:\\\/\\\/www.icy.nl\\\/fr\\\/produit\\\/smart-meter-reader\\\/#primaryimage\"},\"image\":{\"@id\":\"https:\\\/\\\/www.icy.nl\\\/fr\\\/produit\\\/smart-meter-reader\\\/#primaryimage\"},\"thumbnailUrl\":\"https:\\\/\\\/www.icy.nl\\\/wp-content\\\/uploads\\\/2016\\\/06\\\/4442IN-energiemeter-uitlezen-smart-meter-reader-1.jpg\",\"datePublished\":\"2025-01-14T11:22:51+00:00\",\"description\":\"Le ICY4442IN Smart Meter Reader lit le relev\u00e9 du compteur via le port P1 d'un compteur intelligent.\",\"breadcrumb\":{\"@id\":\"https:\\\/\\\/www.icy.nl\\\/fr\\\/produit\\\/smart-meter-reader\\\/#breadcrumb\"},\"inLanguage\":\"fr-FR\",\"potentialAction\":[{\"@type\":\"ReadAction\",\"target\":[\"https:\\\/\\\/www.icy.nl\\\/fr\\\/produit\\\/smart-meter-reader\\\/\"]}]},{\"@type\":\"ImageObject\",\"inLanguage\":\"fr-FR\",\"@id\":\"https:\\\/\\\/www.icy.nl\\\/fr\\\/produit\\\/smart-meter-reader\\\/#primaryimage\",\"url\":\"https:\\\/\\\/www.icy.nl\\\/wp-content\\\/uploads\\\/2016\\\/06\\\/4442IN-energiemeter-uitlezen-smart-meter-reader-1.jpg\",\"contentUrl\":\"https:\\\/\\\/www.icy.nl\\\/wp-content\\\/uploads\\\/2016\\\/06\\\/4442IN-energiemeter-uitlezen-smart-meter-reader-1.jpg\",\"width\":800,\"height\":800},{\"@type\":\"BreadcrumbList\",\"@id\":\"https:\\\/\\\/www.icy.nl\\\/fr\\\/produit\\\/smart-meter-reader\\\/#breadcrumb\",\"itemListElement\":[{\"@type\":\"ListItem\",\"position\":1,\"name\":\"Home\",\"item\":\"https:\\\/\\\/www.icy.nl\\\/fr\\\/\"},{\"@type\":\"ListItem\",\"position\":2,\"name\":\"Produits\",\"item\":\"https:\\\/\\\/www.icy.nl\\\/fr\\\/produits\\\/\"},{\"@type\":\"ListItem\",\"position\":3,\"name\":\"Smart Meter Reader\"}]},{\"@type\":\"WebSite\",\"@id\":\"https:\\\/\\\/www.icy.nl\\\/fr\\\/#website\",\"url\":\"https:\\\/\\\/www.icy.nl\\\/fr\\\/\",\"name\":\"ICY\",\"description\":\"Smartmotica solutions\",\"publisher\":{\"@id\":\"https:\\\/\\\/www.icy.nl\\\/fr\\\/#organization\"},\"potentialAction\":[{\"@type\":\"SearchAction\",\"target\":{\"@type\":\"EntryPoint\",\"urlTemplate\":\"https:\\\/\\\/www.icy.nl\\\/fr\\\/?s={search_term_string}\"},\"query-input\":{\"@type\":\"PropertyValueSpecification\",\"valueRequired\":true,\"valueName\":\"search_term_string\"}}],\"inLanguage\":\"fr-FR\"},{\"@type\":\"Organization\",\"@id\":\"https:\\\/\\\/www.icy.nl\\\/fr\\\/#organization\",\"name\":\"I.C.Y. B.V.\",\"url\":\"https:\\\/\\\/www.icy.nl\\\/fr\\\/\",\"logo\":{\"@type\":\"ImageObject\",\"inLanguage\":\"fr-FR\",\"@id\":\"https:\\\/\\\/www.icy.nl\\\/fr\\\/#\\\/schema\\\/logo\\\/image\\\/\",\"url\":\"https:\\\/\\\/www.icy.nl\\\/wp-content\\\/uploads\\\/2016\\\/11\\\/logo-icy.jpg\",\"contentUrl\":\"https:\\\/\\\/www.icy.nl\\\/wp-content\\\/uploads\\\/2016\\\/11\\\/logo-icy.jpg\",\"width\":400,\"height\":101,\"caption\":\"I.C.Y. B.V.\"},\"image\":{\"@id\":\"https:\\\/\\\/www.icy.nl\\\/fr\\\/#\\\/schema\\\/logo\\\/image\\\/\"}}]}<\/script>\n<!-- \/ Yoast SEO plugin. -->","yoast_head_json":{"title":"Smart Meter Reader - ICY","description":"Le ICY4442IN Smart Meter Reader lit le relev\u00e9 du compteur via le port P1 d'un compteur intelligent.","robots":{"index":"index","follow":"follow","max-snippet":"max-snippet:-1","max-image-preview":"max-image-preview:large","max-video-preview":"max-video-preview:-1"},"canonical":"https:\/\/www.icy.nl\/fr\/produit\/smart-meter-reader\/","og_locale":"fr_FR","og_type":"article","og_title":"Smart Meter Reader - ICY","og_description":"Le ICY4442IN Smart Meter Reader lit le relev\u00e9 du compteur via le port P1 d'un compteur intelligent.","og_url":"https:\/\/www.icy.nl\/fr\/produit\/smart-meter-reader\/","og_site_name":"ICY","og_image":[{"width":800,"height":800,"url":"https:\/\/www.icy.nl\/wp-content\/uploads\/2016\/06\/4442IN-energiemeter-uitlezen-smart-meter-reader-1.jpg","type":"image\/jpeg"}],"twitter_card":"summary_large_image","schema":{"@context":"https:\/\/schema.org","@graph":[{"@type":"WebPage","@id":"https:\/\/www.icy.nl\/fr\/produit\/smart-meter-reader\/","url":"https:\/\/www.icy.nl\/fr\/produit\/smart-meter-reader\/","name":"Smart Meter Reader - ICY","isPartOf":{"@id":"https:\/\/www.icy.nl\/fr\/#website"},"primaryImageOfPage":{"@id":"https:\/\/www.icy.nl\/fr\/produit\/smart-meter-reader\/#primaryimage"},"image":{"@id":"https:\/\/www.icy.nl\/fr\/produit\/smart-meter-reader\/#primaryimage"},"thumbnailUrl":"https:\/\/www.icy.nl\/wp-content\/uploads\/2016\/06\/4442IN-energiemeter-uitlezen-smart-meter-reader-1.jpg","datePublished":"2025-01-14T11:22:51+00:00","description":"Le ICY4442IN Smart Meter Reader lit le relev\u00e9 du compteur via le port P1 d'un compteur intelligent.","breadcrumb":{"@id":"https:\/\/www.icy.nl\/fr\/produit\/smart-meter-reader\/#breadcrumb"},"inLanguage":"fr-FR","potentialAction":[{"@type":"ReadAction","target":["https:\/\/www.icy.nl\/fr\/produit\/smart-meter-reader\/"]}]},{"@type":"ImageObject","inLanguage":"fr-FR","@id":"https:\/\/www.icy.nl\/fr\/produit\/smart-meter-reader\/#primaryimage","url":"https:\/\/www.icy.nl\/wp-content\/uploads\/2016\/06\/4442IN-energiemeter-uitlezen-smart-meter-reader-1.jpg","contentUrl":"https:\/\/www.icy.nl\/wp-content\/uploads\/2016\/06\/4442IN-energiemeter-uitlezen-smart-meter-reader-1.jpg","width":800,"height":800},{"@type":"BreadcrumbList","@id":"https:\/\/www.icy.nl\/fr\/produit\/smart-meter-reader\/#breadcrumb","itemListElement":[{"@type":"ListItem","position":1,"name":"Home","item":"https:\/\/www.icy.nl\/fr\/"},{"@type":"ListItem","position":2,"name":"Produits","item":"https:\/\/www.icy.nl\/fr\/produits\/"},{"@type":"ListItem","position":3,"name":"Smart Meter Reader"}]},{"@type":"WebSite","@id":"https:\/\/www.icy.nl\/fr\/#website","url":"https:\/\/www.icy.nl\/fr\/","name":"ICY","description":"Smartmotica solutions","publisher":{"@id":"https:\/\/www.icy.nl\/fr\/#organization"},"potentialAction":[{"@type":"SearchAction","target":{"@type":"EntryPoint","urlTemplate":"https:\/\/www.icy.nl\/fr\/?s={search_term_string}"},"query-input":{"@type":"PropertyValueSpecification","valueRequired":true,"valueName":"search_term_string"}}],"inLanguage":"fr-FR"},{"@type":"Organization","@id":"https:\/\/www.icy.nl\/fr\/#organization","name":"I.C.Y. B.V.","url":"https:\/\/www.icy.nl\/fr\/","logo":{"@type":"ImageObject","inLanguage":"fr-FR","@id":"https:\/\/www.icy.nl\/fr\/#\/schema\/logo\/image\/","url":"https:\/\/www.icy.nl\/wp-content\/uploads\/2016\/11\/logo-icy.jpg","contentUrl":"https:\/\/www.icy.nl\/wp-content\/uploads\/2016\/11\/logo-icy.jpg","width":400,"height":101,"caption":"I.C.Y. B.V."},"image":{"@id":"https:\/\/www.icy.nl\/fr\/#\/schema\/logo\/image\/"}}]}},"featured_img":"https:\/\/www.icy.nl\/wp-content\/uploads\/2016\/06\/4442IN-energiemeter-uitlezen-smart-meter-reader-1.jpg","coauthors":[],"author_meta":{"author_link":"https:\/\/www.icy.nl\/fr\/author\/daniel\/","display_name":"Daniel van de Kamp"},"relative_dates":{"created":"Publi\u00e9 10 ans il y a","modified":"Mis \u00e0 jour 1 an il y a"},"absolute_dates":{"created":"Publi\u00e9 le 14 juin 2016","modified":"Mise \u00e0 jour le 14 janvier 2025"},"absolute_dates_time":{"created":"Publi\u00e9 le 14 juin 2016 8h17","modified":"Mise \u00e0 jour le 14 janvier 2025 12h22"},"featured_img_caption":"","tax_additional":{"product_brand":{"linked":[],"unlinked":[],"slug":"product_brand","name":"Marques"},"product_type":{"linked":["<a href=\"https:\/\/www.icy.nl\/fr\/?taxonomy=product_type&#038;term=simple\" class=\"advgb-post-tax-term\">simple<\/a>"],"unlinked":["<span class=\"advgb-post-tax-term\">simple<\/span>"],"slug":"product_type","name":"Type de produit"},"product_visibility":{"linked":[],"unlinked":[],"slug":"product_visibility","name":"Visibilit\u00e9 du produit"},"product_cat":{"linked":["<a href=\"https:\/\/www.icy.nl\/fr\/product-categorie\/facility-management-fr\/\" class=\"advgb-post-tax-term\">Facility Management<\/a>","<a href=\"https:\/\/www.icy.nl\/fr\/product-categorie\/lecture-de-compteurs-sans-fil\/\" class=\"advgb-post-tax-term\">Lecture de compteurs sans fil<\/a>","<a href=\"https:\/\/www.icy.nl\/fr\/product-categorie\/logement-etudiant\/\" class=\"advgb-post-tax-term\">Logement \u00e9tudiant<\/a>","<a href=\"https:\/\/www.icy.nl\/fr\/product-categorie\/agence-demploi\/\" class=\"advgb-post-tax-term\">Agence d&#039;emploi<\/a>"],"unlinked":["<span class=\"advgb-post-tax-term\">Facility Management<\/span>","<span class=\"advgb-post-tax-term\">Lecture de compteurs sans fil<\/span>","<span class=\"advgb-post-tax-term\">Logement \u00e9tudiant<\/span>","<span class=\"advgb-post-tax-term\">Agence d&#039;emploi<\/span>"],"slug":"product_cat","name":"Cat\u00e9gories de produits"},"product_tag":{"linked":[],"unlinked":[],"slug":"product_tag","name":"\u00c9tiquettes produit"},"product_shipping_class":{"linked":[],"unlinked":[],"slug":"product_shipping_class","name":"Classe d\u2019exp\u00e9dition du produit"},"pos_product_visibility":{"linked":[],"unlinked":[],"slug":"pos_product_visibility","name":"Visibilit\u00e9 du produit sur le point de vente"},"translation_priority":{"linked":["<a href=\"https:\/\/www.icy.nl\/fr\/?taxonomy=translation_priority&#038;term=hoge-prioriteit-fr\" class=\"advgb-post-tax-term\">hoge prioriteit<\/a>"],"unlinked":["<span class=\"advgb-post-tax-term\">hoge prioriteit<\/span>"],"slug":"translation_priority","name":"Priorit\u00e9s de traduction"}},"series_order":"","_links":{"self":[{"href":"https:\/\/www.icy.nl\/fr\/wp-json\/wp\/v2\/product\/57659","targetHints":{"allow":["GET"]}}],"collection":[{"href":"https:\/\/www.icy.nl\/fr\/wp-json\/wp\/v2\/product"}],"about":[{"href":"https:\/\/www.icy.nl\/fr\/wp-json\/wp\/v2\/types\/product"}],"wp:featuredmedia":[{"embeddable":true,"href":"https:\/\/www.icy.nl\/fr\/wp-json\/wp\/v2\/media\/45448"}],"wp:attachment":[{"href":"https:\/\/www.icy.nl\/fr\/wp-json\/wp\/v2\/media?parent=57659"}],"wp:term":[{"taxonomy":"product_brand","embeddable":true,"href":"https:\/\/www.icy.nl\/fr\/wp-json\/wp\/v2\/product_brand?post=57659"},{"taxonomy":"product_cat","embeddable":true,"href":"https:\/\/www.icy.nl\/fr\/wp-json\/wp\/v2\/product_cat?post=57659"},{"taxonomy":"product_tag","embeddable":true,"href":"https:\/\/www.icy.nl\/fr\/wp-json\/wp\/v2\/product_tag?post=57659"}],"curies":[{"name":"wp","href":"https:\/\/api.w.org\/{rel}","templated":true}]}}