{"id":57668,"date":"2016-05-09T14:00:17","date_gmt":"2025-01-14T12:35:27","guid":{"rendered":"https:\/\/www.icy.nl\/product\/icy1845tt-timer-thermostat\/"},"modified":"2025-01-14T13:35:27","modified_gmt":"2025-01-14T12:35:27","slug":"icy1845tt-timer-thermostat","status":"publish","type":"product","link":"https:\/\/www.icy.nl\/fr\/produit\/icy1845tt-timer-thermostat\/","title":{"rendered":"ICY1845TT Timer Thermostat"},"content":{"rendered":"<p>ICY a d\u00e9velopp\u00e9 une s\u00e9rie de thermostats sp\u00e9cialement destin\u00e9s \u00e0 \u00eatre utilis\u00e9s dans des pi\u00e8ces o\u00f9 l&rsquo;utilisateur n&rsquo;est pas celui qui doit payer la facture d&rsquo;\u00e9nergie. Ces thermostats temporis\u00e9s, comme leur nom l&rsquo;indique, disposent d&rsquo;une minuterie qui garantit que le thermostat revient \u00e0 une temp\u00e9rature plus basse apr\u00e8s un temps choisi par vous en tant que propri\u00e9taire. Selon la version choisie, cela se fait par op\u00e9ration ou par mouvement. Vous pouvez m\u00eame relier le <a href=\"https:\/\/www.icy.nl\/product\/icy1845in-timer-thermostaat-expert\/\">Timer-Thermostat Expert<\/a> \u00e0 votre syst\u00e8me de r\u00e9servation actuel via ICY Control Center. Ces thermostats se caract\u00e9risent par :<\/p>\n<ul>\n<li>r\u00e9sistance au vandalisme<\/li>\n<li>S\u00e9curit\u00e9 du code PIN<\/li>\n<li>robuste<\/li>\n<li>des \u00e9conomies d&rsquo;\u00e9nergie \u00e9lev\u00e9es de 20 % \u00e0 50 %, selon la situation dans laquelle le thermostat est utilis\u00e9.<br \/>\nCela inclut les bungalows en location, les b\u00e2timents associatifs, les bureaux, les chambres d&rsquo;h\u00f4tel et les logements \u00e9tudiants, par exemple.<br \/>\nUne fen\u00eatre est souvent install\u00e9s dans ces espaces, porte ou porte coulissante ouverte pour laisser entrer un peu d&rsquo;air frais, ce qui signifie que le chauffage doit travailler encore plus fort pour maintenir la temp\u00e9rature r\u00e9gl\u00e9e.<\/li>\n<\/ul>\n<p>Les thermostats programmables ICY vous permettent de contr\u00f4ler la temp\u00e9rature de mani\u00e8re plus intelligente, sans sacrifier le confort de chauffage. La d\u00e9tection de pr\u00e9sence peut \u00eatre utilis\u00e9e pour d\u00e9terminer quand la pi\u00e8ce doit \u00eatre chauff\u00e9e, afin qu&rsquo;un radiateur ne reste pas allum\u00e9 pendant 24 heures inutilement. De plus, il existe des subventions auxquelles vous pourriez avoir droit. <\/p>\n<hr>\n<h1>Classe ErP<\/h1>\n<p>Le thermostat programmable 1845 appartient \u00e0 la classe 4 du tableau ci-dessous avec les classes de produits ErP et a donc un facteur de correction ErP de 2 %.<\/p>\n<div class=\"clearfix\"><\/div>\n<div class=\"one-third first\"><strong>Classe<\/strong><\/div>\n<div class=\"one-third\"><strong>Thermostat<\/strong><\/div>\n<div class=\"one-third\"><strong>Facteur de correction<\/strong><\/div>\n<div class=\"one-third first\">4<\/div>\n<div class=\"one-third\">Thermostat d&rsquo;ambiance chrono-proportionnel (r\u00e9chauffeurs marche\/arr\u00eat)<\/div>\n<div class=\"one-third\">2%<\/div>\n<div class=\"clearfix\">\n<hr>\n<\/div>\n","protected":false},"excerpt":{"rendered":"<p>Un thermostat \u00e0 \u00e9conomie d&rsquo;\u00e9nergie avec d\u00e9tecteur de mouvement et capteur de lumi\u00e8re. En l&rsquo;absence de l&rsquo;utilisateur, le thermostat baisse automatiquement le chauffage apr\u00e8s un temps d\u00e9fini par le propri\u00e9taire (ex : 2 heures). <\/p>\n<ul>\n<li>D\u00e9tecteur de mouvement<\/li>\n<li>Capteur de lumi\u00e8re &#8211; Le chauffage est baiss\u00e9 lorsqu&rsquo;il fait sombre dans la pi\u00e8ce o\u00f9 se trouve le thermostat.<\/li>\n<li>\u00ab Accueil chaleureux \u00bb &#8211; La minuterie peut \u00eatre temporairement annul\u00e9e par le propri\u00e9taire pour permettre le pr\u00e9chauffage du logement.<\/li>\n<li>S\u00e9curit\u00e9 du code PIN<\/li>\n<li>Contr\u00f4le : Marche\/Arr\u00eat &#8211; 24 V et OpenTherm\u00ae<\/li>\n<\/ul>\n<p>Pour obtenir des instructions sur la fa\u00e7on de connecter ce thermostat \u00e0 votre chaudi\u00e8re, veuillez visiter cette page : <a href=\"https:\/\/www.icy.nl\/aansluittabel\/\">instructions de connexion par marque et type de chaudi\u00e8re<\/a>.<\/p>\n<p class=\"price\"><span class=\"woocommerce-Price-amount amount\"><bdi><span class=\"woocommerce-Price-currencySymbol\">\u20ac<\/span>244,-<\/bdi><\/span> <small class=\"woocommerce-price-suffix\">hors TVA <\/small><\/p>\n<p>Ce produit est disponible dans notre boutique en ligne via le lien ci-dessous.<\/p>\n<p><a class=\"button-product\" href=\"https:\/\/icybv.odoo.com\/shop\/icy1845tt-timer-thermostaat-standaard-107\" target=\"_blank\" rel=\"noopener noreferrer\"><span>Aller \u00e0 ce produit<\/span><\/a><\/p>\n","protected":false},"author":2946,"featured_media":32462,"template":"","meta":{"advgb_blocks_editor_width":"","advgb_blocks_columns_visual_guide":"","_genesis_hide_title":false,"_genesis_hide_breadcrumbs":false,"_genesis_hide_singular_image":false,"_genesis_hide_footer_widgets":false,"_genesis_custom_body_class":"","_genesis_custom_post_class":"","_genesis_layout":""},"product_brand":[],"product_cat":[87,88],"product_tag":[],"class_list":{"0":"post-57668","1":"product","2":"type-product","3":"status-publish","4":"has-post-thumbnail","6":"product_cat-logement-etudiant","7":"product_cat-controles-de-temperature","8":"product_shipping_class-paquet-normal","9":"entry","11":"first","12":"instock","13":"taxable","14":"shipping-taxable","15":"product-type-simple"},"yoast_head":"<!-- This site is optimized with the Yoast SEO plugin v27.3 - https:\/\/yoast.com\/product\/yoast-seo-wordpress\/ -->\n<title>ICY1845TT Timer Thermostat - ICY<\/title>\n<meta name=\"robots\" content=\"index, follow, max-snippet:-1, max-image-preview:large, max-video-preview:-1\" \/>\n<link rel=\"canonical\" href=\"https:\/\/www.icy.nl\/fr\/produit\/icy1845tt-timer-thermostat\/\" \/>\n<meta property=\"og:locale\" content=\"fr_FR\" \/>\n<meta property=\"og:type\" content=\"article\" \/>\n<meta property=\"og:title\" content=\"ICY1845TT Timer Thermostat - ICY\" \/>\n<meta property=\"og:description\" content=\"Un thermostat \u00e0 \u00e9conomie d&#039;\u00e9nergie avec d\u00e9tecteur de mouvement et capteur de lumi\u00e8re. En l&#039;absence de l&#039;utilisateur, le thermostat baisse automatiquement le chauffage apr\u00e8s un temps d\u00e9fini par le propri\u00e9taire (ex : 2 heures).   D\u00e9tecteur de mouvement  Capteur de lumi\u00e8re - Le chauffage est baiss\u00e9 lorsqu&#039;il fait sombre dans la pi\u00e8ce o\u00f9 se trouve le thermostat.  \u00ab Accueil chaleureux \u00bb - La minuterie peut \u00eatre temporairement annul\u00e9e par le propri\u00e9taire pour permettre le pr\u00e9chauffage du logement.  S\u00e9curit\u00e9 du code PIN  Contr\u00f4le : Marche\/Arr\u00eat - 24 V et OpenTherm\u00ae Pour obtenir des instructions sur la fa\u00e7on de connecter ce thermostat \u00e0 votre chaudi\u00e8re, veuillez visiter cette page : instructions de connexion par marque et type de chaudi\u00e8re. \u20ac244,- hors TVA Ce produit est disponible dans notre boutique en ligne via le lien ci-dessous. Aller \u00e0 ce produit\" \/>\n<meta property=\"og:url\" content=\"https:\/\/www.icy.nl\/fr\/produit\/icy1845tt-timer-thermostat\/\" \/>\n<meta property=\"og:site_name\" content=\"ICY\" \/>\n<meta property=\"og:image\" content=\"https:\/\/www.icy.nl\/wp-content\/uploads\/2018\/02\/1845-energiebesparende-thermostaat-front-2020.jpg\" \/>\n\t<meta property=\"og:image:width\" content=\"800\" \/>\n\t<meta property=\"og:image:height\" content=\"800\" \/>\n\t<meta property=\"og:image:type\" content=\"image\/jpeg\" \/>\n<meta name=\"twitter:card\" content=\"summary_large_image\" \/>\n<meta name=\"twitter:label1\" content=\"Dur\u00e9e de lecture estim\u00e9e\" \/>\n\t<meta name=\"twitter:data1\" content=\"1 minute\" \/>\n<script type=\"application\/ld+json\" class=\"yoast-schema-graph\">{\"@context\":\"https:\\\/\\\/schema.org\",\"@graph\":[{\"@type\":\"WebPage\",\"@id\":\"https:\\\/\\\/www.icy.nl\\\/fr\\\/produit\\\/icy1845tt-timer-thermostat\\\/\",\"url\":\"https:\\\/\\\/www.icy.nl\\\/fr\\\/produit\\\/icy1845tt-timer-thermostat\\\/\",\"name\":\"ICY1845TT Timer Thermostat - ICY\",\"isPartOf\":{\"@id\":\"https:\\\/\\\/www.icy.nl\\\/fr\\\/#website\"},\"primaryImageOfPage\":{\"@id\":\"https:\\\/\\\/www.icy.nl\\\/fr\\\/produit\\\/icy1845tt-timer-thermostat\\\/#primaryimage\"},\"image\":{\"@id\":\"https:\\\/\\\/www.icy.nl\\\/fr\\\/produit\\\/icy1845tt-timer-thermostat\\\/#primaryimage\"},\"thumbnailUrl\":\"https:\\\/\\\/www.icy.nl\\\/wp-content\\\/uploads\\\/2018\\\/02\\\/1845-energiebesparende-thermostaat-front-2020.jpg\",\"datePublished\":\"2025-01-14T12:35:27+00:00\",\"breadcrumb\":{\"@id\":\"https:\\\/\\\/www.icy.nl\\\/fr\\\/produit\\\/icy1845tt-timer-thermostat\\\/#breadcrumb\"},\"inLanguage\":\"fr-FR\",\"potentialAction\":[{\"@type\":\"ReadAction\",\"target\":[\"https:\\\/\\\/www.icy.nl\\\/fr\\\/produit\\\/icy1845tt-timer-thermostat\\\/\"]}]},{\"@type\":\"ImageObject\",\"inLanguage\":\"fr-FR\",\"@id\":\"https:\\\/\\\/www.icy.nl\\\/fr\\\/produit\\\/icy1845tt-timer-thermostat\\\/#primaryimage\",\"url\":\"https:\\\/\\\/www.icy.nl\\\/wp-content\\\/uploads\\\/2018\\\/02\\\/1845-energiebesparende-thermostaat-front-2020.jpg\",\"contentUrl\":\"https:\\\/\\\/www.icy.nl\\\/wp-content\\\/uploads\\\/2018\\\/02\\\/1845-energiebesparende-thermostaat-front-2020.jpg\",\"width\":800,\"height\":800,\"caption\":\"1845 energiebesparende thermostaat\"},{\"@type\":\"BreadcrumbList\",\"@id\":\"https:\\\/\\\/www.icy.nl\\\/fr\\\/produit\\\/icy1845tt-timer-thermostat\\\/#breadcrumb\",\"itemListElement\":[{\"@type\":\"ListItem\",\"position\":1,\"name\":\"Home\",\"item\":\"https:\\\/\\\/www.icy.nl\\\/fr\\\/\"},{\"@type\":\"ListItem\",\"position\":2,\"name\":\"Produits\",\"item\":\"https:\\\/\\\/www.icy.nl\\\/fr\\\/produits\\\/\"},{\"@type\":\"ListItem\",\"position\":3,\"name\":\"ICY1845TT Timer Thermostat\"}]},{\"@type\":\"WebSite\",\"@id\":\"https:\\\/\\\/www.icy.nl\\\/fr\\\/#website\",\"url\":\"https:\\\/\\\/www.icy.nl\\\/fr\\\/\",\"name\":\"ICY\",\"description\":\"Smartmotica solutions\",\"publisher\":{\"@id\":\"https:\\\/\\\/www.icy.nl\\\/fr\\\/#organization\"},\"potentialAction\":[{\"@type\":\"SearchAction\",\"target\":{\"@type\":\"EntryPoint\",\"urlTemplate\":\"https:\\\/\\\/www.icy.nl\\\/fr\\\/?s={search_term_string}\"},\"query-input\":{\"@type\":\"PropertyValueSpecification\",\"valueRequired\":true,\"valueName\":\"search_term_string\"}}],\"inLanguage\":\"fr-FR\"},{\"@type\":\"Organization\",\"@id\":\"https:\\\/\\\/www.icy.nl\\\/fr\\\/#organization\",\"name\":\"I.C.Y. B.V.\",\"url\":\"https:\\\/\\\/www.icy.nl\\\/fr\\\/\",\"logo\":{\"@type\":\"ImageObject\",\"inLanguage\":\"fr-FR\",\"@id\":\"https:\\\/\\\/www.icy.nl\\\/fr\\\/#\\\/schema\\\/logo\\\/image\\\/\",\"url\":\"https:\\\/\\\/www.icy.nl\\\/wp-content\\\/uploads\\\/2016\\\/11\\\/logo-icy.jpg\",\"contentUrl\":\"https:\\\/\\\/www.icy.nl\\\/wp-content\\\/uploads\\\/2016\\\/11\\\/logo-icy.jpg\",\"width\":400,\"height\":101,\"caption\":\"I.C.Y. B.V.\"},\"image\":{\"@id\":\"https:\\\/\\\/www.icy.nl\\\/fr\\\/#\\\/schema\\\/logo\\\/image\\\/\"}}]}<\/script>\n<!-- \/ Yoast SEO plugin. -->","yoast_head_json":{"title":"ICY1845TT Timer Thermostat - ICY","robots":{"index":"index","follow":"follow","max-snippet":"max-snippet:-1","max-image-preview":"max-image-preview:large","max-video-preview":"max-video-preview:-1"},"canonical":"https:\/\/www.icy.nl\/fr\/produit\/icy1845tt-timer-thermostat\/","og_locale":"fr_FR","og_type":"article","og_title":"ICY1845TT Timer Thermostat - ICY","og_description":"Un thermostat \u00e0 \u00e9conomie d'\u00e9nergie avec d\u00e9tecteur de mouvement et capteur de lumi\u00e8re. En l'absence de l'utilisateur, le thermostat baisse automatiquement le chauffage apr\u00e8s un temps d\u00e9fini par le propri\u00e9taire (ex : 2 heures).   D\u00e9tecteur de mouvement  Capteur de lumi\u00e8re - Le chauffage est baiss\u00e9 lorsqu'il fait sombre dans la pi\u00e8ce o\u00f9 se trouve le thermostat.  \u00ab Accueil chaleureux \u00bb - La minuterie peut \u00eatre temporairement annul\u00e9e par le propri\u00e9taire pour permettre le pr\u00e9chauffage du logement.  S\u00e9curit\u00e9 du code PIN  Contr\u00f4le : Marche\/Arr\u00eat - 24 V et OpenTherm\u00ae Pour obtenir des instructions sur la fa\u00e7on de connecter ce thermostat \u00e0 votre chaudi\u00e8re, veuillez visiter cette page : instructions de connexion par marque et type de chaudi\u00e8re. \u20ac244,- hors TVA Ce produit est disponible dans notre boutique en ligne via le lien ci-dessous. Aller \u00e0 ce produit","og_url":"https:\/\/www.icy.nl\/fr\/produit\/icy1845tt-timer-thermostat\/","og_site_name":"ICY","og_image":[{"width":800,"height":800,"url":"https:\/\/www.icy.nl\/wp-content\/uploads\/2018\/02\/1845-energiebesparende-thermostaat-front-2020.jpg","type":"image\/jpeg"}],"twitter_card":"summary_large_image","twitter_misc":{"Dur\u00e9e de lecture estim\u00e9e":"1 minute"},"schema":{"@context":"https:\/\/schema.org","@graph":[{"@type":"WebPage","@id":"https:\/\/www.icy.nl\/fr\/produit\/icy1845tt-timer-thermostat\/","url":"https:\/\/www.icy.nl\/fr\/produit\/icy1845tt-timer-thermostat\/","name":"ICY1845TT Timer Thermostat - ICY","isPartOf":{"@id":"https:\/\/www.icy.nl\/fr\/#website"},"primaryImageOfPage":{"@id":"https:\/\/www.icy.nl\/fr\/produit\/icy1845tt-timer-thermostat\/#primaryimage"},"image":{"@id":"https:\/\/www.icy.nl\/fr\/produit\/icy1845tt-timer-thermostat\/#primaryimage"},"thumbnailUrl":"https:\/\/www.icy.nl\/wp-content\/uploads\/2018\/02\/1845-energiebesparende-thermostaat-front-2020.jpg","datePublished":"2025-01-14T12:35:27+00:00","breadcrumb":{"@id":"https:\/\/www.icy.nl\/fr\/produit\/icy1845tt-timer-thermostat\/#breadcrumb"},"inLanguage":"fr-FR","potentialAction":[{"@type":"ReadAction","target":["https:\/\/www.icy.nl\/fr\/produit\/icy1845tt-timer-thermostat\/"]}]},{"@type":"ImageObject","inLanguage":"fr-FR","@id":"https:\/\/www.icy.nl\/fr\/produit\/icy1845tt-timer-thermostat\/#primaryimage","url":"https:\/\/www.icy.nl\/wp-content\/uploads\/2018\/02\/1845-energiebesparende-thermostaat-front-2020.jpg","contentUrl":"https:\/\/www.icy.nl\/wp-content\/uploads\/2018\/02\/1845-energiebesparende-thermostaat-front-2020.jpg","width":800,"height":800,"caption":"1845 energiebesparende thermostaat"},{"@type":"BreadcrumbList","@id":"https:\/\/www.icy.nl\/fr\/produit\/icy1845tt-timer-thermostat\/#breadcrumb","itemListElement":[{"@type":"ListItem","position":1,"name":"Home","item":"https:\/\/www.icy.nl\/fr\/"},{"@type":"ListItem","position":2,"name":"Produits","item":"https:\/\/www.icy.nl\/fr\/produits\/"},{"@type":"ListItem","position":3,"name":"ICY1845TT Timer Thermostat"}]},{"@type":"WebSite","@id":"https:\/\/www.icy.nl\/fr\/#website","url":"https:\/\/www.icy.nl\/fr\/","name":"ICY","description":"Smartmotica solutions","publisher":{"@id":"https:\/\/www.icy.nl\/fr\/#organization"},"potentialAction":[{"@type":"SearchAction","target":{"@type":"EntryPoint","urlTemplate":"https:\/\/www.icy.nl\/fr\/?s={search_term_string}"},"query-input":{"@type":"PropertyValueSpecification","valueRequired":true,"valueName":"search_term_string"}}],"inLanguage":"fr-FR"},{"@type":"Organization","@id":"https:\/\/www.icy.nl\/fr\/#organization","name":"I.C.Y. B.V.","url":"https:\/\/www.icy.nl\/fr\/","logo":{"@type":"ImageObject","inLanguage":"fr-FR","@id":"https:\/\/www.icy.nl\/fr\/#\/schema\/logo\/image\/","url":"https:\/\/www.icy.nl\/wp-content\/uploads\/2016\/11\/logo-icy.jpg","contentUrl":"https:\/\/www.icy.nl\/wp-content\/uploads\/2016\/11\/logo-icy.jpg","width":400,"height":101,"caption":"I.C.Y. B.V."},"image":{"@id":"https:\/\/www.icy.nl\/fr\/#\/schema\/logo\/image\/"}}]}},"featured_img":"https:\/\/www.icy.nl\/wp-content\/uploads\/2018\/02\/1845-energiebesparende-thermostaat-front-2020.jpg","coauthors":[],"author_meta":{"author_link":"https:\/\/www.icy.nl\/fr\/author\/daniel\/","display_name":"Daniel van de Kamp"},"relative_dates":{"created":"Publi\u00e9 10 ans il y a","modified":"Mis \u00e0 jour 1 an il y a"},"absolute_dates":{"created":"Publi\u00e9 le 9 mai 2016","modified":"Mise \u00e0 jour le 14 janvier 2025"},"absolute_dates_time":{"created":"Publi\u00e9 le 9 mai 2016 14h00","modified":"Mise \u00e0 jour le 14 janvier 2025 13h35"},"featured_img_caption":"","tax_additional":{"product_brand":{"linked":[],"unlinked":[],"slug":"product_brand","name":"Marques"},"product_type":{"linked":["<a href=\"https:\/\/www.icy.nl\/fr\/?taxonomy=product_type&#038;term=simple\" class=\"advgb-post-tax-term\">simple<\/a>"],"unlinked":["<span class=\"advgb-post-tax-term\">simple<\/span>"],"slug":"product_type","name":"Type de produit"},"product_visibility":{"linked":[],"unlinked":[],"slug":"product_visibility","name":"Visibilit\u00e9 du produit"},"product_cat":{"linked":["<a href=\"https:\/\/www.icy.nl\/fr\/product-categorie\/logement-etudiant\/\" class=\"advgb-post-tax-term\">Logement \u00e9tudiant<\/a>","<a href=\"https:\/\/www.icy.nl\/fr\/product-categorie\/controles-de-temperature\/\" class=\"advgb-post-tax-term\">contr\u00f4les de temp\u00e9rature<\/a>"],"unlinked":["<span class=\"advgb-post-tax-term\">Logement \u00e9tudiant<\/span>","<span class=\"advgb-post-tax-term\">contr\u00f4les de temp\u00e9rature<\/span>"],"slug":"product_cat","name":"Cat\u00e9gories de produits"},"product_tag":{"linked":[],"unlinked":[],"slug":"product_tag","name":"\u00c9tiquettes produit"},"product_shipping_class":{"linked":["<a href=\"https:\/\/www.icy.nl\/fr\/?taxonomy=product_shipping_class&#038;term=paquet-normal\" class=\"advgb-post-tax-term\">Paquet normal<\/a>"],"unlinked":["<span class=\"advgb-post-tax-term\">Paquet normal<\/span>"],"slug":"product_shipping_class","name":"Classe d\u2019exp\u00e9dition du produit"},"pos_product_visibility":{"linked":[],"unlinked":[],"slug":"pos_product_visibility","name":"Visibilit\u00e9 du produit sur le point de vente"},"translation_priority":{"linked":["<a href=\"https:\/\/www.icy.nl\/fr\/?taxonomy=translation_priority&#038;term=hoge-prioriteit-fr\" class=\"advgb-post-tax-term\">hoge prioriteit<\/a>"],"unlinked":["<span class=\"advgb-post-tax-term\">hoge prioriteit<\/span>"],"slug":"translation_priority","name":"Priorit\u00e9s de traduction"}},"series_order":"","_links":{"self":[{"href":"https:\/\/www.icy.nl\/fr\/wp-json\/wp\/v2\/product\/57668","targetHints":{"allow":["GET"]}}],"collection":[{"href":"https:\/\/www.icy.nl\/fr\/wp-json\/wp\/v2\/product"}],"about":[{"href":"https:\/\/www.icy.nl\/fr\/wp-json\/wp\/v2\/types\/product"}],"wp:featuredmedia":[{"embeddable":true,"href":"https:\/\/www.icy.nl\/fr\/wp-json\/wp\/v2\/media\/32462"}],"wp:attachment":[{"href":"https:\/\/www.icy.nl\/fr\/wp-json\/wp\/v2\/media?parent=57668"}],"wp:term":[{"taxonomy":"product_brand","embeddable":true,"href":"https:\/\/www.icy.nl\/fr\/wp-json\/wp\/v2\/product_brand?post=57668"},{"taxonomy":"product_cat","embeddable":true,"href":"https:\/\/www.icy.nl\/fr\/wp-json\/wp\/v2\/product_cat?post=57668"},{"taxonomy":"product_tag","embeddable":true,"href":"https:\/\/www.icy.nl\/fr\/wp-json\/wp\/v2\/product_tag?post=57668"}],"curies":[{"name":"wp","href":"https:\/\/api.w.org\/{rel}","templated":true}]}}